{"id":1698,"date":"2022-01-18T16:22:01","date_gmt":"2022-01-18T16:22:01","guid":{"rendered":"https:\/\/www.riverpharma.it\/product\/lenifast-plus\/"},"modified":"2022-07-06T14:52:13","modified_gmt":"2022-07-06T14:52:13","slug":"lenifast-plus","status":"publish","type":"product","link":"https:\/\/www.riverpharma.it\/es\/producto\/lenifast-plus\/","title":{"rendered":"LENIFAST PLUS"},"content":{"rendered":"<section id=\"block_featuredproducts\" class=\"section is-medium\"><div class=\"container is-smaller has-text-centered\">\n    <h2 class=\"title is-2 has-text-primary-dark is-spaced\">Tambi\u00e9n podr\u00eda interesarle:<\/h2>\n    <p class=\"subtitle\">Los productos de River Pharma representan un avance para la Comunidad M\u00e9dico-Cient\u00edfica, as\u00ed como la respuesta a las dolencias y enfermedades m\u00e1s extendidas en el mundo.<\/p>\n  <\/div><div class=\"container is-max-widescreen my-7\"><div class=\"swiper\"><div class=\"swiper-wrapper\"><!-- Block Featured Products -->\n<div class=\"swiper-slide py-6\">\n  <article class=\"columns\">\n    <figure class=\"column\">\n      <img decoding=\"async\" src=\"https:\/\/www.riverpharma.it\/wp-content\/uploads\/2022\/01\/Syalox-300_edo.png\" alt=\"SYALOX 300 PLUS\">\n    <\/figure>\n    <div class=\"column content\">\n      <h3 class=\"\">SYALOX 300 PLUS<\/h3>\n      <p>Syalox 300 Plus est\u00e1 indicado en todas las situaciones cl\u00ednicas caracterizadas por dolor articular y movilidad reducida.<\/p>\n      <a class=\"link has-text-link\" href=\"https:\/\/www.riverpharma.it\/es\/producto\/syalox-300-plus\/\">Descubre el producto<\/a>\n    <\/div>\n  <\/article>\n<\/div><!-- Block Featured Products -->\n<div class=\"swiper-slide py-6\">\n  <article class=\"columns\">\n    <figure class=\"column\">\n      <img decoding=\"async\" src=\"https:\/\/www.riverpharma.it\/wp-content\/uploads\/2022\/01\/nevralcar-duo-1.png\" alt=\"NEVRALCAR DUO\">\n    <\/figure>\n    <div class=\"column content\">\n      <h3 class=\"\">NEVRALCAR DUO<\/h3>\n      <p>La sinergia de los dos ingredientes activos permite el control del dolor en todas aquellas situaciones cl\u00ednicas caracterizadas por neuropat\u00eda, tanto de origen articular como de origen metab\u00f3lico.<\/p>\n      <a class=\"link has-text-link\" href=\"https:\/\/www.riverpharma.it\/es\/producto\/nevralcar-duo\/\">Descubre el producto<\/a>\n    <\/div>\n  <\/article>\n<\/div><\/div><div class=\"swiper-pagination\"><\/div><\/div><\/div><\/section>\n\n<section id=\"block_categories\" class=\"section is-medium\"><div class=\"container has-text-centered\"><h2 class=\"title is-2 has-text-primary\">River Pharma: Healthcare is Our Passion<\/h2><div class=\"columns mt-6\"><div class=\"column\">\n<div class=\"is-shadow is-radius\">\n    <div class=\"box\">\n    <div class=\"box-inner content\">\n        <h3 class=\"title is-4 has-text-primary is-uppercase has-text-weight-semibold\">Nutrac\u00e9uticos<\/h3>\n        <div class=\"icon is-large mb-4\"><img decoding=\"async\" src=\"https:\/\/www.riverpharma.it\/wp-content\/uploads\/2021\/12\/ico-nutraceutici.png\" alt=\"\"><\/div>\n        <p><span style=\"font-weight: 400\">Productos de \u00faltima generaci\u00f3n a base de \u00c1cido Hialur\u00f3nico de alto peso molecular obtenido mediante tecnolog\u00eda de biofermentaci\u00f3n, que destacan por su eficacia probada en 5 \u00e1reas terap\u00e9uticas distintas.<\/span><\/p>\n        <a class=\"link has-text-link-dark\" href=\"\/es\/nutraceuticos\/\">Saber m\u00e1s<\/a>\n    <\/div>\n    <\/div>\n<\/div>\n<\/div><div class=\"column\">\n<div class=\"is-shadow is-radius\">\n    <div class=\"box\">\n    <div class=\"box-inner content\">\n        <h3 class=\"title is-4 has-text-primary is-uppercase has-text-weight-semibold\">Dispositivos m\u00e9dicos<\/h3>\n        <div class=\"icon is-large mb-4\"><img decoding=\"async\" src=\"https:\/\/www.riverpharma.it\/wp-content\/uploads\/2021\/12\/ico-dispositivi-medici.png\" alt=\"\"><\/div>\n        <p><span style=\"font-weight: 400\">Dispositivos m\u00e9dicos de \u00faltima generaci\u00f3n a base de \u00c1cido Hialur\u00f3nico de alto peso molecular 2 mil D, de uso inyectable, eficaces para el tratamiento y prevenci\u00f3n de patolog\u00edas osteoarticulares ligadas al envejecimiento y para el tratamiento de traumatismos agudos.<\/span><\/p>\n        <a class=\"link has-text-link-dark\" href=\"\/es\/dispositivos-medicos\/\">Saber m\u00e1s<\/a>\n    <\/div>\n    <\/div>\n<\/div>\n<\/div><div class=\"column\">\n<div class=\"is-shadow is-radius\">\n    <div class=\"box\">\n    <div class=\"box-inner content\">\n        <h3 class=\"title is-4 has-text-primary is-uppercase has-text-weight-semibold\">Dermocosm\u00e9tica<\/h3>\n        <div class=\"icon is-large mb-4\"><img decoding=\"async\" src=\"https:\/\/www.riverpharma.it\/wp-content\/uploads\/2021\/12\/ico-cosmetici.png\" alt=\"\"><\/div>\n        <p><span style=\"font-weight: 400\">Productos que contienen, entre otros, \u00c1cidos Hialur\u00f3nicos con una cuidada selecci\u00f3n de peso molecular, que se caracterizan por su eficacia antienvejecimiento.<\/span><\/p>\n        <a class=\"link has-text-link-dark\" href=\"\/es\/dermocosmetica\/\">Saber m\u00e1s<\/a>\n    <\/div>\n    <\/div>\n<\/div>\n<\/div><\/div><\/div><\/div><\/section>\n\n<section id=\"block_latestnews\" class=\"section is-medium has-background-primary\">\n<div class=\"container is-smaller has-text-centered\">\n            <h2 class=\"title is-2 has-text-primary-dark is-spaced\">\n            &lt;strong&gt;La ciencia informa: &lt;\/strong&gt;El blog de River Pharma        <\/h2>\n    \n            <p class=\"subtitle\">\n            Mant\u00e9ngase actualizado, obtenga m\u00e1s informaci\u00f3n sobre la investigaci\u00f3n y los conocimientos de los miembros m\u00e1s autorizados de la comunidad m\u00e9dico-cient\u00edfica internacional.        <\/p>\n    <\/div>\n<div class=\"container is-fluid my-6 px-0\"><div class=\"swiper\"><div class=\"swiper-wrapper\"><div class=\"swiper-slide py-6\">\n    <article class=\"columns is-vcentered column-responsive\">\n    <a href=\"https:\/\/www.riverpharma.it\/es\/bienestar-de-las-articulaciones-los-beneficios-del-acido-hialuronico\/\" alt=\"Bienestar de las articulaciones: los beneficios del \u00e1cido hialur\u00f3nico\">\n        <figure class=\"column\">\n            <img decoding=\"async\" src=\"https:\/\/www.riverpharma.it\/wp-content\/uploads\/2022\/07\/850x485-benessere-articolazioni.jpg\" alt=\"Bienestar de las articulaciones: los beneficios del \u00e1cido hialur\u00f3nico\">\n        <\/figure>\n    <\/a>\n    <div class=\"column content\">\n        <a href=\"https:\/\/www.riverpharma.it\/es\/bienestar-de-las-articulaciones-los-beneficios-del-acido-hialuronico\/\" alt=\"Bienestar de las articulaciones: los beneficios del \u00e1cido hialur\u00f3nico\">\n            <h3 class=\"is-uppercase has-text-white\">Bienestar de las articulaciones: los beneficios del \u00e1cido hialur\u00f3nico<\/h3>\n        <\/a>\n        <div class=\"post-meta mb-5\">\n        <span class=\"post-meta-data has-text-white\">18 de julio de 2022<\/span>\n        <!-- <span class=\"post-meta-author has-text-ocean\">Filippo Colca<\/span> -->\n        <div class=\"post-meta-time icon-text has-text-white\">\n            <span class=\"icon mr-0 is-justify-content-flex-start\"><img decoding=\"async\" src=\"https:\/\/www.riverpharma.it\/wp-content\/themes\/riverpharma\/assets\/img\/icons\/ico-time.svg\" alt=\"\"><\/span>\n            <span>5 min.<\/span>\n        <\/div>\n        <\/div>\n        <div class=\"post-content has-text-white\">\n            <p class=\"post-paragraph-mobile\">El \u00e1cido hialur\u00f3nico tambi\u00e9n es muy eficaz para las articulaciones. Act\u00faa como amortiguador de choque mec\u00e1nico y como lubricante, ayudando as\u00ed a prevenir da\u00f1os en los tejidos, a menudo debido al estr\u00e9s f\u00edsico.<\/p>\n            <a class=\"link has-text-link-light\" href=\"https:\/\/www.riverpharma.it\/es\/bienestar-de-las-articulaciones-los-beneficios-del-acido-hialuronico\/\">Sigue leyendo<\/a>\n        <\/div>\n    <\/div>\n    <\/article>\n<\/div><div class=\"swiper-slide py-6\">\n    <article class=\"columns is-vcentered column-responsive\">\n    <a href=\"https:\/\/www.riverpharma.it\/es\/bienestar-de-los-huesos-propiedades-y-beneficios-del-silicio\/\" alt=\"Bienestar de los huesos: propiedades y beneficios del silicio\">\n        <figure class=\"column\">\n            <img decoding=\"async\" src=\"https:\/\/www.riverpharma.it\/wp-content\/uploads\/2022\/07\/850x485-benessere-ossa.jpg\" alt=\"Bienestar de los huesos: propiedades y beneficios del silicio\">\n        <\/figure>\n    <\/a>\n    <div class=\"column content\">\n        <a href=\"https:\/\/www.riverpharma.it\/es\/bienestar-de-los-huesos-propiedades-y-beneficios-del-silicio\/\" alt=\"Bienestar de los huesos: propiedades y beneficios del silicio\">\n            <h3 class=\"is-uppercase has-text-white\">Bienestar de los huesos: propiedades y beneficios del silicio<\/h3>\n        <\/a>\n        <div class=\"post-meta mb-5\">\n        <span class=\"post-meta-data has-text-white\">18 de julio de 2022<\/span>\n        <!-- <span class=\"post-meta-author has-text-ocean\">Filippo Colca<\/span> -->\n        <div class=\"post-meta-time icon-text has-text-white\">\n            <span class=\"icon mr-0 is-justify-content-flex-start\"><img decoding=\"async\" src=\"https:\/\/www.riverpharma.it\/wp-content\/themes\/riverpharma\/assets\/img\/icons\/ico-time.svg\" alt=\"\"><\/span>\n            <span>4 min.<\/span>\n        <\/div>\n        <\/div>\n        <div class=\"post-content has-text-white\">\n            <p class=\"post-paragraph-mobile\">El silicio es fundamental para nuestro organismo porque es parte integrante de los tejidos y contribuye a la constituci\u00f3n de huesos y cart\u00edlagos articulares, as\u00ed como a la formaci\u00f3n de los tejidos conectivos.<\/p>\n            <a class=\"link has-text-link-light\" href=\"https:\/\/www.riverpharma.it\/es\/bienestar-de-los-huesos-propiedades-y-beneficios-del-silicio\/\">Sigue leyendo<\/a>\n        <\/div>\n    <\/div>\n    <\/article>\n<\/div><div class=\"swiper-slide py-6\">\n    <article class=\"columns is-vcentered column-responsive\">\n    <a href=\"https:\/\/www.riverpharma.it\/es\/menopausia-y-osteoporosis-que-causa-la-perdida-de-tejido-oseo\/\" alt=\"Menopausia y osteoporosis: \u00bfqu\u00e9 causa la p\u00e9rdida de tejido \u00f3seo?\">\n        <figure class=\"column\">\n            <img decoding=\"async\" src=\"https:\/\/www.riverpharma.it\/wp-content\/uploads\/2022\/07\/850x485-menopausa-e-osteoporosi.jpg\" alt=\"Menopausia y osteoporosis: \u00bfqu\u00e9 causa la p\u00e9rdida de tejido \u00f3seo?\">\n        <\/figure>\n    <\/a>\n    <div class=\"column content\">\n        <a href=\"https:\/\/www.riverpharma.it\/es\/menopausia-y-osteoporosis-que-causa-la-perdida-de-tejido-oseo\/\" alt=\"Menopausia y osteoporosis: \u00bfqu\u00e9 causa la p\u00e9rdida de tejido \u00f3seo?\">\n            <h3 class=\"is-uppercase has-text-white\">Menopausia y osteoporosis: \u00bfqu\u00e9 causa la p\u00e9rdida de tejido \u00f3seo?<\/h3>\n        <\/a>\n        <div class=\"post-meta mb-5\">\n        <span class=\"post-meta-data has-text-white\">18 de julio de 2022<\/span>\n        <!-- <span class=\"post-meta-author has-text-ocean\">Filippo Colca<\/span> -->\n        <div class=\"post-meta-time icon-text has-text-white\">\n            <span class=\"icon mr-0 is-justify-content-flex-start\"><img decoding=\"async\" src=\"https:\/\/www.riverpharma.it\/wp-content\/themes\/riverpharma\/assets\/img\/icons\/ico-time.svg\" alt=\"\"><\/span>\n            <span>7 min.<\/span>\n        <\/div>\n        <\/div>\n        <div class=\"post-content has-text-white\">\n            <p class=\"post-paragraph-mobile\">Desafortunadamente para todas las mujeres que est\u00e1n en menopausia la osteoporosis es una triste realidad que tarde o temprano se har\u00e1 cada vez m\u00e1s presente en sus vidas, esto es a\u00fan m\u00e1s cierto en todos aquellos que ya tienen una predisposici\u00f3n gen\u00e9tica hacia esta enfermedad degenerativa de los huesos.<\/p>\n            <a class=\"link has-text-link-light\" href=\"https:\/\/www.riverpharma.it\/es\/menopausia-y-osteoporosis-que-causa-la-perdida-de-tejido-oseo\/\">Sigue leyendo<\/a>\n        <\/div>\n    <\/div>\n    <\/article>\n<\/div><\/div><div class=\"swiper-pagination\"><\/div><\/div><\/div><\/section>","protected":false},"excerpt":{"rendered":"","protected":false},"featured_media":927,"comment_status":"closed","ping_status":"closed","template":"","meta":{"_acf_changed":false},"product_brand":[],"product_cat":[84],"product_tag":[87],"class_list":{"0":"post-1698","1":"product","2":"type-product","3":"status-publish","4":"has-post-thumbnail","6":"product_cat-bienestar-osteoarticular","7":"product_tag-nutraceuticos","9":"first","10":"instock","11":"shipping-taxable","12":"product-type-simple"},"acf":[],"yoast_head":"<!-- This site is optimized with the Yoast SEO plugin v27.4 - https:\/\/yoast.com\/product\/yoast-seo-wordpress\/ -->\n<title>LENIFAST PLUS - River Pharma<\/title>\n<meta name=\"robots\" content=\"index, follow, max-snippet:-1, max-image-preview:large, max-video-preview:-1\" \/>\n<link rel=\"canonical\" href=\"https:\/\/www.riverpharma.it\/es\/producto\/lenifast-plus\/\" \/>\n<meta property=\"og:locale\" content=\"es_ES\" \/>\n<meta property=\"og:type\" content=\"article\" \/>\n<meta property=\"og:title\" content=\"LENIFAST PLUS - River Pharma\" \/>\n<meta property=\"og:url\" content=\"https:\/\/www.riverpharma.it\/es\/producto\/lenifast-plus\/\" \/>\n<meta property=\"og:site_name\" content=\"River Pharma\" \/>\n<meta property=\"article:modified_time\" content=\"2022-07-06T14:52:13+00:00\" \/>\n<meta property=\"og:image\" content=\"https:\/\/www.riverpharma.it\/wp-content\/uploads\/2022\/01\/lenifast-plus-new.png\" \/>\n\t<meta property=\"og:image:width\" content=\"415\" \/>\n\t<meta property=\"og:image:height\" content=\"342\" \/>\n\t<meta property=\"og:image:type\" content=\"image\/png\" \/>\n<meta name=\"twitter:card\" content=\"summary_large_image\" \/>\n<script type=\"application\/ld+json\" class=\"yoast-schema-graph\">{\"@context\":\"https:\\\/\\\/schema.org\",\"@graph\":[{\"@type\":\"WebPage\",\"@id\":\"https:\\\/\\\/www.riverpharma.it\\\/es\\\/producto\\\/lenifast-plus\\\/\",\"url\":\"https:\\\/\\\/www.riverpharma.it\\\/es\\\/producto\\\/lenifast-plus\\\/\",\"name\":\"LENIFAST PLUS - River Pharma\",\"isPartOf\":{\"@id\":\"https:\\\/\\\/www.riverpharma.it\\\/#website\"},\"primaryImageOfPage\":{\"@id\":\"https:\\\/\\\/www.riverpharma.it\\\/es\\\/producto\\\/lenifast-plus\\\/#primaryimage\"},\"image\":{\"@id\":\"https:\\\/\\\/www.riverpharma.it\\\/es\\\/producto\\\/lenifast-plus\\\/#primaryimage\"},\"thumbnailUrl\":\"https:\\\/\\\/www.riverpharma.it\\\/wp-content\\\/uploads\\\/2022\\\/01\\\/lenifast-plus-new.png\",\"datePublished\":\"2022-01-18T16:22:01+00:00\",\"dateModified\":\"2022-07-06T14:52:13+00:00\",\"breadcrumb\":{\"@id\":\"https:\\\/\\\/www.riverpharma.it\\\/es\\\/producto\\\/lenifast-plus\\\/#breadcrumb\"},\"inLanguage\":\"es\",\"potentialAction\":[{\"@type\":\"ReadAction\",\"target\":[\"https:\\\/\\\/www.riverpharma.it\\\/es\\\/producto\\\/lenifast-plus\\\/\"]}]},{\"@type\":\"ImageObject\",\"inLanguage\":\"es\",\"@id\":\"https:\\\/\\\/www.riverpharma.it\\\/es\\\/producto\\\/lenifast-plus\\\/#primaryimage\",\"url\":\"https:\\\/\\\/www.riverpharma.it\\\/wp-content\\\/uploads\\\/2022\\\/01\\\/lenifast-plus-new.png\",\"contentUrl\":\"https:\\\/\\\/www.riverpharma.it\\\/wp-content\\\/uploads\\\/2022\\\/01\\\/lenifast-plus-new.png\",\"width\":415,\"height\":342},{\"@type\":\"BreadcrumbList\",\"@id\":\"https:\\\/\\\/www.riverpharma.it\\\/es\\\/producto\\\/lenifast-plus\\\/#breadcrumb\",\"itemListElement\":[{\"@type\":\"ListItem\",\"position\":1,\"name\":\"Home\",\"item\":\"https:\\\/\\\/www.riverpharma.it\\\/es\\\/\"},{\"@type\":\"ListItem\",\"position\":2,\"name\":\"Shop\",\"item\":\"https:\\\/\\\/www.riverpharma.it\\\/negozio\\\/\"},{\"@type\":\"ListItem\",\"position\":3,\"name\":\"\u00c1reas terap\u00e9uticas\",\"item\":\"https:\\\/\\\/www.riverpharma.it\\\/es\\\/categoria-producto\\\/areas-terapeuticas\\\/\"},{\"@type\":\"ListItem\",\"position\":4,\"name\":\"Bienestar osteoarticular\",\"item\":\"https:\\\/\\\/www.riverpharma.it\\\/es\\\/categoria-producto\\\/areas-terapeuticas\\\/bienestar-osteoarticular\\\/\"},{\"@type\":\"ListItem\",\"position\":5,\"name\":\"LENIFAST PLUS\"}]},{\"@type\":\"WebSite\",\"@id\":\"https:\\\/\\\/www.riverpharma.it\\\/#website\",\"url\":\"https:\\\/\\\/www.riverpharma.it\\\/\",\"name\":\"River Pharma\",\"description\":\"\",\"potentialAction\":[{\"@type\":\"SearchAction\",\"target\":{\"@type\":\"EntryPoint\",\"urlTemplate\":\"https:\\\/\\\/www.riverpharma.it\\\/?s={search_term_string}\"},\"query-input\":{\"@type\":\"PropertyValueSpecification\",\"valueRequired\":true,\"valueName\":\"search_term_string\"}}],\"inLanguage\":\"es\"}]}<\/script>\n<!-- \/ Yoast SEO plugin. -->","yoast_head_json":{"title":"LENIFAST PLUS - River Pharma","robots":{"index":"index","follow":"follow","max-snippet":"max-snippet:-1","max-image-preview":"max-image-preview:large","max-video-preview":"max-video-preview:-1"},"canonical":"https:\/\/www.riverpharma.it\/es\/producto\/lenifast-plus\/","og_locale":"es_ES","og_type":"article","og_title":"LENIFAST PLUS - River Pharma","og_url":"https:\/\/www.riverpharma.it\/es\/producto\/lenifast-plus\/","og_site_name":"River Pharma","article_modified_time":"2022-07-06T14:52:13+00:00","og_image":[{"width":415,"height":342,"url":"https:\/\/www.riverpharma.it\/wp-content\/uploads\/2022\/01\/lenifast-plus-new.png","type":"image\/png"}],"twitter_card":"summary_large_image","schema":{"@context":"https:\/\/schema.org","@graph":[{"@type":"WebPage","@id":"https:\/\/www.riverpharma.it\/es\/producto\/lenifast-plus\/","url":"https:\/\/www.riverpharma.it\/es\/producto\/lenifast-plus\/","name":"LENIFAST PLUS - River Pharma","isPartOf":{"@id":"https:\/\/www.riverpharma.it\/#website"},"primaryImageOfPage":{"@id":"https:\/\/www.riverpharma.it\/es\/producto\/lenifast-plus\/#primaryimage"},"image":{"@id":"https:\/\/www.riverpharma.it\/es\/producto\/lenifast-plus\/#primaryimage"},"thumbnailUrl":"https:\/\/www.riverpharma.it\/wp-content\/uploads\/2022\/01\/lenifast-plus-new.png","datePublished":"2022-01-18T16:22:01+00:00","dateModified":"2022-07-06T14:52:13+00:00","breadcrumb":{"@id":"https:\/\/www.riverpharma.it\/es\/producto\/lenifast-plus\/#breadcrumb"},"inLanguage":"es","potentialAction":[{"@type":"ReadAction","target":["https:\/\/www.riverpharma.it\/es\/producto\/lenifast-plus\/"]}]},{"@type":"ImageObject","inLanguage":"es","@id":"https:\/\/www.riverpharma.it\/es\/producto\/lenifast-plus\/#primaryimage","url":"https:\/\/www.riverpharma.it\/wp-content\/uploads\/2022\/01\/lenifast-plus-new.png","contentUrl":"https:\/\/www.riverpharma.it\/wp-content\/uploads\/2022\/01\/lenifast-plus-new.png","width":415,"height":342},{"@type":"BreadcrumbList","@id":"https:\/\/www.riverpharma.it\/es\/producto\/lenifast-plus\/#breadcrumb","itemListElement":[{"@type":"ListItem","position":1,"name":"Home","item":"https:\/\/www.riverpharma.it\/es\/"},{"@type":"ListItem","position":2,"name":"Shop","item":"https:\/\/www.riverpharma.it\/negozio\/"},{"@type":"ListItem","position":3,"name":"\u00c1reas terap\u00e9uticas","item":"https:\/\/www.riverpharma.it\/es\/categoria-producto\/areas-terapeuticas\/"},{"@type":"ListItem","position":4,"name":"Bienestar osteoarticular","item":"https:\/\/www.riverpharma.it\/es\/categoria-producto\/areas-terapeuticas\/bienestar-osteoarticular\/"},{"@type":"ListItem","position":5,"name":"LENIFAST PLUS"}]},{"@type":"WebSite","@id":"https:\/\/www.riverpharma.it\/#website","url":"https:\/\/www.riverpharma.it\/","name":"River Pharma","description":"","potentialAction":[{"@type":"SearchAction","target":{"@type":"EntryPoint","urlTemplate":"https:\/\/www.riverpharma.it\/?s={search_term_string}"},"query-input":{"@type":"PropertyValueSpecification","valueRequired":true,"valueName":"search_term_string"}}],"inLanguage":"es"}]}},"_links":{"self":[{"href":"https:\/\/www.riverpharma.it\/es\/wp-json\/wp\/v2\/product\/1698","targetHints":{"allow":["GET"]}}],"collection":[{"href":"https:\/\/www.riverpharma.it\/es\/wp-json\/wp\/v2\/product"}],"about":[{"href":"https:\/\/www.riverpharma.it\/es\/wp-json\/wp\/v2\/types\/product"}],"replies":[{"embeddable":true,"href":"https:\/\/www.riverpharma.it\/es\/wp-json\/wp\/v2\/comments?post=1698"}],"wp:featuredmedia":[{"embeddable":true,"href":"https:\/\/www.riverpharma.it\/es\/wp-json\/wp\/v2\/media\/927"}],"wp:attachment":[{"href":"https:\/\/www.riverpharma.it\/es\/wp-json\/wp\/v2\/media?parent=1698"}],"wp:term":[{"taxonomy":"product_brand","embeddable":true,"href":"https:\/\/www.riverpharma.it\/es\/wp-json\/wp\/v2\/product_brand?post=1698"},{"taxonomy":"product_cat","embeddable":true,"href":"https:\/\/www.riverpharma.it\/es\/wp-json\/wp\/v2\/product_cat?post=1698"},{"taxonomy":"product_tag","embeddable":true,"href":"https:\/\/www.riverpharma.it\/es\/wp-json\/wp\/v2\/product_tag?post=1698"}],"curies":[{"name":"wp","href":"https:\/\/api.w.org\/{rel}","templated":true}]}}