{"id":1648,"date":"2022-02-02T09:54:38","date_gmt":"2022-02-02T09:54:38","guid":{"rendered":"https:\/\/www.riverpharma.it\/benessere-della-pelle\/"},"modified":"2022-07-05T11:12:32","modified_gmt":"2022-07-05T11:12:32","slug":"bienestar-de-la-piel","status":"publish","type":"page","link":"https:\/\/www.riverpharma.it\/es\/bienestar-de-la-piel\/","title":{"rendered":"Bienestar de la piel"},"content":{"rendered":"<!-- Block Hero -->\n<section id=\"block_hero\" class=\"hero is-primary is-large has-background\" style=\"background-image: url('https:\/\/www.riverpharma.it\/wp-content\/uploads\/2022\/05\/benessere-pelle.jpg');\">\n    <!-- <img decoding=\"async\" class=\"hero-background\" src=\"https:\/\/www.riverpharma.it\/wp-content\/uploads\/2022\/05\/benessere-pelle.jpg\" alt=\"Bienestar de la piel\"> -->\n    <div class=\"hero-body\">\n      <div class=\"container\">\n        <nav class=\"breadcrumb is-small\" aria-label=\"breadcrumbs\"><ul><li><a href=\"https:\/\/www.riverpharma.it\/es\/\">Home<\/a><\/li><li class=\"is-active\"><a href=\"https:\/\/www.riverpharma.it\/es\/wp-json\/wp\/v2\/pages\/1648\/\" aria-current=\"page\">Home<\/a><\/li><\/ul><\/nav>        <div class=\"columns is-align-items-end\">\n          <div class=\"column is-7\">\n            <div class=\"content\" id=\"hero-description\">\n              <h1 class=\"title is-1 has-text-ocean is-spaced\">Bienestar de la piel<\/h1>\n              <p><p>Una piel intacta y sana es otro de los objetivos de River Pharma. Dentro de nuestros laboratorios hemos desarrollado una formulaci\u00f3n innovadora y eficaz para asegurar la salud de las pieles con tendencia acneica para favorecer la eliminaci\u00f3n de espinillas, purificar, combatir las rojeces, normalizar la secreci\u00f3n seb\u00e1cea y reducir la sensaci\u00f3n de picor. <\/p>\n<p>River Pharma tambi\u00e9n se preocupa por todas aquellas personas que, tras haber sido operadas o haber sufrido un accidente, ven su cicatriz adquirir un aspecto desagradable con un impacto negativo en la vida social. El estudio y desarrollo de un cosm\u00e9tico \u00fatil para reducir las manchas cicatriciales permite a River Pharma ser de apoyo en estos casos.<\/p>\n<\/p>\n            <\/div>\n            <a href=\"javascript:void(0);\" id=\"chev-down-wrapper\" class=\"read-more\">\n              <div class=\"read-more-text-wrapper\">\n                <small id=\"read-more-text\">lee mas<\/small>\n              <\/div>\n              <svg id=\"chev-img\" width=\"72\" height=\"19\" viewBox=\"0 0 72 19\" fill=\"none\" xmlns=\"http:\/\/www.w3.org\/2000\/svg\">\n                <path d=\"M0 1H19.5L36 17.5L52.5 1H72\" stroke=\"#fff\" stroke-width=\"1\"\/>\n              <\/svg> \n            <\/a>\n          <\/div>\n        <\/div>\n      <\/div>\n    <\/div>\n<\/section>\n\n<section id=\"block_listingproducts\" class=\"section is-medium\"><div class=\"container is-max-widescreen\"><div class=\"products-listing\"><div class=\"gutter-sizer\"><\/div><div class=\"product-item mb-7 osteorticolare\">\n    <article class=\"columns\">\n        <a href=\"https:\/\/www.riverpharma.it\/es\/producto\/levicika\/\" alt=\"LEVICIKA\">\n            <figure class=\"column\">\n                <img decoding=\"async\" src=\"https:\/\/www.riverpharma.it\/wp-content\/uploads\/2022\/01\/levicika-new.png\" alt=\"LEVICIKA\">\n            <\/figure>\n        <\/a>\n        <div class=\"column content\">\n            <a href=\"https:\/\/www.riverpharma.it\/es\/producto\/levicika\/\" alt=\"LEVICIKA\">\n                <h3 class=\"\">LEVICIKA<\/h3>\n            <\/a>\n            <p>Levicika es una formulaci\u00f3n en crema que ayuda a reducir los signos visibles de las cicatrices hipertr\u00f3ficas y queloides.<\/p>\n            <a class=\"link has-text-link\" href=\"https:\/\/www.riverpharma.it\/es\/producto\/levicika\/\">Descubre el producto<\/a>\n        <\/div>\n    <\/article>\n<\/div><\/div><\/div><\/section>\n\n\n<div class=\"wp-block-columns azienda-wrapper is-layout-flex wp-container-core-columns-is-layout-9d6595d7 wp-block-columns-is-layout-flex\">\n<div class=\"wp-block-column is-layout-flow wp-block-column-is-layout-flow\">\n<div class=\"wp-block-buttons is-content-justification-center is-layout-flex wp-container-core-buttons-is-layout-16018d1d wp-block-buttons-is-layout-flex\">\n<div class=\"wp-block-button is-style-outline btn-azienda is-style-outline--1\"><a class=\"wp-block-button__link has-text-color\" href=\"https:\/\/www.riverpharma.it\/es\/areas-terapeuticas\/\" style=\"color:#0f78a9\"><strong>Volver \u00c1reas terap\u00e9uticas<\/strong><\/a><\/div>\n<\/div>\n<\/div>\n<\/div>\n\n\n<section id=\"block_latestnews\" class=\"section is-medium has-background-primary\">\n<div class=\"container is-smaller has-text-centered\">\n            <h2 class=\"title is-2 has-text-primary-dark is-spaced\">\n            &lt;strong&gt;La ciencia informa: &lt;\/strong&gt;El blog de River Pharma        <\/h2>\n    \n    <\/div>\n<div class=\"container is-fluid my-6 px-0\"><div class=\"swiper\"><div class=\"swiper-wrapper\"><div class=\"swiper-slide py-6\">\n    <article class=\"columns is-vcentered column-responsive\">\n    <a href=\"https:\/\/www.riverpharma.it\/es\/bienestar-de-las-articulaciones-los-beneficios-del-acido-hialuronico\/\" alt=\"Bienestar de las articulaciones: los beneficios del \u00e1cido hialur\u00f3nico\">\n        <figure class=\"column\">\n            <img decoding=\"async\" src=\"https:\/\/www.riverpharma.it\/wp-content\/uploads\/2022\/07\/850x485-benessere-articolazioni.jpg\" alt=\"Bienestar de las articulaciones: los beneficios del \u00e1cido hialur\u00f3nico\">\n        <\/figure>\n    <\/a>\n    <div class=\"column content\">\n        <a href=\"https:\/\/www.riverpharma.it\/es\/bienestar-de-las-articulaciones-los-beneficios-del-acido-hialuronico\/\" alt=\"Bienestar de las articulaciones: los beneficios del \u00e1cido hialur\u00f3nico\">\n            <h3 class=\"is-uppercase has-text-white\">Bienestar de las articulaciones: los beneficios del \u00e1cido hialur\u00f3nico<\/h3>\n        <\/a>\n        <div class=\"post-meta mb-5\">\n        <span class=\"post-meta-data has-text-white\">18 de julio de 2022<\/span>\n        <!-- <span class=\"post-meta-author has-text-ocean\">Filippo Colca<\/span> -->\n        <div class=\"post-meta-time icon-text has-text-white\">\n            <span class=\"icon mr-0 is-justify-content-flex-start\"><img decoding=\"async\" src=\"https:\/\/www.riverpharma.it\/wp-content\/themes\/riverpharma\/assets\/img\/icons\/ico-time.svg\" alt=\"\"><\/span>\n            <span>5 min.<\/span>\n        <\/div>\n        <\/div>\n        <div class=\"post-content has-text-white\">\n            <p class=\"post-paragraph-mobile\">El \u00e1cido hialur\u00f3nico tambi\u00e9n es muy eficaz para las articulaciones. Act\u00faa como amortiguador de choque mec\u00e1nico y como lubricante, ayudando as\u00ed a prevenir da\u00f1os en los tejidos, a menudo debido al estr\u00e9s f\u00edsico.<\/p>\n            <a class=\"link has-text-link-light\" href=\"https:\/\/www.riverpharma.it\/es\/bienestar-de-las-articulaciones-los-beneficios-del-acido-hialuronico\/\">Sigue leyendo<\/a>\n        <\/div>\n    <\/div>\n    <\/article>\n<\/div><div class=\"swiper-slide py-6\">\n    <article class=\"columns is-vcentered column-responsive\">\n    <a href=\"https:\/\/www.riverpharma.it\/es\/bienestar-de-los-huesos-propiedades-y-beneficios-del-silicio\/\" alt=\"Bienestar de los huesos: propiedades y beneficios del silicio\">\n        <figure class=\"column\">\n            <img decoding=\"async\" src=\"https:\/\/www.riverpharma.it\/wp-content\/uploads\/2022\/07\/850x485-benessere-ossa.jpg\" alt=\"Bienestar de los huesos: propiedades y beneficios del silicio\">\n        <\/figure>\n    <\/a>\n    <div class=\"column content\">\n        <a href=\"https:\/\/www.riverpharma.it\/es\/bienestar-de-los-huesos-propiedades-y-beneficios-del-silicio\/\" alt=\"Bienestar de los huesos: propiedades y beneficios del silicio\">\n            <h3 class=\"is-uppercase has-text-white\">Bienestar de los huesos: propiedades y beneficios del silicio<\/h3>\n        <\/a>\n        <div class=\"post-meta mb-5\">\n        <span class=\"post-meta-data has-text-white\">18 de julio de 2022<\/span>\n        <!-- <span class=\"post-meta-author has-text-ocean\">Filippo Colca<\/span> -->\n        <div class=\"post-meta-time icon-text has-text-white\">\n            <span class=\"icon mr-0 is-justify-content-flex-start\"><img decoding=\"async\" src=\"https:\/\/www.riverpharma.it\/wp-content\/themes\/riverpharma\/assets\/img\/icons\/ico-time.svg\" alt=\"\"><\/span>\n            <span>4 min.<\/span>\n        <\/div>\n        <\/div>\n        <div class=\"post-content has-text-white\">\n            <p class=\"post-paragraph-mobile\">El silicio es fundamental para nuestro organismo porque es parte integrante de los tejidos y contribuye a la constituci\u00f3n de huesos y cart\u00edlagos articulares, as\u00ed como a la formaci\u00f3n de los tejidos conectivos.<\/p>\n            <a class=\"link has-text-link-light\" href=\"https:\/\/www.riverpharma.it\/es\/bienestar-de-los-huesos-propiedades-y-beneficios-del-silicio\/\">Sigue leyendo<\/a>\n        <\/div>\n    <\/div>\n    <\/article>\n<\/div><div class=\"swiper-slide py-6\">\n    <article class=\"columns is-vcentered column-responsive\">\n    <a href=\"https:\/\/www.riverpharma.it\/es\/menopausia-y-osteoporosis-que-causa-la-perdida-de-tejido-oseo\/\" alt=\"Menopausia y osteoporosis: \u00bfqu\u00e9 causa la p\u00e9rdida de tejido \u00f3seo?\">\n        <figure class=\"column\">\n            <img decoding=\"async\" src=\"https:\/\/www.riverpharma.it\/wp-content\/uploads\/2022\/07\/850x485-menopausa-e-osteoporosi.jpg\" alt=\"Menopausia y osteoporosis: \u00bfqu\u00e9 causa la p\u00e9rdida de tejido \u00f3seo?\">\n        <\/figure>\n    <\/a>\n    <div class=\"column content\">\n        <a href=\"https:\/\/www.riverpharma.it\/es\/menopausia-y-osteoporosis-que-causa-la-perdida-de-tejido-oseo\/\" alt=\"Menopausia y osteoporosis: \u00bfqu\u00e9 causa la p\u00e9rdida de tejido \u00f3seo?\">\n            <h3 class=\"is-uppercase has-text-white\">Menopausia y osteoporosis: \u00bfqu\u00e9 causa la p\u00e9rdida de tejido \u00f3seo?<\/h3>\n        <\/a>\n        <div class=\"post-meta mb-5\">\n        <span class=\"post-meta-data has-text-white\">18 de julio de 2022<\/span>\n        <!-- <span class=\"post-meta-author has-text-ocean\">Filippo Colca<\/span> -->\n        <div class=\"post-meta-time icon-text has-text-white\">\n            <span class=\"icon mr-0 is-justify-content-flex-start\"><img decoding=\"async\" src=\"https:\/\/www.riverpharma.it\/wp-content\/themes\/riverpharma\/assets\/img\/icons\/ico-time.svg\" alt=\"\"><\/span>\n            <span>7 min.<\/span>\n        <\/div>\n        <\/div>\n        <div class=\"post-content has-text-white\">\n            <p class=\"post-paragraph-mobile\">Desafortunadamente para todas las mujeres que est\u00e1n en menopausia la osteoporosis es una triste realidad que tarde o temprano se har\u00e1 cada vez m\u00e1s presente en sus vidas, esto es a\u00fan m\u00e1s cierto en todos aquellos que ya tienen una predisposici\u00f3n gen\u00e9tica hacia esta enfermedad degenerativa de los huesos.<\/p>\n            <a class=\"link has-text-link-light\" href=\"https:\/\/www.riverpharma.it\/es\/menopausia-y-osteoporosis-que-causa-la-perdida-de-tejido-oseo\/\">Sigue leyendo<\/a>\n        <\/div>\n    <\/div>\n    <\/article>\n<\/div><\/div><div class=\"swiper-pagination\"><\/div><\/div><\/div><\/section>","protected":false},"excerpt":{"rendered":"","protected":false},"author":10,"featured_media":0,"parent":0,"menu_order":0,"comment_status":"closed","ping_status":"closed","template":"","meta":{"_acf_changed":false,"footnotes":""},"class_list":["post-1648","page","type-page","status-publish","hentry"],"acf":[],"yoast_head":"<!-- This site is optimized with the Yoast SEO plugin v27.4 - https:\/\/yoast.com\/product\/yoast-seo-wordpress\/ -->\n<title>Bienestar de la piel - River Pharma<\/title>\n<meta name=\"robots\" content=\"index, follow, max-snippet:-1, max-image-preview:large, max-video-preview:-1\" \/>\n<link rel=\"canonical\" href=\"https:\/\/www.riverpharma.it\/es\/bienestar-de-la-piel\/\" \/>\n<meta property=\"og:locale\" content=\"es_ES\" \/>\n<meta property=\"og:type\" content=\"article\" \/>\n<meta property=\"og:title\" content=\"Bienestar de la piel - River Pharma\" \/>\n<meta property=\"og:url\" content=\"https:\/\/www.riverpharma.it\/es\/bienestar-de-la-piel\/\" \/>\n<meta property=\"og:site_name\" content=\"River Pharma\" \/>\n<meta property=\"article:modified_time\" content=\"2022-07-05T11:12:32+00:00\" \/>\n<meta name=\"twitter:card\" content=\"summary_large_image\" \/>\n<meta name=\"twitter:label1\" content=\"Tiempo de lectura\" \/>\n\t<meta name=\"twitter:data1\" content=\"1 minuto\" \/>\n<script type=\"application\/ld+json\" class=\"yoast-schema-graph\">{\"@context\":\"https:\\\/\\\/schema.org\",\"@graph\":[{\"@type\":\"WebPage\",\"@id\":\"https:\\\/\\\/www.riverpharma.it\\\/es\\\/bienestar-de-la-piel\\\/\",\"url\":\"https:\\\/\\\/www.riverpharma.it\\\/es\\\/bienestar-de-la-piel\\\/\",\"name\":\"Bienestar de la piel - River Pharma\",\"isPartOf\":{\"@id\":\"https:\\\/\\\/www.riverpharma.it\\\/#website\"},\"datePublished\":\"2022-02-02T09:54:38+00:00\",\"dateModified\":\"2022-07-05T11:12:32+00:00\",\"breadcrumb\":{\"@id\":\"https:\\\/\\\/www.riverpharma.it\\\/es\\\/bienestar-de-la-piel\\\/#breadcrumb\"},\"inLanguage\":\"es\",\"potentialAction\":[{\"@type\":\"ReadAction\",\"target\":[\"https:\\\/\\\/www.riverpharma.it\\\/es\\\/bienestar-de-la-piel\\\/\"]}]},{\"@type\":\"BreadcrumbList\",\"@id\":\"https:\\\/\\\/www.riverpharma.it\\\/es\\\/bienestar-de-la-piel\\\/#breadcrumb\",\"itemListElement\":[{\"@type\":\"ListItem\",\"position\":1,\"name\":\"Home\",\"item\":\"https:\\\/\\\/www.riverpharma.it\\\/es\\\/\"},{\"@type\":\"ListItem\",\"position\":2,\"name\":\"Bienestar de la piel\"}]},{\"@type\":\"WebSite\",\"@id\":\"https:\\\/\\\/www.riverpharma.it\\\/#website\",\"url\":\"https:\\\/\\\/www.riverpharma.it\\\/\",\"name\":\"River Pharma\",\"description\":\"\",\"potentialAction\":[{\"@type\":\"SearchAction\",\"target\":{\"@type\":\"EntryPoint\",\"urlTemplate\":\"https:\\\/\\\/www.riverpharma.it\\\/?s={search_term_string}\"},\"query-input\":{\"@type\":\"PropertyValueSpecification\",\"valueRequired\":true,\"valueName\":\"search_term_string\"}}],\"inLanguage\":\"es\"}]}<\/script>\n<!-- \/ Yoast SEO plugin. -->","yoast_head_json":{"title":"Bienestar de la piel - River Pharma","robots":{"index":"index","follow":"follow","max-snippet":"max-snippet:-1","max-image-preview":"max-image-preview:large","max-video-preview":"max-video-preview:-1"},"canonical":"https:\/\/www.riverpharma.it\/es\/bienestar-de-la-piel\/","og_locale":"es_ES","og_type":"article","og_title":"Bienestar de la piel - River Pharma","og_url":"https:\/\/www.riverpharma.it\/es\/bienestar-de-la-piel\/","og_site_name":"River Pharma","article_modified_time":"2022-07-05T11:12:32+00:00","twitter_card":"summary_large_image","twitter_misc":{"Tiempo de lectura":"1 minuto"},"schema":{"@context":"https:\/\/schema.org","@graph":[{"@type":"WebPage","@id":"https:\/\/www.riverpharma.it\/es\/bienestar-de-la-piel\/","url":"https:\/\/www.riverpharma.it\/es\/bienestar-de-la-piel\/","name":"Bienestar de la piel - River Pharma","isPartOf":{"@id":"https:\/\/www.riverpharma.it\/#website"},"datePublished":"2022-02-02T09:54:38+00:00","dateModified":"2022-07-05T11:12:32+00:00","breadcrumb":{"@id":"https:\/\/www.riverpharma.it\/es\/bienestar-de-la-piel\/#breadcrumb"},"inLanguage":"es","potentialAction":[{"@type":"ReadAction","target":["https:\/\/www.riverpharma.it\/es\/bienestar-de-la-piel\/"]}]},{"@type":"BreadcrumbList","@id":"https:\/\/www.riverpharma.it\/es\/bienestar-de-la-piel\/#breadcrumb","itemListElement":[{"@type":"ListItem","position":1,"name":"Home","item":"https:\/\/www.riverpharma.it\/es\/"},{"@type":"ListItem","position":2,"name":"Bienestar de la piel"}]},{"@type":"WebSite","@id":"https:\/\/www.riverpharma.it\/#website","url":"https:\/\/www.riverpharma.it\/","name":"River Pharma","description":"","potentialAction":[{"@type":"SearchAction","target":{"@type":"EntryPoint","urlTemplate":"https:\/\/www.riverpharma.it\/?s={search_term_string}"},"query-input":{"@type":"PropertyValueSpecification","valueRequired":true,"valueName":"search_term_string"}}],"inLanguage":"es"}]}},"_links":{"self":[{"href":"https:\/\/www.riverpharma.it\/es\/wp-json\/wp\/v2\/pages\/1648","targetHints":{"allow":["GET"]}}],"collection":[{"href":"https:\/\/www.riverpharma.it\/es\/wp-json\/wp\/v2\/pages"}],"about":[{"href":"https:\/\/www.riverpharma.it\/es\/wp-json\/wp\/v2\/types\/page"}],"author":[{"embeddable":true,"href":"https:\/\/www.riverpharma.it\/es\/wp-json\/wp\/v2\/users\/10"}],"replies":[{"embeddable":true,"href":"https:\/\/www.riverpharma.it\/es\/wp-json\/wp\/v2\/comments?post=1648"}],"version-history":[{"count":1,"href":"https:\/\/www.riverpharma.it\/es\/wp-json\/wp\/v2\/pages\/1648\/revisions"}],"predecessor-version":[{"id":1650,"href":"https:\/\/www.riverpharma.it\/es\/wp-json\/wp\/v2\/pages\/1648\/revisions\/1650"}],"wp:attachment":[{"href":"https:\/\/www.riverpharma.it\/es\/wp-json\/wp\/v2\/media?parent=1648"}],"curies":[{"name":"wp","href":"https:\/\/api.w.org\/{rel}","templated":true}]}}