{"id":1633,"date":"2022-02-02T09:53:55","date_gmt":"2022-02-02T09:53:55","guid":{"rendered":"https:\/\/www.riverpharma.it\/benessere-dei-nervi\/"},"modified":"2022-07-05T11:01:12","modified_gmt":"2022-07-05T11:01:12","slug":"bienestar-de-los-nervios","status":"publish","type":"page","link":"https:\/\/www.riverpharma.it\/es\/bienestar-de-los-nervios\/","title":{"rendered":"Bienestar de los nervios"},"content":{"rendered":"<!-- Block Hero -->\n<section id=\"block_hero\" class=\"hero is-primary is-large has-background\" style=\"background-image: url('https:\/\/www.riverpharma.it\/wp-content\/uploads\/2022\/05\/benessere-nervi.jpg');\">\n    <!-- <img decoding=\"async\" class=\"hero-background\" src=\"https:\/\/www.riverpharma.it\/wp-content\/uploads\/2022\/05\/benessere-nervi.jpg\" alt=\"Bienestar de los nervios\"> -->\n    <div class=\"hero-body\">\n      <div class=\"container\">\n        <nav class=\"breadcrumb is-small\" aria-label=\"breadcrumbs\"><ul><li><a href=\"https:\/\/www.riverpharma.it\/es\/\">Home<\/a><\/li><li class=\"is-active\"><a href=\"https:\/\/www.riverpharma.it\/es\/wp-json\/wp\/v2\/pages\/1633\/\" aria-current=\"page\">Home<\/a><\/li><\/ul><\/nav>        <div class=\"columns is-align-items-end\">\n          <div class=\"column is-7\">\n            <div class=\"content\" id=\"hero-description\">\n              <h1 class=\"title is-1 has-text-ocean is-spaced\">Bienestar de los nervios<\/h1>\n              <p><p>Un aumento en la sensibilidad nerviosa a lo largo de las estructuras perif\u00e9ricas se manifiesta por hormigueo, ardor y dolor. El dolor neurop\u00e1tico es la expresi\u00f3n de una disfunci\u00f3n o lesi\u00f3n nerviosa primaria. Por lo tanto, es necesario mantener la funci\u00f3n nerviosa y controlar el dolor neurop\u00e1tico. <\/p>\n<p>Por lo que River Pharma ha desarrollado nutrac\u00e9uticos que respetan las dosis farmacol\u00f3gicas efectivas para ayudar a restaurar la funci\u00f3n nerviosa y asegurar su bienestar.<\/p>\n<\/p>\n            <\/div>\n            <a href=\"javascript:void(0);\" id=\"chev-down-wrapper\" class=\"read-more\">\n              <div class=\"read-more-text-wrapper\">\n                <small id=\"read-more-text\">lee mas<\/small>\n              <\/div>\n              <svg id=\"chev-img\" width=\"72\" height=\"19\" viewBox=\"0 0 72 19\" fill=\"none\" xmlns=\"http:\/\/www.w3.org\/2000\/svg\">\n                <path d=\"M0 1H19.5L36 17.5L52.5 1H72\" stroke=\"#fff\" stroke-width=\"1\"\/>\n              <\/svg> \n            <\/a>\n          <\/div>\n        <\/div>\n      <\/div>\n    <\/div>\n<\/section>\n\n<section id=\"block_listingproducts\" class=\"section is-medium\"><div class=\"container is-max-widescreen\"><div class=\"products-listing\"><div class=\"gutter-sizer\"><\/div><div class=\"product-item mb-7 osteorticolare\">\n    <article class=\"columns\">\n        <a href=\"https:\/\/www.riverpharma.it\/es\/producto\/nevralcar-duo\/\" alt=\"NEVRALCAR DUO\">\n            <figure class=\"column\">\n                <img decoding=\"async\" src=\"https:\/\/www.riverpharma.it\/wp-content\/uploads\/2022\/01\/nevralcar-duo-1.png\" alt=\"NEVRALCAR DUO\">\n            <\/figure>\n        <\/a>\n        <div class=\"column content\">\n            <a href=\"https:\/\/www.riverpharma.it\/es\/producto\/nevralcar-duo\/\" alt=\"NEVRALCAR DUO\">\n                <h3 class=\"\">NEVRALCAR DUO<\/h3>\n            <\/a>\n            <p>La sinergia de los dos ingredientes activos permite el control del dolor en todas aquellas situaciones cl\u00ednicas caracterizadas por neuropat\u00eda, tanto de origen articular como de origen metab\u00f3lico.<\/p>\n            <a class=\"link has-text-link\" href=\"https:\/\/www.riverpharma.it\/es\/producto\/nevralcar-duo\/\">Descubre el producto<\/a>\n        <\/div>\n    <\/article>\n<\/div><div class=\"product-item mb-7 osteorticolare\">\n    <article class=\"columns\">\n        <a href=\"https:\/\/www.riverpharma.it\/es\/producto\/nevralip-600-retard\/\" alt=\"NEVRALIP 600 RETARD\">\n            <figure class=\"column\">\n                <img decoding=\"async\" src=\"https:\/\/www.riverpharma.it\/wp-content\/uploads\/2022\/01\/nevralip-600-retard-2025-1.png\" alt=\"NEVRALIP 600 RETARD\">\n            <\/figure>\n        <\/a>\n        <div class=\"column content\">\n            <a href=\"https:\/\/www.riverpharma.it\/es\/producto\/nevralip-600-retard\/\" alt=\"NEVRALIP 600 RETARD\">\n                <h3 class=\"\">NEVRALIP 600 RETARD<\/h3>\n            <\/a>\n            <p>Nevralip 600 Retard se utiliza en todas aquellas situaciones cl\u00ednicas caracterizadas por un trofismo nervioso perif\u00e9rico alterado. Adem\u00e1s, se utiliza en todas aquellas situaciones de hiperglucemia mejorando la sensibilidad de las c\u00e9lulas a la insulina y la gesti\u00f3n del az\u00facar en sangre.\r\n<\/p>\n            <a class=\"link has-text-link\" href=\"https:\/\/www.riverpharma.it\/es\/producto\/nevralip-600-retard\/\">Descubre el producto<\/a>\n        <\/div>\n    <\/article>\n<\/div><div class=\"product-item mb-7 osteorticolare\">\n    <article class=\"columns\">\n        <a href=\"https:\/\/www.riverpharma.it\/es\/producto\/nevralcar-1000\/\" alt=\"NEVRALCAR 1000\">\n            <figure class=\"column\">\n                <img decoding=\"async\" src=\"https:\/\/www.riverpharma.it\/wp-content\/uploads\/2022\/01\/nevralcar-1000-new.png\" alt=\"NEVRALCAR 1000\">\n            <\/figure>\n        <\/a>\n        <div class=\"column content\">\n            <a href=\"https:\/\/www.riverpharma.it\/es\/producto\/nevralcar-1000\/\" alt=\"NEVRALCAR 1000\">\n                <h3 class=\"\">NEVRALCAR 1000<\/h3>\n            <\/a>\n            <p>Nevralcar 1000, formulaci\u00f3n de liberaci\u00f3n lenta, est\u00e1 indicado en todas aquellas situaciones cl\u00ednicas caracterizadas por neuropat\u00eda metab\u00f3lica. La caracter\u00edstica del producto viene dada no s\u00f3lo por la completitud de la formulaci\u00f3n sino tambi\u00e9n por la monoadministraci\u00f3n.<\/p>\n            <a class=\"link has-text-link\" href=\"https:\/\/www.riverpharma.it\/es\/producto\/nevralcar-1000\/\">Descubre el producto<\/a>\n        <\/div>\n    <\/article>\n<\/div><div class=\"product-item mb-7 osteorticolare\">\n    <article class=\"columns\">\n        <a href=\"https:\/\/www.riverpharma.it\/es\/producto\/retonix-memo\/\" alt=\"RETONIX MEMO\">\n            <figure class=\"column\">\n                <img decoding=\"async\" src=\"https:\/\/www.riverpharma.it\/wp-content\/uploads\/2022\/01\/RETONIX-MEMO.png\" alt=\"RETONIX MEMO\">\n            <\/figure>\n        <\/a>\n        <div class=\"column content\">\n            <a href=\"https:\/\/www.riverpharma.it\/es\/producto\/retonix-memo\/\" alt=\"RETONIX MEMO\">\n                <h3 class=\"\">RETONIX MEMO<\/h3>\n            <\/a>\n            <p>Retonix Memo es \u00fatil para el funcionamiento normal del sistema nervioso. Est\u00e1 indicado en todas aquellas situaciones de cansancio mental y para mejorar el rendimiento cognitivo.<\/p>\n            <a class=\"link has-text-link\" href=\"https:\/\/www.riverpharma.it\/es\/producto\/retonix-memo\/\">Descubre el producto<\/a>\n        <\/div>\n    <\/article>\n<\/div><\/div><\/div><\/section>\n\n\n<div class=\"wp-block-columns btn-azienda-wrapper is-layout-flex wp-container-core-columns-is-layout-9d6595d7 wp-block-columns-is-layout-flex\">\n<div class=\"wp-block-column is-layout-flow wp-block-column-is-layout-flow\">\n<div class=\"wp-block-buttons is-content-justification-center is-layout-flex wp-container-core-buttons-is-layout-16018d1d wp-block-buttons-is-layout-flex\">\n<div class=\"wp-block-button is-style-outline btn-azienda is-style-outline--1\"><a class=\"wp-block-button__link has-text-color\" href=\"https:\/\/www.riverpharma.it\/es\/areas-terapeuticas\/\" style=\"color:#0f78a9\"><strong>Volver \u00c1reas terap\u00e9uticas<\/strong><\/a><\/div>\n<\/div>\n<\/div>\n<\/div>\n\n\n<section id=\"block_latestnews\" class=\"section is-medium has-background-primary\">\n<div class=\"container is-smaller has-text-centered\">\n            <h2 class=\"title is-2 has-text-primary-dark is-spaced\">\n            &lt;strong&gt;La ciencia informa: &lt;\/strong&gt;El blog de River Pharma         <\/h2>\n    \n    <\/div>\n<div class=\"container is-fluid my-6 px-0\"><div class=\"swiper\"><div class=\"swiper-wrapper\"><div class=\"swiper-slide py-6\">\n    <article class=\"columns is-vcentered column-responsive\">\n    <a href=\"https:\/\/www.riverpharma.it\/es\/bienestar-de-las-articulaciones-los-beneficios-del-acido-hialuronico\/\" alt=\"Bienestar de las articulaciones: los beneficios del \u00e1cido hialur\u00f3nico\">\n        <figure class=\"column\">\n            <img decoding=\"async\" src=\"https:\/\/www.riverpharma.it\/wp-content\/uploads\/2022\/07\/850x485-benessere-articolazioni.jpg\" alt=\"Bienestar de las articulaciones: los beneficios del \u00e1cido hialur\u00f3nico\">\n        <\/figure>\n    <\/a>\n    <div class=\"column content\">\n        <a href=\"https:\/\/www.riverpharma.it\/es\/bienestar-de-las-articulaciones-los-beneficios-del-acido-hialuronico\/\" alt=\"Bienestar de las articulaciones: los beneficios del \u00e1cido hialur\u00f3nico\">\n            <h3 class=\"is-uppercase has-text-white\">Bienestar de las articulaciones: los beneficios del \u00e1cido hialur\u00f3nico<\/h3>\n        <\/a>\n        <div class=\"post-meta mb-5\">\n        <span class=\"post-meta-data has-text-white\">18 de julio de 2022<\/span>\n        <!-- <span class=\"post-meta-author has-text-ocean\">Filippo Colca<\/span> -->\n        <div class=\"post-meta-time icon-text has-text-white\">\n            <span class=\"icon mr-0 is-justify-content-flex-start\"><img decoding=\"async\" src=\"https:\/\/www.riverpharma.it\/wp-content\/themes\/riverpharma\/assets\/img\/icons\/ico-time.svg\" alt=\"\"><\/span>\n            <span>5 min.<\/span>\n        <\/div>\n        <\/div>\n        <div class=\"post-content has-text-white\">\n            <p class=\"post-paragraph-mobile\">El \u00e1cido hialur\u00f3nico tambi\u00e9n es muy eficaz para las articulaciones. Act\u00faa como amortiguador de choque mec\u00e1nico y como lubricante, ayudando as\u00ed a prevenir da\u00f1os en los tejidos, a menudo debido al estr\u00e9s f\u00edsico.<\/p>\n            <a class=\"link has-text-link-light\" href=\"https:\/\/www.riverpharma.it\/es\/bienestar-de-las-articulaciones-los-beneficios-del-acido-hialuronico\/\">Sigue leyendo<\/a>\n        <\/div>\n    <\/div>\n    <\/article>\n<\/div><div class=\"swiper-slide py-6\">\n    <article class=\"columns is-vcentered column-responsive\">\n    <a href=\"https:\/\/www.riverpharma.it\/es\/bienestar-de-los-huesos-propiedades-y-beneficios-del-silicio\/\" alt=\"Bienestar de los huesos: propiedades y beneficios del silicio\">\n        <figure class=\"column\">\n            <img decoding=\"async\" src=\"https:\/\/www.riverpharma.it\/wp-content\/uploads\/2022\/07\/850x485-benessere-ossa.jpg\" alt=\"Bienestar de los huesos: propiedades y beneficios del silicio\">\n        <\/figure>\n    <\/a>\n    <div class=\"column content\">\n        <a href=\"https:\/\/www.riverpharma.it\/es\/bienestar-de-los-huesos-propiedades-y-beneficios-del-silicio\/\" alt=\"Bienestar de los huesos: propiedades y beneficios del silicio\">\n            <h3 class=\"is-uppercase has-text-white\">Bienestar de los huesos: propiedades y beneficios del silicio<\/h3>\n        <\/a>\n        <div class=\"post-meta mb-5\">\n        <span class=\"post-meta-data has-text-white\">18 de julio de 2022<\/span>\n        <!-- <span class=\"post-meta-author has-text-ocean\">Filippo Colca<\/span> -->\n        <div class=\"post-meta-time icon-text has-text-white\">\n            <span class=\"icon mr-0 is-justify-content-flex-start\"><img decoding=\"async\" src=\"https:\/\/www.riverpharma.it\/wp-content\/themes\/riverpharma\/assets\/img\/icons\/ico-time.svg\" alt=\"\"><\/span>\n            <span>4 min.<\/span>\n        <\/div>\n        <\/div>\n        <div class=\"post-content has-text-white\">\n            <p class=\"post-paragraph-mobile\">El silicio es fundamental para nuestro organismo porque es parte integrante de los tejidos y contribuye a la constituci\u00f3n de huesos y cart\u00edlagos articulares, as\u00ed como a la formaci\u00f3n de los tejidos conectivos.<\/p>\n            <a class=\"link has-text-link-light\" href=\"https:\/\/www.riverpharma.it\/es\/bienestar-de-los-huesos-propiedades-y-beneficios-del-silicio\/\">Sigue leyendo<\/a>\n        <\/div>\n    <\/div>\n    <\/article>\n<\/div><div class=\"swiper-slide py-6\">\n    <article class=\"columns is-vcentered column-responsive\">\n    <a href=\"https:\/\/www.riverpharma.it\/es\/menopausia-y-osteoporosis-que-causa-la-perdida-de-tejido-oseo\/\" alt=\"Menopausia y osteoporosis: \u00bfqu\u00e9 causa la p\u00e9rdida de tejido \u00f3seo?\">\n        <figure class=\"column\">\n            <img decoding=\"async\" src=\"https:\/\/www.riverpharma.it\/wp-content\/uploads\/2022\/07\/850x485-menopausa-e-osteoporosi.jpg\" alt=\"Menopausia y osteoporosis: \u00bfqu\u00e9 causa la p\u00e9rdida de tejido \u00f3seo?\">\n        <\/figure>\n    <\/a>\n    <div class=\"column content\">\n        <a href=\"https:\/\/www.riverpharma.it\/es\/menopausia-y-osteoporosis-que-causa-la-perdida-de-tejido-oseo\/\" alt=\"Menopausia y osteoporosis: \u00bfqu\u00e9 causa la p\u00e9rdida de tejido \u00f3seo?\">\n            <h3 class=\"is-uppercase has-text-white\">Menopausia y osteoporosis: \u00bfqu\u00e9 causa la p\u00e9rdida de tejido \u00f3seo?<\/h3>\n        <\/a>\n        <div class=\"post-meta mb-5\">\n        <span class=\"post-meta-data has-text-white\">18 de julio de 2022<\/span>\n        <!-- <span class=\"post-meta-author has-text-ocean\">Filippo Colca<\/span> -->\n        <div class=\"post-meta-time icon-text has-text-white\">\n            <span class=\"icon mr-0 is-justify-content-flex-start\"><img decoding=\"async\" src=\"https:\/\/www.riverpharma.it\/wp-content\/themes\/riverpharma\/assets\/img\/icons\/ico-time.svg\" alt=\"\"><\/span>\n            <span>7 min.<\/span>\n        <\/div>\n        <\/div>\n        <div class=\"post-content has-text-white\">\n            <p class=\"post-paragraph-mobile\">Desafortunadamente para todas las mujeres que est\u00e1n en menopausia la osteoporosis es una triste realidad que tarde o temprano se har\u00e1 cada vez m\u00e1s presente en sus vidas, esto es a\u00fan m\u00e1s cierto en todos aquellos que ya tienen una predisposici\u00f3n gen\u00e9tica hacia esta enfermedad degenerativa de los huesos.<\/p>\n            <a class=\"link has-text-link-light\" href=\"https:\/\/www.riverpharma.it\/es\/menopausia-y-osteoporosis-que-causa-la-perdida-de-tejido-oseo\/\">Sigue leyendo<\/a>\n        <\/div>\n    <\/div>\n    <\/article>\n<\/div><\/div><div class=\"swiper-pagination\"><\/div><\/div><\/div><\/section>","protected":false},"excerpt":{"rendered":"","protected":false},"author":10,"featured_media":0,"parent":0,"menu_order":0,"comment_status":"closed","ping_status":"closed","template":"","meta":{"_acf_changed":false,"footnotes":""},"class_list":["post-1633","page","type-page","status-publish","hentry"],"acf":[],"yoast_head":"<!-- This site is optimized with the Yoast SEO plugin v27.4 - https:\/\/yoast.com\/product\/yoast-seo-wordpress\/ -->\n<title>Bienestar de los nervios - River Pharma<\/title>\n<meta name=\"robots\" content=\"index, follow, max-snippet:-1, max-image-preview:large, max-video-preview:-1\" \/>\n<link rel=\"canonical\" href=\"https:\/\/www.riverpharma.it\/es\/bienestar-de-los-nervios\/\" \/>\n<meta property=\"og:locale\" content=\"es_ES\" \/>\n<meta property=\"og:type\" content=\"article\" \/>\n<meta property=\"og:title\" content=\"Bienestar de los nervios - River Pharma\" \/>\n<meta property=\"og:url\" content=\"https:\/\/www.riverpharma.it\/es\/bienestar-de-los-nervios\/\" \/>\n<meta property=\"og:site_name\" content=\"River Pharma\" \/>\n<meta property=\"article:modified_time\" content=\"2022-07-05T11:01:12+00:00\" \/>\n<meta name=\"twitter:card\" content=\"summary_large_image\" \/>\n<meta name=\"twitter:label1\" content=\"Tiempo de lectura\" \/>\n\t<meta name=\"twitter:data1\" content=\"1 minuto\" \/>\n<script type=\"application\/ld+json\" class=\"yoast-schema-graph\">{\"@context\":\"https:\\\/\\\/schema.org\",\"@graph\":[{\"@type\":\"WebPage\",\"@id\":\"https:\\\/\\\/www.riverpharma.it\\\/es\\\/bienestar-de-los-nervios\\\/\",\"url\":\"https:\\\/\\\/www.riverpharma.it\\\/es\\\/bienestar-de-los-nervios\\\/\",\"name\":\"Bienestar de los nervios - River Pharma\",\"isPartOf\":{\"@id\":\"https:\\\/\\\/www.riverpharma.it\\\/#website\"},\"datePublished\":\"2022-02-02T09:53:55+00:00\",\"dateModified\":\"2022-07-05T11:01:12+00:00\",\"breadcrumb\":{\"@id\":\"https:\\\/\\\/www.riverpharma.it\\\/es\\\/bienestar-de-los-nervios\\\/#breadcrumb\"},\"inLanguage\":\"es\",\"potentialAction\":[{\"@type\":\"ReadAction\",\"target\":[\"https:\\\/\\\/www.riverpharma.it\\\/es\\\/bienestar-de-los-nervios\\\/\"]}]},{\"@type\":\"BreadcrumbList\",\"@id\":\"https:\\\/\\\/www.riverpharma.it\\\/es\\\/bienestar-de-los-nervios\\\/#breadcrumb\",\"itemListElement\":[{\"@type\":\"ListItem\",\"position\":1,\"name\":\"Home\",\"item\":\"https:\\\/\\\/www.riverpharma.it\\\/es\\\/\"},{\"@type\":\"ListItem\",\"position\":2,\"name\":\"Bienestar de los nervios\"}]},{\"@type\":\"WebSite\",\"@id\":\"https:\\\/\\\/www.riverpharma.it\\\/#website\",\"url\":\"https:\\\/\\\/www.riverpharma.it\\\/\",\"name\":\"River Pharma\",\"description\":\"\",\"potentialAction\":[{\"@type\":\"SearchAction\",\"target\":{\"@type\":\"EntryPoint\",\"urlTemplate\":\"https:\\\/\\\/www.riverpharma.it\\\/?s={search_term_string}\"},\"query-input\":{\"@type\":\"PropertyValueSpecification\",\"valueRequired\":true,\"valueName\":\"search_term_string\"}}],\"inLanguage\":\"es\"}]}<\/script>\n<!-- \/ Yoast SEO plugin. -->","yoast_head_json":{"title":"Bienestar de los nervios - River Pharma","robots":{"index":"index","follow":"follow","max-snippet":"max-snippet:-1","max-image-preview":"max-image-preview:large","max-video-preview":"max-video-preview:-1"},"canonical":"https:\/\/www.riverpharma.it\/es\/bienestar-de-los-nervios\/","og_locale":"es_ES","og_type":"article","og_title":"Bienestar de los nervios - River Pharma","og_url":"https:\/\/www.riverpharma.it\/es\/bienestar-de-los-nervios\/","og_site_name":"River Pharma","article_modified_time":"2022-07-05T11:01:12+00:00","twitter_card":"summary_large_image","twitter_misc":{"Tiempo de lectura":"1 minuto"},"schema":{"@context":"https:\/\/schema.org","@graph":[{"@type":"WebPage","@id":"https:\/\/www.riverpharma.it\/es\/bienestar-de-los-nervios\/","url":"https:\/\/www.riverpharma.it\/es\/bienestar-de-los-nervios\/","name":"Bienestar de los nervios - River Pharma","isPartOf":{"@id":"https:\/\/www.riverpharma.it\/#website"},"datePublished":"2022-02-02T09:53:55+00:00","dateModified":"2022-07-05T11:01:12+00:00","breadcrumb":{"@id":"https:\/\/www.riverpharma.it\/es\/bienestar-de-los-nervios\/#breadcrumb"},"inLanguage":"es","potentialAction":[{"@type":"ReadAction","target":["https:\/\/www.riverpharma.it\/es\/bienestar-de-los-nervios\/"]}]},{"@type":"BreadcrumbList","@id":"https:\/\/www.riverpharma.it\/es\/bienestar-de-los-nervios\/#breadcrumb","itemListElement":[{"@type":"ListItem","position":1,"name":"Home","item":"https:\/\/www.riverpharma.it\/es\/"},{"@type":"ListItem","position":2,"name":"Bienestar de los nervios"}]},{"@type":"WebSite","@id":"https:\/\/www.riverpharma.it\/#website","url":"https:\/\/www.riverpharma.it\/","name":"River Pharma","description":"","potentialAction":[{"@type":"SearchAction","target":{"@type":"EntryPoint","urlTemplate":"https:\/\/www.riverpharma.it\/?s={search_term_string}"},"query-input":{"@type":"PropertyValueSpecification","valueRequired":true,"valueName":"search_term_string"}}],"inLanguage":"es"}]}},"_links":{"self":[{"href":"https:\/\/www.riverpharma.it\/es\/wp-json\/wp\/v2\/pages\/1633","targetHints":{"allow":["GET"]}}],"collection":[{"href":"https:\/\/www.riverpharma.it\/es\/wp-json\/wp\/v2\/pages"}],"about":[{"href":"https:\/\/www.riverpharma.it\/es\/wp-json\/wp\/v2\/types\/page"}],"author":[{"embeddable":true,"href":"https:\/\/www.riverpharma.it\/es\/wp-json\/wp\/v2\/users\/10"}],"replies":[{"embeddable":true,"href":"https:\/\/www.riverpharma.it\/es\/wp-json\/wp\/v2\/comments?post=1633"}],"version-history":[{"count":1,"href":"https:\/\/www.riverpharma.it\/es\/wp-json\/wp\/v2\/pages\/1633\/revisions"}],"predecessor-version":[{"id":1635,"href":"https:\/\/www.riverpharma.it\/es\/wp-json\/wp\/v2\/pages\/1633\/revisions\/1635"}],"wp:attachment":[{"href":"https:\/\/www.riverpharma.it\/es\/wp-json\/wp\/v2\/media?parent=1633"}],"curies":[{"name":"wp","href":"https:\/\/api.w.org\/{rel}","templated":true}]}}