{"id":1610,"date":"2022-01-12T10:15:00","date_gmt":"2022-01-12T10:15:00","guid":{"rendered":"https:\/\/www.riverpharma.it\/blog\/"},"modified":"2022-07-05T10:25:08","modified_gmt":"2022-07-05T10:25:08","slug":"blog","status":"publish","type":"page","link":"https:\/\/www.riverpharma.it\/es\/blog\/","title":{"rendered":"Blog"},"content":{"rendered":"<!-- Block Hero -->\n<section id=\"block_hero\" class=\"hero is-primary is-large has-background\" style=\"background-image: url('https:\/\/www.riverpharma.it\/wp-content\/uploads\/2022\/01\/hero-blog.png');\">\n    <!-- <img decoding=\"async\" class=\"hero-background\" src=\"https:\/\/www.riverpharma.it\/wp-content\/uploads\/2022\/01\/hero-blog.png\" alt=\"La Ciencia Informa\"> -->\n    <div class=\"hero-body\">\n      <div class=\"container\">\n        <nav class=\"breadcrumb is-small\" aria-label=\"breadcrumbs\"><ul><li><a href=\"https:\/\/www.riverpharma.it\/es\/\">Home<\/a><\/li><li class=\"is-active\"><a href=\"https:\/\/www.riverpharma.it\/es\/wp-json\/wp\/v2\/pages\/1610\/\" aria-current=\"page\">Home<\/a><\/li><\/ul><\/nav>        <div class=\"columns is-align-items-end\">\n          <div class=\"column is-7\">\n            <div class=\"content\" id=\"hero-description\">\n              <h1 class=\"title is-1 has-text-ocean is-spaced\">La Ciencia Informa<\/h1>\n              <p><p>Noticias, Informaci\u00f3n, Investigaci\u00f3n y Desarrollo, Innovaci\u00f3n: en nuestro blog encontrar\u00e1s todo lo necesario para mantenerte informado sobre los avances de la Comunidad M\u00e9dico-Cient\u00edfica, los estudios y formulaciones m\u00e1s revolucionarios para superar los complejos desaf\u00edos de la biodisponibilidad y combatir las patolog\u00edas m\u00e1s comunes.<\/p>\n<\/p>\n            <\/div>\n            <a href=\"javascript:void(0);\" id=\"chev-down-wrapper\" class=\"read-more\">\n              <div class=\"read-more-text-wrapper\">\n                <small id=\"read-more-text\">lee mas<\/small>\n              <\/div>\n              <svg id=\"chev-img\" width=\"72\" height=\"19\" viewBox=\"0 0 72 19\" fill=\"none\" xmlns=\"http:\/\/www.w3.org\/2000\/svg\">\n                <path d=\"M0 1H19.5L36 17.5L52.5 1H72\" stroke=\"#fff\" stroke-width=\"1\"\/>\n              <\/svg> \n            <\/a>\n          <\/div>\n        <\/div>\n      <\/div>\n    <\/div>\n<\/section>\n\n<section id=\"block_listingnews\" class=\"section is-medium\"><div class=\"container is-smaller has-text-centered\">\n    <h2 class=\"title is-2 has-text-primary-dark is-spaced\">El blog de River Pharma<\/h2>\n    <p class=\"subtitle\">Mant\u00e9ngase actualizado, obtenga m\u00e1s informaci\u00f3n sobre la investigaci\u00f3n y los conocimientos de los miembros m\u00e1s autorizados de la comunidad m\u00e9dico-cient\u00edfica internacional.<\/p>\n<\/div>\n<div class=\"container is-max-widescreen mt-7\"><div class=\"news-filters isotope-filters buttons mb-7\">\n    <\/div><div class=\"news-listing isotope-grid\"><div class=\"gutter-sizer\"><\/div>\t\t\t\n\t\t\t<a href=\"https:\/\/www.riverpharma.it\/es\/bienestar-de-las-articulaciones-los-beneficios-del-acido-hialuronico\/\">\n            <div class=\"isotope-item mb-7 cosmetica \">\n                <article>\n                    \n                    <figure>\n                        <img decoding=\"async\" src=\"https:\/\/www.riverpharma.it\/wp-content\/uploads\/2022\/07\/850x485-benessere-articolazioni.jpg\" alt=\"Bienestar de las articulaciones: los beneficios del \u00e1cido hialur\u00f3nico\">\n                    <\/figure>\n                    <div class=\"post-content content mt-5\">\n                        <h3 class=\"has-text-weight-semibold has-text-primary-dark\">Bienestar de las articulaciones: los beneficios del \u00e1cido hialur\u00f3nico<\/h3>\n                        <div class=\"post-meta mb-3\">\n                            <span class=\"post-meta-data\">18 de julio de 2022<\/span>\n                            <!-- <span class=\"post-meta-author has-text-primary\">Filippo Colca<\/span> -->\n                            <div class=\"post-meta-time icon-text\">\n                            <span class=\"icon mr-0 is-justify-content-flex-start\"><img decoding=\"async\" src=\"https:\/\/www.riverpharma.it\/wp-content\/themes\/riverpharma\/assets\/img\/icons\/ico-time-primary.svg\" alt=\"\"><\/span>\n                            <span>5 min.<\/span>\n                            <\/div>\n                        <\/div>\n                        <p>El \u00e1cido hialur\u00f3nico tambi\u00e9n es muy eficaz para las articulaciones. Act\u00faa como amortiguador de choque mec\u00e1nico y como lubricante, ayudando as\u00ed a prevenir da\u00f1os en los tejidos, a menudo debido al estr\u00e9s f\u00edsico.<\/p>\n                        <a class=\"link has-text-link\" href=\"https:\/\/www.riverpharma.it\/es\/bienestar-de-las-articulaciones-los-beneficios-del-acido-hialuronico\/\">Sigue leyendo<\/a>\n                    <\/div>\n                <\/article>\n            <\/div>\n        <\/a> \n\t\n\t\t\t<a href=\"https:\/\/www.riverpharma.it\/es\/bienestar-de-los-huesos-propiedades-y-beneficios-del-silicio\/\">\n            <div class=\"isotope-item mb-7 cosmetica \">\n                <article>\n                    \n                    <figure>\n                        <img decoding=\"async\" src=\"https:\/\/www.riverpharma.it\/wp-content\/uploads\/2022\/07\/850x485-benessere-ossa.jpg\" alt=\"Bienestar de los huesos: propiedades y beneficios del silicio\">\n                    <\/figure>\n                    <div class=\"post-content content mt-5\">\n                        <h3 class=\"has-text-weight-semibold has-text-primary-dark\">Bienestar de los huesos: propiedades y beneficios del silicio<\/h3>\n                        <div class=\"post-meta mb-3\">\n                            <span class=\"post-meta-data\">18 de julio de 2022<\/span>\n                            <!-- <span class=\"post-meta-author has-text-primary\">Filippo Colca<\/span> -->\n                            <div class=\"post-meta-time icon-text\">\n                            <span class=\"icon mr-0 is-justify-content-flex-start\"><img decoding=\"async\" src=\"https:\/\/www.riverpharma.it\/wp-content\/themes\/riverpharma\/assets\/img\/icons\/ico-time-primary.svg\" alt=\"\"><\/span>\n                            <span>4 min.<\/span>\n                            <\/div>\n                        <\/div>\n                        <p>El silicio es fundamental para nuestro organismo porque es parte integrante de los tejidos y contribuye a la constituci\u00f3n de huesos y cart\u00edlagos articulares, as\u00ed como a la formaci\u00f3n de los tejidos conectivos.<\/p>\n                        <a class=\"link has-text-link\" href=\"https:\/\/www.riverpharma.it\/es\/bienestar-de-los-huesos-propiedades-y-beneficios-del-silicio\/\">Sigue leyendo<\/a>\n                    <\/div>\n                <\/article>\n            <\/div>\n        <\/a> \n\t\n\t\t\t<a href=\"https:\/\/www.riverpharma.it\/es\/menopausia-y-osteoporosis-que-causa-la-perdida-de-tejido-oseo\/\">\n            <div class=\"isotope-item mb-7 cosmetica \">\n                <article>\n                    \n                    <figure>\n                        <img decoding=\"async\" src=\"https:\/\/www.riverpharma.it\/wp-content\/uploads\/2022\/07\/850x485-menopausa-e-osteoporosi.jpg\" alt=\"Menopausia y osteoporosis: \u00bfqu\u00e9 causa la p\u00e9rdida de tejido \u00f3seo?\">\n                    <\/figure>\n                    <div class=\"post-content content mt-5\">\n                        <h3 class=\"has-text-weight-semibold has-text-primary-dark\">Menopausia y osteoporosis: \u00bfqu\u00e9 causa la p\u00e9rdida de tejido \u00f3seo?<\/h3>\n                        <div class=\"post-meta mb-3\">\n                            <span class=\"post-meta-data\">18 de julio de 2022<\/span>\n                            <!-- <span class=\"post-meta-author has-text-primary\">Filippo Colca<\/span> -->\n                            <div class=\"post-meta-time icon-text\">\n                            <span class=\"icon mr-0 is-justify-content-flex-start\"><img decoding=\"async\" src=\"https:\/\/www.riverpharma.it\/wp-content\/themes\/riverpharma\/assets\/img\/icons\/ico-time-primary.svg\" alt=\"\"><\/span>\n                            <span>7 min.<\/span>\n                            <\/div>\n                        <\/div>\n                        <p>Desafortunadamente para todas las mujeres que est\u00e1n en menopausia la osteoporosis es una triste realidad que tarde o temprano se har\u00e1 cada vez m\u00e1s presente en sus vidas, esto es a\u00fan m\u00e1s cierto en todos aquellos que ya tienen una predisposici\u00f3n gen\u00e9tica hacia esta enfermedad degenerativa de los huesos.<\/p>\n                        <a class=\"link has-text-link\" href=\"https:\/\/www.riverpharma.it\/es\/menopausia-y-osteoporosis-que-causa-la-perdida-de-tejido-oseo\/\">Sigue leyendo<\/a>\n                    <\/div>\n                <\/article>\n            <\/div>\n        <\/a> \n\t\n\t\t\t<a href=\"https:\/\/www.riverpharma.it\/es\/piel-menopausica-causas-efectos-y-remedios-para-recuperar-la-elasticidad\/\">\n            <div class=\"isotope-item mb-7 cosmetica \">\n                <article>\n                    \n                    <figure>\n                        <img decoding=\"async\" src=\"https:\/\/www.riverpharma.it\/wp-content\/uploads\/2022\/07\/850x485-pelle-in-menopausa.jpg\" alt=\"Piel menop\u00e1usica: causas, efectos y remedios para recuperar la elasticidad\">\n                    <\/figure>\n                    <div class=\"post-content content mt-5\">\n                        <h3 class=\"has-text-weight-semibold has-text-primary-dark\">Piel menop\u00e1usica: causas, efectos y remedios para recuperar la elasticidad<\/h3>\n                        <div class=\"post-meta mb-3\">\n                            <span class=\"post-meta-data\">18 de julio de 2022<\/span>\n                            <!-- <span class=\"post-meta-author has-text-primary\">Filippo Colca<\/span> -->\n                            <div class=\"post-meta-time icon-text\">\n                            <span class=\"icon mr-0 is-justify-content-flex-start\"><img decoding=\"async\" src=\"https:\/\/www.riverpharma.it\/wp-content\/themes\/riverpharma\/assets\/img\/icons\/ico-time-primary.svg\" alt=\"\"><\/span>\n                            <span>6 min.<\/span>\n                            <\/div>\n                        <\/div>\n                        <p>\u00bfQu\u00e9 ocurre con la piel en la menopausia? \u00bfEs posible contrarrestar los efectos y mejorar el bienestar de los tejidos? Son solo algunas de las muchas preguntas que se hacen las mujeres que se acercan a uno de los momentos m\u00e1s delicados de la vida femenina. <\/p>\n                        <a class=\"link has-text-link\" href=\"https:\/\/www.riverpharma.it\/es\/piel-menopausica-causas-efectos-y-remedios-para-recuperar-la-elasticidad\/\">Sigue leyendo<\/a>\n                    <\/div>\n                <\/article>\n            <\/div>\n        <\/a> \n\t\n\t\t\t<a href=\"https:\/\/www.riverpharma.it\/es\/remedios-contra-el-dolor-y-la-inflamacion-las-propiedades-de-la-boswellia\/\">\n            <div class=\"isotope-item mb-7 cosmetica \">\n                <article>\n                    \n                    <figure>\n                        <img decoding=\"async\" src=\"https:\/\/www.riverpharma.it\/wp-content\/uploads\/2022\/07\/850x485-broswellia.jpg\" alt=\"Remedios contra el dolor y la inflamaci\u00f3n: las propiedades de la boswellia\">\n                    <\/figure>\n                    <div class=\"post-content content mt-5\">\n                        <h3 class=\"has-text-weight-semibold has-text-primary-dark\">Remedios contra el dolor y la inflamaci\u00f3n: las propiedades de la boswellia<\/h3>\n                        <div class=\"post-meta mb-3\">\n                            <span class=\"post-meta-data\">18 de julio de 2022<\/span>\n                            <!-- <span class=\"post-meta-author has-text-primary\">Filippo Colca<\/span> -->\n                            <div class=\"post-meta-time icon-text\">\n                            <span class=\"icon mr-0 is-justify-content-flex-start\"><img decoding=\"async\" src=\"https:\/\/www.riverpharma.it\/wp-content\/themes\/riverpharma\/assets\/img\/icons\/ico-time-primary.svg\" alt=\"\"><\/span>\n                            <span>4 min.<\/span>\n                            <\/div>\n                        <\/div>\n                        <p> Conocida por sus propiedades antiinflamatorias y analg\u00e9sicas naturales, resulta especialmente \u00fatil en caso de dolores musculares, reumatismo, artritis y artrosis.<\/p>\n                        <a class=\"link has-text-link\" href=\"https:\/\/www.riverpharma.it\/es\/remedios-contra-el-dolor-y-la-inflamacion-las-propiedades-de-la-boswellia\/\">Sigue leyendo<\/a>\n                    <\/div>\n                <\/article>\n            <\/div>\n        <\/a> \n\t\n\t\t\t<a href=\"https:\/\/www.riverpharma.it\/es\/artropatia-el-acido-hialuronico-como-terapia-para-el-tratamiento-del-dolor\/\">\n            <div class=\"isotope-item mb-7 cosmetica \">\n                <article>\n                    \n                    <figure>\n                        <img decoding=\"async\" src=\"https:\/\/www.riverpharma.it\/wp-content\/uploads\/2022\/04\/850x485-artropatia.jpg\" alt=\"Artropat\u00eda: el \u00e1cido hialur\u00f3nico como terapia para el tratamiento del dolor\">\n                    <\/figure>\n                    <div class=\"post-content content mt-5\">\n                        <h3 class=\"has-text-weight-semibold has-text-primary-dark\">Artropat\u00eda: el \u00e1cido hialur\u00f3nico como terapia para el tratamiento del dolor<\/h3>\n                        <div class=\"post-meta mb-3\">\n                            <span class=\"post-meta-data\">1 de abril de 2022<\/span>\n                            <!-- <span class=\"post-meta-author has-text-primary\">Filippo Colca<\/span> -->\n                            <div class=\"post-meta-time icon-text\">\n                            <span class=\"icon mr-0 is-justify-content-flex-start\"><img decoding=\"async\" src=\"https:\/\/www.riverpharma.it\/wp-content\/themes\/riverpharma\/assets\/img\/icons\/ico-time-primary.svg\" alt=\"\"><\/span>\n                            <span>6 min.<\/span>\n                            <\/div>\n                        <\/div>\n                        <p>Las articulaciones son estructuras del cuerpo que conectan dos o m\u00e1s huesos entre s\u00ed, proporcionando estabilidad al esqueleto y permitiendo su movimiento. En el momento en que se producen inflamaciones que degradan el cart\u00edlago o desgastes que da\u00f1an los huesos, las articulaciones pueden incurrir en patolog\u00edas como la artropat\u00eda.<\/p>\n                        <a class=\"link has-text-link\" href=\"https:\/\/www.riverpharma.it\/es\/artropatia-el-acido-hialuronico-como-terapia-para-el-tratamiento-del-dolor\/\">Sigue leyendo<\/a>\n                    <\/div>\n                <\/article>\n            <\/div>\n        <\/a> \n\t\n\t\t\t<a href=\"https:\/\/www.riverpharma.it\/es\/tratamiento-de-cicatrices-con-siliconas-acido-hialuronico-y-clorhexidina\/\">\n            <div class=\"isotope-item mb-7 cosmetica \">\n                <article>\n                    \n                    <figure>\n                        <img decoding=\"async\" src=\"https:\/\/www.riverpharma.it\/wp-content\/uploads\/2022\/04\/850x485-cicatrici.jpg\" alt=\"Tratamiento de cicatrices con siliconas, \u00e1cido hialur\u00f3nico y clorhexidina\">\n                    <\/figure>\n                    <div class=\"post-content content mt-5\">\n                        <h3 class=\"has-text-weight-semibold has-text-primary-dark\">Tratamiento de cicatrices con siliconas, \u00e1cido hialur\u00f3nico y clorhexidina<\/h3>\n                        <div class=\"post-meta mb-3\">\n                            <span class=\"post-meta-data\">1 de abril de 2022<\/span>\n                            <!-- <span class=\"post-meta-author has-text-primary\">Filippo Colca<\/span> -->\n                            <div class=\"post-meta-time icon-text\">\n                            <span class=\"icon mr-0 is-justify-content-flex-start\"><img decoding=\"async\" src=\"https:\/\/www.riverpharma.it\/wp-content\/themes\/riverpharma\/assets\/img\/icons\/ico-time-primary.svg\" alt=\"\"><\/span>\n                            <span>6 min.<\/span>\n                            <\/div>\n                        <\/div>\n                        <p>Todos los d\u00edas, por desgracia, corremos el riesgo de provocar lesiones que, de una u otra manera, se convertir\u00e1n en cicatrices y no siempre sabemos actuar de forma correcta y lo suficientemente r\u00e1pida como para poder reparar lo m\u00e1s posible el da\u00f1o causado. Sigue leyendo para descubrir cu\u00e1l es el mejor tratamiento para las cicatrices gracias a la clorhexidina y las siliconas.<\/p>\n                        <a class=\"link has-text-link\" href=\"https:\/\/www.riverpharma.it\/es\/tratamiento-de-cicatrices-con-siliconas-acido-hialuronico-y-clorhexidina\/\">Sigue leyendo<\/a>\n                    <\/div>\n                <\/article>\n            <\/div>\n        <\/a> \n\t\n\t\t\t<a href=\"https:\/\/www.riverpharma.it\/es\/infecciones-urinarias-acido-hialuronico-n-acetilcisteina-e-hibisco-para-favorecer-la-funcion\/\">\n            <div class=\"isotope-item mb-7 cosmetica \">\n                <article>\n                    \n                    <figure>\n                        <img decoding=\"async\" src=\"https:\/\/www.riverpharma.it\/wp-content\/uploads\/2022\/04\/850x485-vie-urinarie.jpg\" alt=\"Infecciones urinarias: \u00e1cido hialur\u00f3nico, N acetilCiste\u00edna e hibisco para favorecer la funci\u00f3n\">\n                    <\/figure>\n                    <div class=\"post-content content mt-5\">\n                        <h3 class=\"has-text-weight-semibold has-text-primary-dark\">Infecciones urinarias: \u00e1cido hialur\u00f3nico, N acetilCiste\u00edna e hibisco para favorecer la funci\u00f3n<\/h3>\n                        <div class=\"post-meta mb-3\">\n                            <span class=\"post-meta-data\">1 de abril de 2022<\/span>\n                            <!-- <span class=\"post-meta-author has-text-primary\">Filippo Colca<\/span> -->\n                            <div class=\"post-meta-time icon-text\">\n                            <span class=\"icon mr-0 is-justify-content-flex-start\"><img decoding=\"async\" src=\"https:\/\/www.riverpharma.it\/wp-content\/themes\/riverpharma\/assets\/img\/icons\/ico-time-primary.svg\" alt=\"\"><\/span>\n                            <span>6 min.<\/span>\n                            <\/div>\n                        <\/div>\n                        <p>Las infecciones urinarias son un trastorno muy molesto que se produce cuando las bacterias, especialmente E. Coli, proliferan y se multiplican en el tracto urinario y, en particular, en la vejiga, causando cistitis. \u00bfCu\u00e1les son los remedios para contrarrestar estas infecciones?<\/p>\n                        <a class=\"link has-text-link\" href=\"https:\/\/www.riverpharma.it\/es\/infecciones-urinarias-acido-hialuronico-n-acetilcisteina-e-hibisco-para-favorecer-la-funcion\/\">Sigue leyendo<\/a>\n                    <\/div>\n                <\/article>\n            <\/div>\n        <\/a> \n\t\n\t\t\t<a href=\"https:\/\/www.riverpharma.it\/es\/piel-propensa-al-acne-consejos-y-errores-a-evitar\/\">\n            <div class=\"isotope-item mb-7 cosmetica \">\n                <article>\n                    \n                    <figure>\n                        <img decoding=\"async\" src=\"https:\/\/www.riverpharma.it\/wp-content\/uploads\/2022\/04\/850x485-acne.jpg\" alt=\"Piel propensa al acn\u00e9: Consejos y errores a evitar\">\n                    <\/figure>\n                    <div class=\"post-content content mt-5\">\n                        <h3 class=\"has-text-weight-semibold has-text-primary-dark\">Piel propensa al acn\u00e9: Consejos y errores a evitar<\/h3>\n                        <div class=\"post-meta mb-3\">\n                            <span class=\"post-meta-data\">1 de abril de 2022<\/span>\n                            <!-- <span class=\"post-meta-author has-text-primary\">Filippo Colca<\/span> -->\n                            <div class=\"post-meta-time icon-text\">\n                            <span class=\"icon mr-0 is-justify-content-flex-start\"><img decoding=\"async\" src=\"https:\/\/www.riverpharma.it\/wp-content\/themes\/riverpharma\/assets\/img\/icons\/ico-time-primary.svg\" alt=\"\"><\/span>\n                            <span>6 min.<\/span>\n                            <\/div>\n                        <\/div>\n                        <p>Muchas personas padecen diversas formas de piel propensa al acn\u00e9 o con imperfecciones, que es un tipo de piel en la que la producci\u00f3n de sebo no est\u00e1 debidamente regulada. No en vano, el acn\u00e9 es una de las enfermedades de la piel m\u00e1s comunes que afecta tanto a mujeres como a hombres, principalmente en la fase puberal, pero cada vez son m\u00e1s frecuentes los casos de acn\u00e9 que tambi\u00e9n se presentan en la edad adulta. <\/p>\n                        <a class=\"link has-text-link\" href=\"https:\/\/www.riverpharma.it\/es\/piel-propensa-al-acne-consejos-y-errores-a-evitar\/\">Sigue leyendo<\/a>\n                    <\/div>\n                <\/article>\n            <\/div>\n        <\/a> \n\t\n\t\n<\/div><\/div><\/section>","protected":false},"excerpt":{"rendered":"","protected":false},"author":10,"featured_media":0,"parent":0,"menu_order":0,"comment_status":"closed","ping_status":"closed","template":"blog-theme.php","meta":{"_acf_changed":false,"footnotes":""},"class_list":["post-1610","page","type-page","status-publish","hentry"],"acf":[],"yoast_head":"<!-- This site is optimized with the Yoast SEO plugin v27.5 - https:\/\/yoast.com\/product\/yoast-seo-wordpress\/ -->\n<title>Blog - River Pharma<\/title>\n<meta name=\"robots\" content=\"index, follow, max-snippet:-1, max-image-preview:large, max-video-preview:-1\" \/>\n<link rel=\"canonical\" href=\"https:\/\/www.riverpharma.it\/es\/blog\/\" \/>\n<meta property=\"og:locale\" content=\"es_ES\" \/>\n<meta property=\"og:type\" content=\"article\" \/>\n<meta property=\"og:title\" content=\"Blog - River Pharma\" \/>\n<meta property=\"og:url\" content=\"https:\/\/www.riverpharma.it\/es\/blog\/\" \/>\n<meta property=\"og:site_name\" content=\"River Pharma\" \/>\n<meta property=\"article:modified_time\" content=\"2022-07-05T10:25:08+00:00\" \/>\n<meta name=\"twitter:card\" content=\"summary_large_image\" \/>\n<script type=\"application\/ld+json\" class=\"yoast-schema-graph\">{\"@context\":\"https:\\\/\\\/schema.org\",\"@graph\":[{\"@type\":\"WebPage\",\"@id\":\"https:\\\/\\\/www.riverpharma.it\\\/es\\\/blog\\\/\",\"url\":\"https:\\\/\\\/www.riverpharma.it\\\/es\\\/blog\\\/\",\"name\":\"Blog - River Pharma\",\"isPartOf\":{\"@id\":\"https:\\\/\\\/www.riverpharma.it\\\/#website\"},\"datePublished\":\"2022-01-12T10:15:00+00:00\",\"dateModified\":\"2022-07-05T10:25:08+00:00\",\"breadcrumb\":{\"@id\":\"https:\\\/\\\/www.riverpharma.it\\\/es\\\/blog\\\/#breadcrumb\"},\"inLanguage\":\"es\",\"potentialAction\":[{\"@type\":\"ReadAction\",\"target\":[\"https:\\\/\\\/www.riverpharma.it\\\/es\\\/blog\\\/\"]}]},{\"@type\":\"BreadcrumbList\",\"@id\":\"https:\\\/\\\/www.riverpharma.it\\\/es\\\/blog\\\/#breadcrumb\",\"itemListElement\":[{\"@type\":\"ListItem\",\"position\":1,\"name\":\"Home\",\"item\":\"https:\\\/\\\/www.riverpharma.it\\\/es\\\/\"},{\"@type\":\"ListItem\",\"position\":2,\"name\":\"Blog\"}]},{\"@type\":\"WebSite\",\"@id\":\"https:\\\/\\\/www.riverpharma.it\\\/#website\",\"url\":\"https:\\\/\\\/www.riverpharma.it\\\/\",\"name\":\"River Pharma\",\"description\":\"\",\"potentialAction\":[{\"@type\":\"SearchAction\",\"target\":{\"@type\":\"EntryPoint\",\"urlTemplate\":\"https:\\\/\\\/www.riverpharma.it\\\/?s={search_term_string}\"},\"query-input\":{\"@type\":\"PropertyValueSpecification\",\"valueRequired\":true,\"valueName\":\"search_term_string\"}}],\"inLanguage\":\"es\"}]}<\/script>\n<!-- \/ Yoast SEO plugin. -->","yoast_head_json":{"title":"Blog - River Pharma","robots":{"index":"index","follow":"follow","max-snippet":"max-snippet:-1","max-image-preview":"max-image-preview:large","max-video-preview":"max-video-preview:-1"},"canonical":"https:\/\/www.riverpharma.it\/es\/blog\/","og_locale":"es_ES","og_type":"article","og_title":"Blog - River Pharma","og_url":"https:\/\/www.riverpharma.it\/es\/blog\/","og_site_name":"River Pharma","article_modified_time":"2022-07-05T10:25:08+00:00","twitter_card":"summary_large_image","schema":{"@context":"https:\/\/schema.org","@graph":[{"@type":"WebPage","@id":"https:\/\/www.riverpharma.it\/es\/blog\/","url":"https:\/\/www.riverpharma.it\/es\/blog\/","name":"Blog - River Pharma","isPartOf":{"@id":"https:\/\/www.riverpharma.it\/#website"},"datePublished":"2022-01-12T10:15:00+00:00","dateModified":"2022-07-05T10:25:08+00:00","breadcrumb":{"@id":"https:\/\/www.riverpharma.it\/es\/blog\/#breadcrumb"},"inLanguage":"es","potentialAction":[{"@type":"ReadAction","target":["https:\/\/www.riverpharma.it\/es\/blog\/"]}]},{"@type":"BreadcrumbList","@id":"https:\/\/www.riverpharma.it\/es\/blog\/#breadcrumb","itemListElement":[{"@type":"ListItem","position":1,"name":"Home","item":"https:\/\/www.riverpharma.it\/es\/"},{"@type":"ListItem","position":2,"name":"Blog"}]},{"@type":"WebSite","@id":"https:\/\/www.riverpharma.it\/#website","url":"https:\/\/www.riverpharma.it\/","name":"River Pharma","description":"","potentialAction":[{"@type":"SearchAction","target":{"@type":"EntryPoint","urlTemplate":"https:\/\/www.riverpharma.it\/?s={search_term_string}"},"query-input":{"@type":"PropertyValueSpecification","valueRequired":true,"valueName":"search_term_string"}}],"inLanguage":"es"}]}},"_links":{"self":[{"href":"https:\/\/www.riverpharma.it\/es\/wp-json\/wp\/v2\/pages\/1610","targetHints":{"allow":["GET"]}}],"collection":[{"href":"https:\/\/www.riverpharma.it\/es\/wp-json\/wp\/v2\/pages"}],"about":[{"href":"https:\/\/www.riverpharma.it\/es\/wp-json\/wp\/v2\/types\/page"}],"author":[{"embeddable":true,"href":"https:\/\/www.riverpharma.it\/es\/wp-json\/wp\/v2\/users\/10"}],"replies":[{"embeddable":true,"href":"https:\/\/www.riverpharma.it\/es\/wp-json\/wp\/v2\/comments?post=1610"}],"version-history":[{"count":1,"href":"https:\/\/www.riverpharma.it\/es\/wp-json\/wp\/v2\/pages\/1610\/revisions"}],"predecessor-version":[{"id":1612,"href":"https:\/\/www.riverpharma.it\/es\/wp-json\/wp\/v2\/pages\/1610\/revisions\/1612"}],"wp:attachment":[{"href":"https:\/\/www.riverpharma.it\/es\/wp-json\/wp\/v2\/media?parent=1610"}],"curies":[{"name":"wp","href":"https:\/\/api.w.org\/{rel}","templated":true}]}}