{"id":1605,"date":"2022-02-09T13:34:47","date_gmt":"2022-02-09T13:34:47","guid":{"rendered":"https:\/\/www.riverpharma.it\/dermocosmetici\/"},"modified":"2022-07-12T15:44:43","modified_gmt":"2022-07-12T13:44:43","slug":"dermocosmetica","status":"publish","type":"page","link":"https:\/\/www.riverpharma.it\/es\/dermocosmetica\/","title":{"rendered":"Dermocosm\u00e9tica"},"content":{"rendered":"<!-- Block Hero -->\n<section id=\"block_hero\" class=\"hero is-primary is-large has-background\" style=\"background-image: url('https:\/\/www.riverpharma.it\/wp-content\/uploads\/2022\/02\/Group-78-2.jpg');\">\n    <!-- <img decoding=\"async\" class=\"hero-background\" src=\"https:\/\/www.riverpharma.it\/wp-content\/uploads\/2022\/02\/Group-78-2.jpg\" alt=\"<b>Dermocosm\u00e9tica<\/b>\"> -->\n    <div class=\"hero-body\">\n      <div class=\"container\">\n        <nav class=\"breadcrumb is-small\" aria-label=\"breadcrumbs\"><ul><li><a href=\"https:\/\/www.riverpharma.it\/es\/\">Home<\/a><\/li><li class=\"is-active\"><a href=\"https:\/\/www.riverpharma.it\/es\/wp-json\/wp\/v2\/pages\/1605\/\" aria-current=\"page\">Home<\/a><\/li><\/ul><\/nav>        <div class=\"columns is-align-items-end\">\n          <div class=\"column is-7\">\n            <div class=\"content\" id=\"hero-description\">\n              <h1 class=\"title is-1 has-text-ocean is-spaced\"><b>Dermocosm\u00e9tica<\/b><\/h1>\n              <p><p>River Pharma lleva a cabo innovadoras investigaciones cient\u00edficas y estudios de eficacia en sus laboratorios de investigaci\u00f3n para ofrecer formulaciones innovadoras de alta calidad.<\/p>\n<p>Desde 2007 River Pharma es experiencia dermatol\u00f3gica e innovaci\u00f3n cient\u00edfica, comprometida a garantizar productos a base de \u00e1cido hialur\u00f3nico, eficaces y de alta biodisponibilidad, para el bienestar y la salud de la piel desde el interior. Dermocosmesis y Nutrac\u00e9utica de excelencia, formulada seg\u00fan nuestra Filosof\u00eda Science Based.<\/p>\n<\/p>\n            <\/div>\n            <a href=\"javascript:void(0);\" id=\"chev-down-wrapper\" class=\"read-more\">\n              <div class=\"read-more-text-wrapper\">\n                <small id=\"read-more-text\">lee mas<\/small>\n              <\/div>\n              <svg id=\"chev-img\" width=\"72\" height=\"19\" viewBox=\"0 0 72 19\" fill=\"none\" xmlns=\"http:\/\/www.w3.org\/2000\/svg\">\n                <path d=\"M0 1H19.5L36 17.5L52.5 1H72\" stroke=\"#fff\" stroke-width=\"1\"\/>\n              <\/svg> \n            <\/a>\n          <\/div>\n        <\/div>\n      <\/div>\n    <\/div>\n<\/section>\n\n<section id=\"block_listingproducts\" class=\"section is-small\">\n<div class=\"container is-smaller has-text-centered\">\n    \n    <\/div>\n<div class=\"container is-max-widescreen mt-4\"><div class=\"products-filters isotope-filters buttons mb-6 swiper\"><div class=\"swiper-wrapper\"><div class=\"swiper-slide\"><button class=\"button is-primary is-uppercase is-rounded has-text-weight-semibold is-outlined\" data-filter=\"*\">todos<\/div><\/button>\n<!-- <button class=\"swiper-slide button is-primary is-uppercase is-rounded has-text-weight-semibold is-outlined\" data-filter=\".bienestar-de-la-mujer\">Bienestar de la mujer<\/button> -->\n<div class=\"swiper-slide\">\n    <button class=\"button is-primary is-uppercase is-rounded has-text-weight-semibold is-outlined\" data-filter=\".bienestar-de-la-mujer\">Bienestar de la mujer<\/button>\n<\/div>\n<!-- <button class=\"swiper-slide button is-primary is-uppercase is-rounded has-text-weight-semibold is-outlined\" data-filter=\".bienestar-de-la-piel\">Bienestar de la piel<\/button> -->\n<div class=\"swiper-slide\">\n    <button class=\"button is-primary is-uppercase is-rounded has-text-weight-semibold is-outlined\" data-filter=\".bienestar-de-la-piel\">Bienestar de la piel<\/button>\n<\/div><\/div><\/div><div class=\"products-listing isotope-grid\"><div class=\"gutter-sizer\"><\/div>\n\n<div class=\"isotope-item mb-7 bienestar-de-la-piel bienestar-de-la-mujer\">\n    <article class=\"columns\">\n        <a href=\"https:\/\/www.riverpharma.it\/es\/producto\/levicika\/\" alt=\"LEVICIKA\">\n            <figure class=\"column\">\n                <img decoding=\"async\" src=\"https:\/\/www.riverpharma.it\/wp-content\/uploads\/2022\/01\/levicika-new.png\" alt=\"LEVICIKA\">\n            <\/figure>\n        <\/a>\n        <div class=\"column content\">\n            <a href=\"https:\/\/www.riverpharma.it\/es\/producto\/levicika\/\" alt=\"LEVICIKA\">\n                <h3 class=\"\">LEVICIKA<\/h3>\n            <\/a>\n            <p>Levicika es una formulaci\u00f3n en crema que ayuda a reducir los signos visibles de las cicatrices hipertr\u00f3ficas y queloides.<\/p>\n            <a class=\"link has-text-link\" href=\"https:\/\/www.riverpharma.it\/es\/producto\/levicika\/\">Descubre el producto<\/a>\n        <\/div>\n    <\/article>\n<\/div><\/div><\/section>\n\n<!-- Block Focus On -->\n<section id=\"block_focuson\" class=\"hero is-primary is-fullheight has-background \">\n  <img decoding=\"async\" class=\"hero-background\" src=\"https:\/\/www.riverpharma.it\/wp-content\/uploads\/2022\/02\/Group-78-1.jpg\" alt=\"La nueva frontera de la biodisponibilidad\">\n  <div class=\"hero-body\">\n    <div class=\"container is-max-widescreen\">\n      <div class=\"columns\">\n        <div class=\"column is-4 content\">\n          <h2 class=\"title is-2 has-text-white\">La nueva frontera de la biodisponibilidad<\/h2>\n          <p><p>Desarrollamos las metodolog\u00edas de formulaci\u00f3n m\u00e1s avanzadas para superar los complejos desaf\u00edos de la biodisponibilidad y ofrecer una gama \u00fanica de soluciones terap\u00e9uticas integradas.<\/p>\n<p>Formulamos productos a base de \u00e1cido hialur\u00f3nico de alto peso molecular, que se caracterizan por su eficacia en 7 \u00e1reas terap\u00e9uticas espec\u00edficas.<\/p>\n<\/p>\n          <a class=\"link has-text-link-light\" href=\"\/es\/biodisponibilidad\/\">Saber m\u00e1s<\/a>\n        <\/div>\n      <\/div>\n    <\/div>\n  <\/div>\n<\/section>\n\n<!-- Block Plus -->\n<section id=\"block_plus\" class=\"section is-medium\">\n  <div class=\"container is-smaller has-text-centered\">\n    <h2 class=\"title is-2 has-text-primary-dark is-spaced\">Las ventajas de nuestros productos<\/h2>\n    <p class=\"subtitle\"><p>Desarrollamos soluciones terap\u00e9uticas integradas, basadas en \u00c1cido Hialur\u00f3nico de alto peso molecular, que cuentan con 4 potencias absolutas.<\/p>\n<\/p>\n  <\/div>\n  <div class=\"container mt-7 mb-4\">\n    <div class=\"swiper\">\n      <div class=\"swiper-wrapper\">\n        <div class=\"swiper-slide py-6\">\n          <div class=\"block p-3\">\n            <div class=\"content has-text-centered\">\n              <div class=\"icon is-large\"><img decoding=\"async\" src=\"https:\/\/www.riverpharma.it\/wp-content\/uploads\/2022\/01\/Frame1.png\" alt=\"EFICACIA TERAP\u00c9UTICA COMPROBADA\"><\/div>\n              <h3 class=\"title is-4 is-uppercase has-text-weight-semibold\">EFICACIA TERAP\u00c9UTICA COMPROBADA<\/h3>\n              <p><p>La efectividad indica el poder que tiene una mol\u00e9cula para lograr el m\u00e1ximo efecto. Nuestras tecnolog\u00edas de formulaci\u00f3n respaldan protocolos m\u00e9dicos avanzados para la prevenci\u00f3n y el tratamiento de enfermedades muy extendidas.<\/p>\n<\/p>\n            <\/div>\n          <\/div>\n        <\/div>\n        <div class=\"swiper-slide py-6\">\n          <div class=\"block p-3\">\n            <div class=\"content has-text-centered\">\n              <div class=\"icon is-large\"><img decoding=\"async\" src=\"https:\/\/www.riverpharma.it\/wp-content\/uploads\/2022\/01\/Frame2.png\" alt=\"ALTO PESO MOLECULAR\"><\/div>\n              <h3 class=\"title is-4 is-uppercase has-text-weight-semibold\">ALTO PESO MOLECULAR<\/h3>\n              <p><p>Tomado por v\u00eda oral, el \u00c1cido Hialur\u00f3nico, de alto peso molecular, est\u00e1 cient\u00edficamente probado como altamente biodisponible y funcional en las diversas \u00e1reas org\u00e1nicas. La cin\u00e9tica garantiza una alta concentraci\u00f3n y eficacia del ingrediente activo.<\/p>\n<\/p>\n            <\/div>\n          <\/div>\n        <\/div>\n        <div class=\"swiper-slide py-6\">\n          <div class=\"block p-3\">\n            <div class=\"content has-text-centered\">\n              <div class=\"icon is-large\"><img decoding=\"async\" src=\"https:\/\/www.riverpharma.it\/wp-content\/uploads\/2022\/01\/Frame3.png\" alt=\"ALTA BIODISPONIBILIDAD\"><\/div>\n              <h3 class=\"title is-4 is-uppercase has-text-weight-semibold\">ALTA BIODISPONIBILIDAD<\/h3>\n              <p><p>La biodisponibilidad indica el grado y la rapidez con que el principio activo llega a la circulaci\u00f3n sist\u00e9mica, adquiriendo as\u00ed la capacidad de ser absorbido por el organismo. Cuanto mayor sea el grado de absorci\u00f3n de un principio activo, mayor ser\u00e1 su eficacia terap\u00e9utica.<\/p>\n<\/p>\n            <\/div>\n          <\/div>\n        <\/div>\n        <div class=\"swiper-slide py-6\">\n          <div class=\"block p-3\">\n            <div class=\"content has-text-centered\">\n              <div class=\"icon is-large\"><img decoding=\"async\" src=\"https:\/\/www.riverpharma.it\/wp-content\/uploads\/2022\/01\/Frame4.png\" alt=\"FORMULACI\u00d3N\"><\/div>\n              <h3 class=\"title is-4 is-uppercase has-text-weight-semibold\">FORMULACI\u00d3N<\/h3>\n              <p><p>Todos nuestros productos y dispositivos m\u00e9dicos siguen estrictamente etapas de desarrollo para asegurar que el principio activo se encuentre en una forma adecuada de administraci\u00f3n, favoreciendo as\u00ed el desempe\u00f1o de la acci\u00f3n terap\u00e9utica.<\/p>\n<\/p>\n            <\/div>\n          <\/div>\n        <\/div>\n\n      <\/div>\n    <\/div>\n  <\/div>\n<!--   <div class=\"container has-text-centered\">\n      <a class=\"link has-text-link\" href=\"\"><\/a>\n  <\/div> -->\n<\/section>\n<!-- \/ Block Plus -->\n\n<section id=\"block_latestnews\" class=\"section is-medium has-background-primary\">\n<div class=\"container is-smaller has-text-centered\">\n            <h2 class=\"title is-2 has-text-primary-dark is-spaced\">\n            &lt;strong&gt;La ciencia informa: &lt;\/strong&gt;El blog de River Pharma        <\/h2>\n    \n    <\/div>\n<div class=\"container is-fluid my-6 px-0\"><div class=\"swiper\"><div class=\"swiper-wrapper\"><div class=\"swiper-slide py-6\">\n    <article class=\"columns is-vcentered column-responsive\">\n    <a href=\"https:\/\/www.riverpharma.it\/es\/bienestar-de-las-articulaciones-los-beneficios-del-acido-hialuronico\/\" alt=\"Bienestar de las articulaciones: los beneficios del \u00e1cido hialur\u00f3nico\">\n        <figure class=\"column\">\n            <img decoding=\"async\" src=\"https:\/\/www.riverpharma.it\/wp-content\/uploads\/2022\/07\/850x485-benessere-articolazioni.jpg\" alt=\"Bienestar de las articulaciones: los beneficios del \u00e1cido hialur\u00f3nico\">\n        <\/figure>\n    <\/a>\n    <div class=\"column content\">\n        <a href=\"https:\/\/www.riverpharma.it\/es\/bienestar-de-las-articulaciones-los-beneficios-del-acido-hialuronico\/\" alt=\"Bienestar de las articulaciones: los beneficios del \u00e1cido hialur\u00f3nico\">\n            <h3 class=\"is-uppercase has-text-white\">Bienestar de las articulaciones: los beneficios del \u00e1cido hialur\u00f3nico<\/h3>\n        <\/a>\n        <div class=\"post-meta mb-5\">\n        <span class=\"post-meta-data has-text-white\">18 de julio de 2022<\/span>\n        <!-- <span class=\"post-meta-author has-text-ocean\">Filippo Colca<\/span> -->\n        <div class=\"post-meta-time icon-text has-text-white\">\n            <span class=\"icon mr-0 is-justify-content-flex-start\"><img decoding=\"async\" src=\"https:\/\/www.riverpharma.it\/wp-content\/themes\/riverpharma\/assets\/img\/icons\/ico-time.svg\" alt=\"\"><\/span>\n            <span>5 min.<\/span>\n        <\/div>\n        <\/div>\n        <div class=\"post-content has-text-white\">\n            <p class=\"post-paragraph-mobile\">El \u00e1cido hialur\u00f3nico tambi\u00e9n es muy eficaz para las articulaciones. Act\u00faa como amortiguador de choque mec\u00e1nico y como lubricante, ayudando as\u00ed a prevenir da\u00f1os en los tejidos, a menudo debido al estr\u00e9s f\u00edsico.<\/p>\n            <a class=\"link has-text-link-light\" href=\"https:\/\/www.riverpharma.it\/es\/bienestar-de-las-articulaciones-los-beneficios-del-acido-hialuronico\/\">Sigue leyendo<\/a>\n        <\/div>\n    <\/div>\n    <\/article>\n<\/div><div class=\"swiper-slide py-6\">\n    <article class=\"columns is-vcentered column-responsive\">\n    <a href=\"https:\/\/www.riverpharma.it\/es\/bienestar-de-los-huesos-propiedades-y-beneficios-del-silicio\/\" alt=\"Bienestar de los huesos: propiedades y beneficios del silicio\">\n        <figure class=\"column\">\n            <img decoding=\"async\" src=\"https:\/\/www.riverpharma.it\/wp-content\/uploads\/2022\/07\/850x485-benessere-ossa.jpg\" alt=\"Bienestar de los huesos: propiedades y beneficios del silicio\">\n        <\/figure>\n    <\/a>\n    <div class=\"column content\">\n        <a href=\"https:\/\/www.riverpharma.it\/es\/bienestar-de-los-huesos-propiedades-y-beneficios-del-silicio\/\" alt=\"Bienestar de los huesos: propiedades y beneficios del silicio\">\n            <h3 class=\"is-uppercase has-text-white\">Bienestar de los huesos: propiedades y beneficios del silicio<\/h3>\n        <\/a>\n        <div class=\"post-meta mb-5\">\n        <span class=\"post-meta-data has-text-white\">18 de julio de 2022<\/span>\n        <!-- <span class=\"post-meta-author has-text-ocean\">Filippo Colca<\/span> -->\n        <div class=\"post-meta-time icon-text has-text-white\">\n            <span class=\"icon mr-0 is-justify-content-flex-start\"><img decoding=\"async\" src=\"https:\/\/www.riverpharma.it\/wp-content\/themes\/riverpharma\/assets\/img\/icons\/ico-time.svg\" alt=\"\"><\/span>\n            <span>4 min.<\/span>\n        <\/div>\n        <\/div>\n        <div class=\"post-content has-text-white\">\n            <p class=\"post-paragraph-mobile\">El silicio es fundamental para nuestro organismo porque es parte integrante de los tejidos y contribuye a la constituci\u00f3n de huesos y cart\u00edlagos articulares, as\u00ed como a la formaci\u00f3n de los tejidos conectivos.<\/p>\n            <a class=\"link has-text-link-light\" href=\"https:\/\/www.riverpharma.it\/es\/bienestar-de-los-huesos-propiedades-y-beneficios-del-silicio\/\">Sigue leyendo<\/a>\n        <\/div>\n    <\/div>\n    <\/article>\n<\/div><div class=\"swiper-slide py-6\">\n    <article class=\"columns is-vcentered column-responsive\">\n    <a href=\"https:\/\/www.riverpharma.it\/es\/menopausia-y-osteoporosis-que-causa-la-perdida-de-tejido-oseo\/\" alt=\"Menopausia y osteoporosis: \u00bfqu\u00e9 causa la p\u00e9rdida de tejido \u00f3seo?\">\n        <figure class=\"column\">\n            <img decoding=\"async\" src=\"https:\/\/www.riverpharma.it\/wp-content\/uploads\/2022\/07\/850x485-menopausa-e-osteoporosi.jpg\" alt=\"Menopausia y osteoporosis: \u00bfqu\u00e9 causa la p\u00e9rdida de tejido \u00f3seo?\">\n        <\/figure>\n    <\/a>\n    <div class=\"column content\">\n        <a href=\"https:\/\/www.riverpharma.it\/es\/menopausia-y-osteoporosis-que-causa-la-perdida-de-tejido-oseo\/\" alt=\"Menopausia y osteoporosis: \u00bfqu\u00e9 causa la p\u00e9rdida de tejido \u00f3seo?\">\n            <h3 class=\"is-uppercase has-text-white\">Menopausia y osteoporosis: \u00bfqu\u00e9 causa la p\u00e9rdida de tejido \u00f3seo?<\/h3>\n        <\/a>\n        <div class=\"post-meta mb-5\">\n        <span class=\"post-meta-data has-text-white\">18 de julio de 2022<\/span>\n        <!-- <span class=\"post-meta-author has-text-ocean\">Filippo Colca<\/span> -->\n        <div class=\"post-meta-time icon-text has-text-white\">\n            <span class=\"icon mr-0 is-justify-content-flex-start\"><img decoding=\"async\" src=\"https:\/\/www.riverpharma.it\/wp-content\/themes\/riverpharma\/assets\/img\/icons\/ico-time.svg\" alt=\"\"><\/span>\n            <span>7 min.<\/span>\n        <\/div>\n        <\/div>\n        <div class=\"post-content has-text-white\">\n            <p class=\"post-paragraph-mobile\">Desafortunadamente para todas las mujeres que est\u00e1n en menopausia la osteoporosis es una triste realidad que tarde o temprano se har\u00e1 cada vez m\u00e1s presente en sus vidas, esto es a\u00fan m\u00e1s cierto en todos aquellos que ya tienen una predisposici\u00f3n gen\u00e9tica hacia esta enfermedad degenerativa de los huesos.<\/p>\n            <a class=\"link has-text-link-light\" href=\"https:\/\/www.riverpharma.it\/es\/menopausia-y-osteoporosis-que-causa-la-perdida-de-tejido-oseo\/\">Sigue leyendo<\/a>\n        <\/div>\n    <\/div>\n    <\/article>\n<\/div><\/div><div class=\"swiper-pagination\"><\/div><\/div><\/div><\/section>","protected":false},"excerpt":{"rendered":"","protected":false},"author":10,"featured_media":0,"parent":0,"menu_order":0,"comment_status":"closed","ping_status":"closed","template":"fullwidth-theme.php","meta":{"_acf_changed":false,"footnotes":""},"class_list":["post-1605","page","type-page","status-publish","hentry"],"acf":[],"yoast_head":"<!-- This site is optimized with the Yoast SEO plugin v27.4 - https:\/\/yoast.com\/product\/yoast-seo-wordpress\/ -->\n<title>Dermocosm\u00e9tica - River Pharma<\/title>\n<meta name=\"robots\" content=\"index, follow, max-snippet:-1, max-image-preview:large, max-video-preview:-1\" \/>\n<link rel=\"canonical\" href=\"https:\/\/www.riverpharma.it\/es\/dermocosmetica\/\" \/>\n<meta property=\"og:locale\" content=\"es_ES\" \/>\n<meta property=\"og:type\" content=\"article\" \/>\n<meta property=\"og:title\" content=\"Dermocosm\u00e9tica - River Pharma\" \/>\n<meta property=\"og:url\" content=\"https:\/\/www.riverpharma.it\/es\/dermocosmetica\/\" \/>\n<meta property=\"og:site_name\" content=\"River Pharma\" \/>\n<meta property=\"article:modified_time\" content=\"2022-07-12T13:44:43+00:00\" \/>\n<meta name=\"twitter:card\" content=\"summary_large_image\" \/>\n<script type=\"application\/ld+json\" class=\"yoast-schema-graph\">{\"@context\":\"https:\\\/\\\/schema.org\",\"@graph\":[{\"@type\":\"WebPage\",\"@id\":\"https:\\\/\\\/www.riverpharma.it\\\/es\\\/dermocosmetica\\\/\",\"url\":\"https:\\\/\\\/www.riverpharma.it\\\/es\\\/dermocosmetica\\\/\",\"name\":\"Dermocosm\u00e9tica - River Pharma\",\"isPartOf\":{\"@id\":\"https:\\\/\\\/www.riverpharma.it\\\/#website\"},\"datePublished\":\"2022-02-09T13:34:47+00:00\",\"dateModified\":\"2022-07-12T13:44:43+00:00\",\"breadcrumb\":{\"@id\":\"https:\\\/\\\/www.riverpharma.it\\\/es\\\/dermocosmetica\\\/#breadcrumb\"},\"inLanguage\":\"es\",\"potentialAction\":[{\"@type\":\"ReadAction\",\"target\":[\"https:\\\/\\\/www.riverpharma.it\\\/es\\\/dermocosmetica\\\/\"]}]},{\"@type\":\"BreadcrumbList\",\"@id\":\"https:\\\/\\\/www.riverpharma.it\\\/es\\\/dermocosmetica\\\/#breadcrumb\",\"itemListElement\":[{\"@type\":\"ListItem\",\"position\":1,\"name\":\"Home\",\"item\":\"https:\\\/\\\/www.riverpharma.it\\\/es\\\/\"},{\"@type\":\"ListItem\",\"position\":2,\"name\":\"Dermocosm\u00e9tica\"}]},{\"@type\":\"WebSite\",\"@id\":\"https:\\\/\\\/www.riverpharma.it\\\/#website\",\"url\":\"https:\\\/\\\/www.riverpharma.it\\\/\",\"name\":\"River Pharma\",\"description\":\"\",\"potentialAction\":[{\"@type\":\"SearchAction\",\"target\":{\"@type\":\"EntryPoint\",\"urlTemplate\":\"https:\\\/\\\/www.riverpharma.it\\\/?s={search_term_string}\"},\"query-input\":{\"@type\":\"PropertyValueSpecification\",\"valueRequired\":true,\"valueName\":\"search_term_string\"}}],\"inLanguage\":\"es\"}]}<\/script>\n<!-- \/ Yoast SEO plugin. -->","yoast_head_json":{"title":"Dermocosm\u00e9tica - River Pharma","robots":{"index":"index","follow":"follow","max-snippet":"max-snippet:-1","max-image-preview":"max-image-preview:large","max-video-preview":"max-video-preview:-1"},"canonical":"https:\/\/www.riverpharma.it\/es\/dermocosmetica\/","og_locale":"es_ES","og_type":"article","og_title":"Dermocosm\u00e9tica - River Pharma","og_url":"https:\/\/www.riverpharma.it\/es\/dermocosmetica\/","og_site_name":"River Pharma","article_modified_time":"2022-07-12T13:44:43+00:00","twitter_card":"summary_large_image","schema":{"@context":"https:\/\/schema.org","@graph":[{"@type":"WebPage","@id":"https:\/\/www.riverpharma.it\/es\/dermocosmetica\/","url":"https:\/\/www.riverpharma.it\/es\/dermocosmetica\/","name":"Dermocosm\u00e9tica - River Pharma","isPartOf":{"@id":"https:\/\/www.riverpharma.it\/#website"},"datePublished":"2022-02-09T13:34:47+00:00","dateModified":"2022-07-12T13:44:43+00:00","breadcrumb":{"@id":"https:\/\/www.riverpharma.it\/es\/dermocosmetica\/#breadcrumb"},"inLanguage":"es","potentialAction":[{"@type":"ReadAction","target":["https:\/\/www.riverpharma.it\/es\/dermocosmetica\/"]}]},{"@type":"BreadcrumbList","@id":"https:\/\/www.riverpharma.it\/es\/dermocosmetica\/#breadcrumb","itemListElement":[{"@type":"ListItem","position":1,"name":"Home","item":"https:\/\/www.riverpharma.it\/es\/"},{"@type":"ListItem","position":2,"name":"Dermocosm\u00e9tica"}]},{"@type":"WebSite","@id":"https:\/\/www.riverpharma.it\/#website","url":"https:\/\/www.riverpharma.it\/","name":"River Pharma","description":"","potentialAction":[{"@type":"SearchAction","target":{"@type":"EntryPoint","urlTemplate":"https:\/\/www.riverpharma.it\/?s={search_term_string}"},"query-input":{"@type":"PropertyValueSpecification","valueRequired":true,"valueName":"search_term_string"}}],"inLanguage":"es"}]}},"_links":{"self":[{"href":"https:\/\/www.riverpharma.it\/es\/wp-json\/wp\/v2\/pages\/1605","targetHints":{"allow":["GET"]}}],"collection":[{"href":"https:\/\/www.riverpharma.it\/es\/wp-json\/wp\/v2\/pages"}],"about":[{"href":"https:\/\/www.riverpharma.it\/es\/wp-json\/wp\/v2\/types\/page"}],"author":[{"embeddable":true,"href":"https:\/\/www.riverpharma.it\/es\/wp-json\/wp\/v2\/users\/10"}],"replies":[{"embeddable":true,"href":"https:\/\/www.riverpharma.it\/es\/wp-json\/wp\/v2\/comments?post=1605"}],"version-history":[{"count":7,"href":"https:\/\/www.riverpharma.it\/es\/wp-json\/wp\/v2\/pages\/1605\/revisions"}],"predecessor-version":[{"id":1907,"href":"https:\/\/www.riverpharma.it\/es\/wp-json\/wp\/v2\/pages\/1605\/revisions\/1907"}],"wp:attachment":[{"href":"https:\/\/www.riverpharma.it\/es\/wp-json\/wp\/v2\/media?parent=1605"}],"curies":[{"name":"wp","href":"https:\/\/api.w.org\/{rel}","templated":true}]}}