{"id":1596,"date":"2022-01-18T11:29:42","date_gmt":"2022-01-18T11:29:42","guid":{"rendered":"https:\/\/www.riverpharma.it\/contatti\/"},"modified":"2022-07-05T09:51:12","modified_gmt":"2022-07-05T09:51:12","slug":"contacto","status":"publish","type":"page","link":"https:\/\/www.riverpharma.it\/es\/contacto\/","title":{"rendered":"Contacto"},"content":{"rendered":"<section id=\"block_latestnews\" class=\"section is-medium has-background-primary\">\n<div class=\"container is-smaller has-text-centered\">\n            <h2 class=\"title is-2 has-text-primary-dark is-spaced\">\n            &lt;strong&gt;La ciencia informa: &lt;\/strong&gt;El blog de River Pharma        <\/h2>\n    \n            <p class=\"subtitle\">\n            Mant\u00e9ngase actualizado, obtenga m\u00e1s informaci\u00f3n sobre la investigaci\u00f3n y los conocimientos de los miembros m\u00e1s autorizados de la comunidad m\u00e9dico-cient\u00edfica internacional.        <\/p>\n    <\/div>\n<div class=\"container is-fluid my-6 px-0\"><div class=\"swiper\"><div class=\"swiper-wrapper\"><div class=\"swiper-slide py-6\">\n    <article class=\"columns is-vcentered column-responsive\">\n    <a href=\"https:\/\/www.riverpharma.it\/es\/bienestar-de-las-articulaciones-los-beneficios-del-acido-hialuronico\/\" alt=\"Bienestar de las articulaciones: los beneficios del \u00e1cido hialur\u00f3nico\">\n        <figure class=\"column\">\n            <img decoding=\"async\" src=\"https:\/\/www.riverpharma.it\/wp-content\/uploads\/2022\/07\/850x485-benessere-articolazioni.jpg\" alt=\"Bienestar de las articulaciones: los beneficios del \u00e1cido hialur\u00f3nico\">\n        <\/figure>\n    <\/a>\n    <div class=\"column content\">\n        <a href=\"https:\/\/www.riverpharma.it\/es\/bienestar-de-las-articulaciones-los-beneficios-del-acido-hialuronico\/\" alt=\"Bienestar de las articulaciones: los beneficios del \u00e1cido hialur\u00f3nico\">\n            <h3 class=\"is-uppercase has-text-white\">Bienestar de las articulaciones: los beneficios del \u00e1cido hialur\u00f3nico<\/h3>\n        <\/a>\n        <div class=\"post-meta mb-5\">\n        <span class=\"post-meta-data has-text-white\">18 de julio de 2022<\/span>\n        <!-- <span class=\"post-meta-author has-text-ocean\">Filippo Colca<\/span> -->\n        <div class=\"post-meta-time icon-text has-text-white\">\n            <span class=\"icon mr-0 is-justify-content-flex-start\"><img decoding=\"async\" src=\"https:\/\/www.riverpharma.it\/wp-content\/themes\/riverpharma\/assets\/img\/icons\/ico-time.svg\" alt=\"\"><\/span>\n            <span>5 min.<\/span>\n        <\/div>\n        <\/div>\n        <div class=\"post-content has-text-white\">\n            <p class=\"post-paragraph-mobile\">El \u00e1cido hialur\u00f3nico tambi\u00e9n es muy eficaz para las articulaciones. Act\u00faa como amortiguador de choque mec\u00e1nico y como lubricante, ayudando as\u00ed a prevenir da\u00f1os en los tejidos, a menudo debido al estr\u00e9s f\u00edsico.<\/p>\n            <a class=\"link has-text-link-light\" href=\"https:\/\/www.riverpharma.it\/es\/bienestar-de-las-articulaciones-los-beneficios-del-acido-hialuronico\/\">Sigue leyendo<\/a>\n        <\/div>\n    <\/div>\n    <\/article>\n<\/div><div class=\"swiper-slide py-6\">\n    <article class=\"columns is-vcentered column-responsive\">\n    <a href=\"https:\/\/www.riverpharma.it\/es\/bienestar-de-los-huesos-propiedades-y-beneficios-del-silicio\/\" alt=\"Bienestar de los huesos: propiedades y beneficios del silicio\">\n        <figure class=\"column\">\n            <img decoding=\"async\" src=\"https:\/\/www.riverpharma.it\/wp-content\/uploads\/2022\/07\/850x485-benessere-ossa.jpg\" alt=\"Bienestar de los huesos: propiedades y beneficios del silicio\">\n        <\/figure>\n    <\/a>\n    <div class=\"column content\">\n        <a href=\"https:\/\/www.riverpharma.it\/es\/bienestar-de-los-huesos-propiedades-y-beneficios-del-silicio\/\" alt=\"Bienestar de los huesos: propiedades y beneficios del silicio\">\n            <h3 class=\"is-uppercase has-text-white\">Bienestar de los huesos: propiedades y beneficios del silicio<\/h3>\n        <\/a>\n        <div class=\"post-meta mb-5\">\n        <span class=\"post-meta-data has-text-white\">18 de julio de 2022<\/span>\n        <!-- <span class=\"post-meta-author has-text-ocean\">Filippo Colca<\/span> -->\n        <div class=\"post-meta-time icon-text has-text-white\">\n            <span class=\"icon mr-0 is-justify-content-flex-start\"><img decoding=\"async\" src=\"https:\/\/www.riverpharma.it\/wp-content\/themes\/riverpharma\/assets\/img\/icons\/ico-time.svg\" alt=\"\"><\/span>\n            <span>4 min.<\/span>\n        <\/div>\n        <\/div>\n        <div class=\"post-content has-text-white\">\n            <p class=\"post-paragraph-mobile\">El silicio es fundamental para nuestro organismo porque es parte integrante de los tejidos y contribuye a la constituci\u00f3n de huesos y cart\u00edlagos articulares, as\u00ed como a la formaci\u00f3n de los tejidos conectivos.<\/p>\n            <a class=\"link has-text-link-light\" href=\"https:\/\/www.riverpharma.it\/es\/bienestar-de-los-huesos-propiedades-y-beneficios-del-silicio\/\">Sigue leyendo<\/a>\n        <\/div>\n    <\/div>\n    <\/article>\n<\/div><div class=\"swiper-slide py-6\">\n    <article class=\"columns is-vcentered column-responsive\">\n    <a href=\"https:\/\/www.riverpharma.it\/es\/menopausia-y-osteoporosis-que-causa-la-perdida-de-tejido-oseo\/\" alt=\"Menopausia y osteoporosis: \u00bfqu\u00e9 causa la p\u00e9rdida de tejido \u00f3seo?\">\n        <figure class=\"column\">\n            <img decoding=\"async\" src=\"https:\/\/www.riverpharma.it\/wp-content\/uploads\/2022\/07\/850x485-menopausa-e-osteoporosi.jpg\" alt=\"Menopausia y osteoporosis: \u00bfqu\u00e9 causa la p\u00e9rdida de tejido \u00f3seo?\">\n        <\/figure>\n    <\/a>\n    <div class=\"column content\">\n        <a href=\"https:\/\/www.riverpharma.it\/es\/menopausia-y-osteoporosis-que-causa-la-perdida-de-tejido-oseo\/\" alt=\"Menopausia y osteoporosis: \u00bfqu\u00e9 causa la p\u00e9rdida de tejido \u00f3seo?\">\n            <h3 class=\"is-uppercase has-text-white\">Menopausia y osteoporosis: \u00bfqu\u00e9 causa la p\u00e9rdida de tejido \u00f3seo?<\/h3>\n        <\/a>\n        <div class=\"post-meta mb-5\">\n        <span class=\"post-meta-data has-text-white\">18 de julio de 2022<\/span>\n        <!-- <span class=\"post-meta-author has-text-ocean\">Filippo Colca<\/span> -->\n        <div class=\"post-meta-time icon-text has-text-white\">\n            <span class=\"icon mr-0 is-justify-content-flex-start\"><img decoding=\"async\" src=\"https:\/\/www.riverpharma.it\/wp-content\/themes\/riverpharma\/assets\/img\/icons\/ico-time.svg\" alt=\"\"><\/span>\n            <span>7 min.<\/span>\n        <\/div>\n        <\/div>\n        <div class=\"post-content has-text-white\">\n            <p class=\"post-paragraph-mobile\">Desafortunadamente para todas las mujeres que est\u00e1n en menopausia la osteoporosis es una triste realidad que tarde o temprano se har\u00e1 cada vez m\u00e1s presente en sus vidas, esto es a\u00fan m\u00e1s cierto en todos aquellos que ya tienen una predisposici\u00f3n gen\u00e9tica hacia esta enfermedad degenerativa de los huesos.<\/p>\n            <a class=\"link has-text-link-light\" href=\"https:\/\/www.riverpharma.it\/es\/menopausia-y-osteoporosis-que-causa-la-perdida-de-tejido-oseo\/\">Sigue leyendo<\/a>\n        <\/div>\n    <\/div>\n    <\/article>\n<\/div><\/div><div class=\"swiper-pagination\"><\/div><\/div><\/div><\/section>","protected":false},"excerpt":{"rendered":"","protected":false},"author":10,"featured_media":0,"parent":0,"menu_order":0,"comment_status":"closed","ping_status":"closed","template":"contatti-theme.php","meta":{"_acf_changed":false,"footnotes":""},"class_list":["post-1596","page","type-page","status-publish","hentry"],"acf":[],"yoast_head":"<!-- This site is optimized with the Yoast SEO plugin v27.4 - https:\/\/yoast.com\/product\/yoast-seo-wordpress\/ -->\n<title>Contacto - River Pharma<\/title>\n<meta name=\"robots\" content=\"index, follow, max-snippet:-1, max-image-preview:large, max-video-preview:-1\" \/>\n<link rel=\"canonical\" href=\"https:\/\/www.riverpharma.it\/es\/contacto\/\" \/>\n<meta property=\"og:locale\" content=\"es_ES\" \/>\n<meta property=\"og:type\" content=\"article\" \/>\n<meta property=\"og:title\" content=\"Contacto - River Pharma\" \/>\n<meta property=\"og:url\" content=\"https:\/\/www.riverpharma.it\/es\/contacto\/\" \/>\n<meta property=\"og:site_name\" content=\"River Pharma\" \/>\n<meta property=\"article:modified_time\" content=\"2022-07-05T09:51:12+00:00\" \/>\n<meta name=\"twitter:card\" content=\"summary_large_image\" \/>\n<script type=\"application\/ld+json\" class=\"yoast-schema-graph\">{\"@context\":\"https:\\\/\\\/schema.org\",\"@graph\":[{\"@type\":\"WebPage\",\"@id\":\"https:\\\/\\\/www.riverpharma.it\\\/es\\\/contacto\\\/\",\"url\":\"https:\\\/\\\/www.riverpharma.it\\\/es\\\/contacto\\\/\",\"name\":\"Contacto - River Pharma\",\"isPartOf\":{\"@id\":\"https:\\\/\\\/www.riverpharma.it\\\/#website\"},\"datePublished\":\"2022-01-18T11:29:42+00:00\",\"dateModified\":\"2022-07-05T09:51:12+00:00\",\"breadcrumb\":{\"@id\":\"https:\\\/\\\/www.riverpharma.it\\\/es\\\/contacto\\\/#breadcrumb\"},\"inLanguage\":\"es\",\"potentialAction\":[{\"@type\":\"ReadAction\",\"target\":[\"https:\\\/\\\/www.riverpharma.it\\\/es\\\/contacto\\\/\"]}]},{\"@type\":\"BreadcrumbList\",\"@id\":\"https:\\\/\\\/www.riverpharma.it\\\/es\\\/contacto\\\/#breadcrumb\",\"itemListElement\":[{\"@type\":\"ListItem\",\"position\":1,\"name\":\"Home\",\"item\":\"https:\\\/\\\/www.riverpharma.it\\\/es\\\/\"},{\"@type\":\"ListItem\",\"position\":2,\"name\":\"Contacto\"}]},{\"@type\":\"WebSite\",\"@id\":\"https:\\\/\\\/www.riverpharma.it\\\/#website\",\"url\":\"https:\\\/\\\/www.riverpharma.it\\\/\",\"name\":\"River Pharma\",\"description\":\"\",\"potentialAction\":[{\"@type\":\"SearchAction\",\"target\":{\"@type\":\"EntryPoint\",\"urlTemplate\":\"https:\\\/\\\/www.riverpharma.it\\\/?s={search_term_string}\"},\"query-input\":{\"@type\":\"PropertyValueSpecification\",\"valueRequired\":true,\"valueName\":\"search_term_string\"}}],\"inLanguage\":\"es\"}]}<\/script>\n<!-- \/ Yoast SEO plugin. -->","yoast_head_json":{"title":"Contacto - River Pharma","robots":{"index":"index","follow":"follow","max-snippet":"max-snippet:-1","max-image-preview":"max-image-preview:large","max-video-preview":"max-video-preview:-1"},"canonical":"https:\/\/www.riverpharma.it\/es\/contacto\/","og_locale":"es_ES","og_type":"article","og_title":"Contacto - River Pharma","og_url":"https:\/\/www.riverpharma.it\/es\/contacto\/","og_site_name":"River Pharma","article_modified_time":"2022-07-05T09:51:12+00:00","twitter_card":"summary_large_image","schema":{"@context":"https:\/\/schema.org","@graph":[{"@type":"WebPage","@id":"https:\/\/www.riverpharma.it\/es\/contacto\/","url":"https:\/\/www.riverpharma.it\/es\/contacto\/","name":"Contacto - River Pharma","isPartOf":{"@id":"https:\/\/www.riverpharma.it\/#website"},"datePublished":"2022-01-18T11:29:42+00:00","dateModified":"2022-07-05T09:51:12+00:00","breadcrumb":{"@id":"https:\/\/www.riverpharma.it\/es\/contacto\/#breadcrumb"},"inLanguage":"es","potentialAction":[{"@type":"ReadAction","target":["https:\/\/www.riverpharma.it\/es\/contacto\/"]}]},{"@type":"BreadcrumbList","@id":"https:\/\/www.riverpharma.it\/es\/contacto\/#breadcrumb","itemListElement":[{"@type":"ListItem","position":1,"name":"Home","item":"https:\/\/www.riverpharma.it\/es\/"},{"@type":"ListItem","position":2,"name":"Contacto"}]},{"@type":"WebSite","@id":"https:\/\/www.riverpharma.it\/#website","url":"https:\/\/www.riverpharma.it\/","name":"River Pharma","description":"","potentialAction":[{"@type":"SearchAction","target":{"@type":"EntryPoint","urlTemplate":"https:\/\/www.riverpharma.it\/?s={search_term_string}"},"query-input":{"@type":"PropertyValueSpecification","valueRequired":true,"valueName":"search_term_string"}}],"inLanguage":"es"}]}},"_links":{"self":[{"href":"https:\/\/www.riverpharma.it\/es\/wp-json\/wp\/v2\/pages\/1596","targetHints":{"allow":["GET"]}}],"collection":[{"href":"https:\/\/www.riverpharma.it\/es\/wp-json\/wp\/v2\/pages"}],"about":[{"href":"https:\/\/www.riverpharma.it\/es\/wp-json\/wp\/v2\/types\/page"}],"author":[{"embeddable":true,"href":"https:\/\/www.riverpharma.it\/es\/wp-json\/wp\/v2\/users\/10"}],"replies":[{"embeddable":true,"href":"https:\/\/www.riverpharma.it\/es\/wp-json\/wp\/v2\/comments?post=1596"}],"version-history":[{"count":1,"href":"https:\/\/www.riverpharma.it\/es\/wp-json\/wp\/v2\/pages\/1596\/revisions"}],"predecessor-version":[{"id":1597,"href":"https:\/\/www.riverpharma.it\/es\/wp-json\/wp\/v2\/pages\/1596\/revisions\/1597"}],"wp:attachment":[{"href":"https:\/\/www.riverpharma.it\/es\/wp-json\/wp\/v2\/media?parent=1596"}],"curies":[{"name":"wp","href":"https:\/\/api.w.org\/{rel}","templated":true}]}}