{"id":1584,"date":"2022-01-25T14:11:39","date_gmt":"2022-01-25T14:11:39","guid":{"rendered":"https:\/\/www.riverpharma.it\/empresa\/ricerca\/"},"modified":"2022-07-05T09:36:00","modified_gmt":"2022-07-05T09:36:00","slug":"investigacion-y-desarrollo","status":"publish","type":"page","link":"https:\/\/www.riverpharma.it\/es\/empresa\/investigacion-y-desarrollo\/","title":{"rendered":"Investigaci\u00f3n y desarrollo"},"content":{"rendered":"<!-- Block Hero -->\n<section id=\"block_hero\" class=\"hero is-primary is-large has-background\" style=\"background-image: url('https:\/\/www.riverpharma.it\/wp-content\/uploads\/2022\/01\/Group-78-2.png');\">\n    <!-- <img decoding=\"async\" class=\"hero-background\" src=\"https:\/\/www.riverpharma.it\/wp-content\/uploads\/2022\/01\/Group-78-2.png\" alt=\"Investigaci\u00f3n y desarrollo\"> -->\n    <div class=\"hero-body\">\n      <div class=\"container\">\n        <nav class=\"breadcrumb is-small\" aria-label=\"breadcrumbs\"><ul><li><a href=\"https:\/\/www.riverpharma.it\/es\/\">Home<\/a><\/li><li class=\"is-active\"><a href=\"https:\/\/www.riverpharma.it\/es\/wp-json\/wp\/v2\/pages\/1584\/\" aria-current=\"page\">Home<\/a><\/li><\/ul><\/nav>        <div class=\"columns is-align-items-end\">\n          <div class=\"column is-7\">\n            <div class=\"content\" id=\"hero-description\">\n              <h1 class=\"title is-1 has-text-ocean is-spaced\">Investigaci\u00f3n y desarrollo<\/h1>\n              <p><p>La Investigaci\u00f3n y el Desarrollo (I+D) son el coraz\u00f3n de River Pharma y la Innovaci\u00f3n es nuestra vocaci\u00f3n. Invertimos gran parte de nuestra facturaci\u00f3n en Investigaci\u00f3n porque consideramos que la I+D+i es la clave para desarrollar Formulaciones Seguras y Eficaces con \u00e9xito.<\/p>\n<p>El bienestar de las personas es la inspiraci\u00f3n de todas nuestras decisiones, dando forma a nuestro enfoque \u00e9tico. <\/p>\n<p>Es nuestra Misi\u00f3n y el objetivo central de nuestras actividades de Investigaci\u00f3n y Desarrollo. Por ello, estamos entre los primeros en desarrollar y comercializar Nutrac\u00e9uticos a base de \u00c1cido Hialur\u00f3nico de Alto Peso Molecular que destacan por sus altos est\u00e1ndares de eficacia terap\u00e9utica y la alta concentraci\u00f3n de principio activo.<\/p>\n<\/p>\n            <\/div>\n            <a href=\"javascript:void(0);\" id=\"chev-down-wrapper\" class=\"read-more\">\n              <div class=\"read-more-text-wrapper\">\n                <small id=\"read-more-text\">lee mas<\/small>\n              <\/div>\n              <svg id=\"chev-img\" width=\"72\" height=\"19\" viewBox=\"0 0 72 19\" fill=\"none\" xmlns=\"http:\/\/www.w3.org\/2000\/svg\">\n                <path d=\"M0 1H19.5L36 17.5L52.5 1H72\" stroke=\"#fff\" stroke-width=\"1\"\/>\n              <\/svg> \n            <\/a>\n          <\/div>\n        <\/div>\n      <\/div>\n    <\/div>\n<\/section>\n\n\n<div class=\"wp-block-columns is-layout-flex wp-container-core-columns-is-layout-9d6595d7 wp-block-columns-is-layout-flex\">\n<div class=\"wp-block-column is-vertically-aligned-top mb-5 is-layout-flow wp-block-column-is-layout-flow\">\n<p>La investigaci\u00f3n y el desarrollo es uno de los pilares del \u00e9xito de River Pharma y se basa en la capacidad de entender y anticipar la evoluci\u00f3n de los estilos de vida, patolog\u00edas y h\u00e1bitos de los pacientes. Cient\u00edficos, bi\u00f3logos, qu\u00edmicos e investigadores est\u00e1n constantemente comprometidos en explorar nuevas posibilidades para expandir los l\u00edmites de la biodisponibilidad, creando modelos en los que la innovaci\u00f3n cient\u00edfica se combina con las tecnolog\u00edas m\u00e1s avanzadas, la s\u00edntesis de nuevas f\u00f3rmulas con la capacidad de repensar los protocolos y la funcionalidad.<\/p>\n\n\n\n<p><br>El cuidado de las personas inspira todas nuestras decisiones al dar forma a nuestra pol\u00edtica \u00e9tica. Es la raz\u00f3n de nuestra existencia y es tambi\u00e9n el pilar central de nuestras actividades de Investigaci\u00f3n y Desarrollo.<\/p>\n\n\n\n<p><br>Por ello, fuimos de los primeros en desarrollar y comercializar nutrac\u00e9uticos, cosm\u00e9ticos y dispositivos m\u00e9dicos a base de \u00c1cido Hialur\u00f3nico de Alto Peso Molecular. Estos productos se caracterizan por los altos est\u00e1ndares de eficacia terap\u00e9utica y la alta concentraci\u00f3n de ingredientes activos.<\/p>\n\n\n\n<p><br>River Pharma es una de las empresas europeas que investiga en la formulaci\u00f3n de soluciones terap\u00e9uticas integradas a base de \u00e1cido hialur\u00f3nico. La colaboraci\u00f3n sistem\u00e1tica y extensa entre investigadores est\u00e1 creando un nuevo impulso. Con nuestras soluciones innovadoras, estamos respondiendo a los desaf\u00edos globales en el sector de la salud y la necesidad de resguardar la calidad de vida de las personas. Nuestro \u00e9xito se basa en la excelencia en investigaci\u00f3n y desarrollo (I+D). El conocimiento y las habilidades de nuestros cient\u00edficos e investigadores son nuestro activo m\u00e1s valioso en este esfuerzo. Desarrollamos nuevas mol\u00e9culas y tecnolog\u00edas en los sectores de la medicina intensivos en investigaci\u00f3n e invertimos continuamente en proyectos de investigaci\u00f3n y desarrollo.<br>Hoy, la convergencia de la ciencia y la tecnolog\u00eda, junto con el potencial para explotar los datos en nuevas dimensiones, est\u00e1 cambiando radicalmente la investigaci\u00f3n y el desarrollo. Los programas personalizados y la colaboraci\u00f3n sistem\u00e1tica y amplia en investigaci\u00f3n y desarrollo est\u00e1n creando un nuevo valor para River Pharma y nuestros clientes.<\/p>\n<\/div>\n\n\n\n<div class=\"wp-block-column is-layout-flow wp-block-column-is-layout-flow\">\n<figure class=\"wp-block-image size-full\"><img loading=\"lazy\" decoding=\"async\" width=\"700\" height=\"510\" src=\"https:\/\/www.riverpharma.it\/wp-content\/uploads\/2022\/03\/ricerca-sviluppo.jpg\" alt=\"\" class=\"wp-image-633\" srcset=\"https:\/\/www.riverpharma.it\/wp-content\/uploads\/2022\/03\/ricerca-sviluppo.jpg 700w, https:\/\/www.riverpharma.it\/wp-content\/uploads\/2022\/03\/ricerca-sviluppo-600x437.jpg 600w, https:\/\/www.riverpharma.it\/wp-content\/uploads\/2022\/03\/ricerca-sviluppo-300x219.jpg 300w\" sizes=\"auto, (max-width: 700px) 100vw, 700px\" \/><\/figure>\n<\/div>\n<\/div>\n\n\n\n<div class=\"wp-block-columns btn-azienda-wrapper is-layout-flex wp-container-core-columns-is-layout-9d6595d7 wp-block-columns-is-layout-flex\">\n<div class=\"wp-block-column is-layout-flow wp-block-column-is-layout-flow\">\n<div class=\"wp-block-buttons is-content-justification-center is-layout-flex wp-container-core-buttons-is-layout-16018d1d wp-block-buttons-is-layout-flex\">\n<div class=\"wp-block-button is-style-outline btn-azienda is-style-outline--1\"><a class=\"wp-block-button__link has-text-color\" href=\"https:\/\/www.riverpharma.it\/es\/empresa\/\" style=\"color:#0f78a9\"><strong>Volver a Empresa<\/strong><\/a><\/div>\n<\/div>\n<\/div>\n<\/div>\n\n\n<section id=\"block_latestnews\" class=\"section is-medium has-background-primary\">\n<div class=\"container is-smaller has-text-centered\">\n            <h2 class=\"title is-2 has-text-primary-dark is-spaced\">\n            &lt;strong&gt;La ciencia informa: &lt;\/strong&gt;El blog de River Pharma        <\/h2>\n    \n    <\/div>\n<div class=\"container is-fluid my-6 px-0\"><div class=\"swiper\"><div class=\"swiper-wrapper\"><div class=\"swiper-slide py-6\">\n    <article class=\"columns is-vcentered column-responsive\">\n    <a href=\"https:\/\/www.riverpharma.it\/es\/bienestar-de-las-articulaciones-los-beneficios-del-acido-hialuronico\/\" alt=\"Bienestar de las articulaciones: los beneficios del \u00e1cido hialur\u00f3nico\">\n        <figure class=\"column\">\n            <img decoding=\"async\" src=\"https:\/\/www.riverpharma.it\/wp-content\/uploads\/2022\/07\/850x485-benessere-articolazioni.jpg\" alt=\"Bienestar de las articulaciones: los beneficios del \u00e1cido hialur\u00f3nico\">\n        <\/figure>\n    <\/a>\n    <div class=\"column content\">\n        <a href=\"https:\/\/www.riverpharma.it\/es\/bienestar-de-las-articulaciones-los-beneficios-del-acido-hialuronico\/\" alt=\"Bienestar de las articulaciones: los beneficios del \u00e1cido hialur\u00f3nico\">\n            <h3 class=\"is-uppercase has-text-white\">Bienestar de las articulaciones: los beneficios del \u00e1cido hialur\u00f3nico<\/h3>\n        <\/a>\n        <div class=\"post-meta mb-5\">\n        <span class=\"post-meta-data has-text-white\">18 de julio de 2022<\/span>\n        <!-- <span class=\"post-meta-author has-text-ocean\">Filippo Colca<\/span> -->\n        <div class=\"post-meta-time icon-text has-text-white\">\n            <span class=\"icon mr-0 is-justify-content-flex-start\"><img decoding=\"async\" src=\"https:\/\/www.riverpharma.it\/wp-content\/themes\/riverpharma\/assets\/img\/icons\/ico-time.svg\" alt=\"\"><\/span>\n            <span>5 min.<\/span>\n        <\/div>\n        <\/div>\n        <div class=\"post-content has-text-white\">\n            <p class=\"post-paragraph-mobile\">El \u00e1cido hialur\u00f3nico tambi\u00e9n es muy eficaz para las articulaciones. Act\u00faa como amortiguador de choque mec\u00e1nico y como lubricante, ayudando as\u00ed a prevenir da\u00f1os en los tejidos, a menudo debido al estr\u00e9s f\u00edsico.<\/p>\n            <a class=\"link has-text-link-light\" href=\"https:\/\/www.riverpharma.it\/es\/bienestar-de-las-articulaciones-los-beneficios-del-acido-hialuronico\/\">Sigue leyendo<\/a>\n        <\/div>\n    <\/div>\n    <\/article>\n<\/div><div class=\"swiper-slide py-6\">\n    <article class=\"columns is-vcentered column-responsive\">\n    <a href=\"https:\/\/www.riverpharma.it\/es\/bienestar-de-los-huesos-propiedades-y-beneficios-del-silicio\/\" alt=\"Bienestar de los huesos: propiedades y beneficios del silicio\">\n        <figure class=\"column\">\n            <img decoding=\"async\" src=\"https:\/\/www.riverpharma.it\/wp-content\/uploads\/2022\/07\/850x485-benessere-ossa.jpg\" alt=\"Bienestar de los huesos: propiedades y beneficios del silicio\">\n        <\/figure>\n    <\/a>\n    <div class=\"column content\">\n        <a href=\"https:\/\/www.riverpharma.it\/es\/bienestar-de-los-huesos-propiedades-y-beneficios-del-silicio\/\" alt=\"Bienestar de los huesos: propiedades y beneficios del silicio\">\n            <h3 class=\"is-uppercase has-text-white\">Bienestar de los huesos: propiedades y beneficios del silicio<\/h3>\n        <\/a>\n        <div class=\"post-meta mb-5\">\n        <span class=\"post-meta-data has-text-white\">18 de julio de 2022<\/span>\n        <!-- <span class=\"post-meta-author has-text-ocean\">Filippo Colca<\/span> -->\n        <div class=\"post-meta-time icon-text has-text-white\">\n            <span class=\"icon mr-0 is-justify-content-flex-start\"><img decoding=\"async\" src=\"https:\/\/www.riverpharma.it\/wp-content\/themes\/riverpharma\/assets\/img\/icons\/ico-time.svg\" alt=\"\"><\/span>\n            <span>4 min.<\/span>\n        <\/div>\n        <\/div>\n        <div class=\"post-content has-text-white\">\n            <p class=\"post-paragraph-mobile\">El silicio es fundamental para nuestro organismo porque es parte integrante de los tejidos y contribuye a la constituci\u00f3n de huesos y cart\u00edlagos articulares, as\u00ed como a la formaci\u00f3n de los tejidos conectivos.<\/p>\n            <a class=\"link has-text-link-light\" href=\"https:\/\/www.riverpharma.it\/es\/bienestar-de-los-huesos-propiedades-y-beneficios-del-silicio\/\">Sigue leyendo<\/a>\n        <\/div>\n    <\/div>\n    <\/article>\n<\/div><div class=\"swiper-slide py-6\">\n    <article class=\"columns is-vcentered column-responsive\">\n    <a href=\"https:\/\/www.riverpharma.it\/es\/menopausia-y-osteoporosis-que-causa-la-perdida-de-tejido-oseo\/\" alt=\"Menopausia y osteoporosis: \u00bfqu\u00e9 causa la p\u00e9rdida de tejido \u00f3seo?\">\n        <figure class=\"column\">\n            <img decoding=\"async\" src=\"https:\/\/www.riverpharma.it\/wp-content\/uploads\/2022\/07\/850x485-menopausa-e-osteoporosi.jpg\" alt=\"Menopausia y osteoporosis: \u00bfqu\u00e9 causa la p\u00e9rdida de tejido \u00f3seo?\">\n        <\/figure>\n    <\/a>\n    <div class=\"column content\">\n        <a href=\"https:\/\/www.riverpharma.it\/es\/menopausia-y-osteoporosis-que-causa-la-perdida-de-tejido-oseo\/\" alt=\"Menopausia y osteoporosis: \u00bfqu\u00e9 causa la p\u00e9rdida de tejido \u00f3seo?\">\n            <h3 class=\"is-uppercase has-text-white\">Menopausia y osteoporosis: \u00bfqu\u00e9 causa la p\u00e9rdida de tejido \u00f3seo?<\/h3>\n        <\/a>\n        <div class=\"post-meta mb-5\">\n        <span class=\"post-meta-data has-text-white\">18 de julio de 2022<\/span>\n        <!-- <span class=\"post-meta-author has-text-ocean\">Filippo Colca<\/span> -->\n        <div class=\"post-meta-time icon-text has-text-white\">\n            <span class=\"icon mr-0 is-justify-content-flex-start\"><img decoding=\"async\" src=\"https:\/\/www.riverpharma.it\/wp-content\/themes\/riverpharma\/assets\/img\/icons\/ico-time.svg\" alt=\"\"><\/span>\n            <span>7 min.<\/span>\n        <\/div>\n        <\/div>\n        <div class=\"post-content has-text-white\">\n            <p class=\"post-paragraph-mobile\">Desafortunadamente para todas las mujeres que est\u00e1n en menopausia la osteoporosis es una triste realidad que tarde o temprano se har\u00e1 cada vez m\u00e1s presente en sus vidas, esto es a\u00fan m\u00e1s cierto en todos aquellos que ya tienen una predisposici\u00f3n gen\u00e9tica hacia esta enfermedad degenerativa de los huesos.<\/p>\n            <a class=\"link has-text-link-light\" href=\"https:\/\/www.riverpharma.it\/es\/menopausia-y-osteoporosis-que-causa-la-perdida-de-tejido-oseo\/\">Sigue leyendo<\/a>\n        <\/div>\n    <\/div>\n    <\/article>\n<\/div><\/div><div class=\"swiper-pagination\"><\/div><\/div><\/div><\/section>","protected":false},"excerpt":{"rendered":"<p>La investigaci\u00f3n y el desarrollo es uno de los pilares del \u00e9xito de River Pharma y se basa en la capacidad de entender y anticipar la evoluci\u00f3n de los estilos de vida, patolog\u00edas y h\u00e1bitos de los pacientes. Cient\u00edficos, bi\u00f3logos, qu\u00edmicos e investigadores est\u00e1n constantemente comprometidos en explorar nuevas posibilidades para expandir los l\u00edmites de [&hellip;]<\/p>\n","protected":false},"author":10,"featured_media":0,"parent":1562,"menu_order":0,"comment_status":"closed","ping_status":"closed","template":"page-theme.php","meta":{"_acf_changed":false,"footnotes":""},"class_list":["post-1584","page","type-page","status-publish","hentry"],"acf":[],"yoast_head":"<!-- This site is optimized with the Yoast SEO plugin v27.4 - https:\/\/yoast.com\/product\/yoast-seo-wordpress\/ -->\n<title>Investigaci\u00f3n y desarrollo - River Pharma<\/title>\n<meta name=\"robots\" content=\"index, follow, max-snippet:-1, max-image-preview:large, max-video-preview:-1\" \/>\n<link rel=\"canonical\" href=\"https:\/\/www.riverpharma.it\/es\/empresa\/investigacion-y-desarrollo\/\" \/>\n<meta property=\"og:locale\" content=\"es_ES\" \/>\n<meta property=\"og:type\" content=\"article\" \/>\n<meta property=\"og:title\" content=\"Investigaci\u00f3n y desarrollo - River Pharma\" \/>\n<meta property=\"og:description\" content=\"La investigaci\u00f3n y el desarrollo es uno de los pilares del \u00e9xito de River Pharma y se basa en la capacidad de entender y anticipar la evoluci\u00f3n de los estilos de vida, patolog\u00edas y h\u00e1bitos de los pacientes. Cient\u00edficos, bi\u00f3logos, qu\u00edmicos e investigadores est\u00e1n constantemente comprometidos en explorar nuevas posibilidades para expandir los l\u00edmites de [&hellip;]\" \/>\n<meta property=\"og:url\" content=\"https:\/\/www.riverpharma.it\/es\/empresa\/investigacion-y-desarrollo\/\" \/>\n<meta property=\"og:site_name\" content=\"River Pharma\" \/>\n<meta property=\"article:modified_time\" content=\"2022-07-05T09:36:00+00:00\" \/>\n<meta property=\"og:image\" content=\"https:\/\/www.riverpharma.it\/wp-content\/uploads\/2022\/03\/ricerca-sviluppo.jpg\" \/>\n<meta name=\"twitter:card\" content=\"summary_large_image\" \/>\n<meta name=\"twitter:label1\" content=\"Tiempo de lectura\" \/>\n\t<meta name=\"twitter:data1\" content=\"2 minutos\" \/>\n<script type=\"application\/ld+json\" class=\"yoast-schema-graph\">{\"@context\":\"https:\\\/\\\/schema.org\",\"@graph\":[{\"@type\":\"WebPage\",\"@id\":\"https:\\\/\\\/www.riverpharma.it\\\/es\\\/empresa\\\/investigacion-y-desarrollo\\\/\",\"url\":\"https:\\\/\\\/www.riverpharma.it\\\/es\\\/empresa\\\/investigacion-y-desarrollo\\\/\",\"name\":\"Investigaci\u00f3n y desarrollo - River Pharma\",\"isPartOf\":{\"@id\":\"https:\\\/\\\/www.riverpharma.it\\\/#website\"},\"primaryImageOfPage\":{\"@id\":\"https:\\\/\\\/www.riverpharma.it\\\/es\\\/empresa\\\/investigacion-y-desarrollo\\\/#primaryimage\"},\"image\":{\"@id\":\"https:\\\/\\\/www.riverpharma.it\\\/es\\\/empresa\\\/investigacion-y-desarrollo\\\/#primaryimage\"},\"thumbnailUrl\":\"https:\\\/\\\/www.riverpharma.it\\\/wp-content\\\/uploads\\\/2022\\\/03\\\/ricerca-sviluppo.jpg\",\"datePublished\":\"2022-01-25T14:11:39+00:00\",\"dateModified\":\"2022-07-05T09:36:00+00:00\",\"breadcrumb\":{\"@id\":\"https:\\\/\\\/www.riverpharma.it\\\/es\\\/empresa\\\/investigacion-y-desarrollo\\\/#breadcrumb\"},\"inLanguage\":\"es\",\"potentialAction\":[{\"@type\":\"ReadAction\",\"target\":[\"https:\\\/\\\/www.riverpharma.it\\\/es\\\/empresa\\\/investigacion-y-desarrollo\\\/\"]}]},{\"@type\":\"ImageObject\",\"inLanguage\":\"es\",\"@id\":\"https:\\\/\\\/www.riverpharma.it\\\/es\\\/empresa\\\/investigacion-y-desarrollo\\\/#primaryimage\",\"url\":\"https:\\\/\\\/www.riverpharma.it\\\/wp-content\\\/uploads\\\/2022\\\/03\\\/ricerca-sviluppo.jpg\",\"contentUrl\":\"https:\\\/\\\/www.riverpharma.it\\\/wp-content\\\/uploads\\\/2022\\\/03\\\/ricerca-sviluppo.jpg\"},{\"@type\":\"BreadcrumbList\",\"@id\":\"https:\\\/\\\/www.riverpharma.it\\\/es\\\/empresa\\\/investigacion-y-desarrollo\\\/#breadcrumb\",\"itemListElement\":[{\"@type\":\"ListItem\",\"position\":1,\"name\":\"Home\",\"item\":\"https:\\\/\\\/www.riverpharma.it\\\/es\\\/\"},{\"@type\":\"ListItem\",\"position\":2,\"name\":\"Empresa\",\"item\":\"https:\\\/\\\/www.riverpharma.it\\\/es\\\/empresa\\\/\"},{\"@type\":\"ListItem\",\"position\":3,\"name\":\"Investigaci\u00f3n y desarrollo\"}]},{\"@type\":\"WebSite\",\"@id\":\"https:\\\/\\\/www.riverpharma.it\\\/#website\",\"url\":\"https:\\\/\\\/www.riverpharma.it\\\/\",\"name\":\"River Pharma\",\"description\":\"\",\"potentialAction\":[{\"@type\":\"SearchAction\",\"target\":{\"@type\":\"EntryPoint\",\"urlTemplate\":\"https:\\\/\\\/www.riverpharma.it\\\/?s={search_term_string}\"},\"query-input\":{\"@type\":\"PropertyValueSpecification\",\"valueRequired\":true,\"valueName\":\"search_term_string\"}}],\"inLanguage\":\"es\"}]}<\/script>\n<!-- \/ Yoast SEO plugin. -->","yoast_head_json":{"title":"Investigaci\u00f3n y desarrollo - River Pharma","robots":{"index":"index","follow":"follow","max-snippet":"max-snippet:-1","max-image-preview":"max-image-preview:large","max-video-preview":"max-video-preview:-1"},"canonical":"https:\/\/www.riverpharma.it\/es\/empresa\/investigacion-y-desarrollo\/","og_locale":"es_ES","og_type":"article","og_title":"Investigaci\u00f3n y desarrollo - River Pharma","og_description":"La investigaci\u00f3n y el desarrollo es uno de los pilares del \u00e9xito de River Pharma y se basa en la capacidad de entender y anticipar la evoluci\u00f3n de los estilos de vida, patolog\u00edas y h\u00e1bitos de los pacientes. Cient\u00edficos, bi\u00f3logos, qu\u00edmicos e investigadores est\u00e1n constantemente comprometidos en explorar nuevas posibilidades para expandir los l\u00edmites de [&hellip;]","og_url":"https:\/\/www.riverpharma.it\/es\/empresa\/investigacion-y-desarrollo\/","og_site_name":"River Pharma","article_modified_time":"2022-07-05T09:36:00+00:00","og_image":[{"url":"https:\/\/www.riverpharma.it\/wp-content\/uploads\/2022\/03\/ricerca-sviluppo.jpg","type":"","width":"","height":""}],"twitter_card":"summary_large_image","twitter_misc":{"Tiempo de lectura":"2 minutos"},"schema":{"@context":"https:\/\/schema.org","@graph":[{"@type":"WebPage","@id":"https:\/\/www.riverpharma.it\/es\/empresa\/investigacion-y-desarrollo\/","url":"https:\/\/www.riverpharma.it\/es\/empresa\/investigacion-y-desarrollo\/","name":"Investigaci\u00f3n y desarrollo - River Pharma","isPartOf":{"@id":"https:\/\/www.riverpharma.it\/#website"},"primaryImageOfPage":{"@id":"https:\/\/www.riverpharma.it\/es\/empresa\/investigacion-y-desarrollo\/#primaryimage"},"image":{"@id":"https:\/\/www.riverpharma.it\/es\/empresa\/investigacion-y-desarrollo\/#primaryimage"},"thumbnailUrl":"https:\/\/www.riverpharma.it\/wp-content\/uploads\/2022\/03\/ricerca-sviluppo.jpg","datePublished":"2022-01-25T14:11:39+00:00","dateModified":"2022-07-05T09:36:00+00:00","breadcrumb":{"@id":"https:\/\/www.riverpharma.it\/es\/empresa\/investigacion-y-desarrollo\/#breadcrumb"},"inLanguage":"es","potentialAction":[{"@type":"ReadAction","target":["https:\/\/www.riverpharma.it\/es\/empresa\/investigacion-y-desarrollo\/"]}]},{"@type":"ImageObject","inLanguage":"es","@id":"https:\/\/www.riverpharma.it\/es\/empresa\/investigacion-y-desarrollo\/#primaryimage","url":"https:\/\/www.riverpharma.it\/wp-content\/uploads\/2022\/03\/ricerca-sviluppo.jpg","contentUrl":"https:\/\/www.riverpharma.it\/wp-content\/uploads\/2022\/03\/ricerca-sviluppo.jpg"},{"@type":"BreadcrumbList","@id":"https:\/\/www.riverpharma.it\/es\/empresa\/investigacion-y-desarrollo\/#breadcrumb","itemListElement":[{"@type":"ListItem","position":1,"name":"Home","item":"https:\/\/www.riverpharma.it\/es\/"},{"@type":"ListItem","position":2,"name":"Empresa","item":"https:\/\/www.riverpharma.it\/es\/empresa\/"},{"@type":"ListItem","position":3,"name":"Investigaci\u00f3n y desarrollo"}]},{"@type":"WebSite","@id":"https:\/\/www.riverpharma.it\/#website","url":"https:\/\/www.riverpharma.it\/","name":"River Pharma","description":"","potentialAction":[{"@type":"SearchAction","target":{"@type":"EntryPoint","urlTemplate":"https:\/\/www.riverpharma.it\/?s={search_term_string}"},"query-input":{"@type":"PropertyValueSpecification","valueRequired":true,"valueName":"search_term_string"}}],"inLanguage":"es"}]}},"_links":{"self":[{"href":"https:\/\/www.riverpharma.it\/es\/wp-json\/wp\/v2\/pages\/1584","targetHints":{"allow":["GET"]}}],"collection":[{"href":"https:\/\/www.riverpharma.it\/es\/wp-json\/wp\/v2\/pages"}],"about":[{"href":"https:\/\/www.riverpharma.it\/es\/wp-json\/wp\/v2\/types\/page"}],"author":[{"embeddable":true,"href":"https:\/\/www.riverpharma.it\/es\/wp-json\/wp\/v2\/users\/10"}],"replies":[{"embeddable":true,"href":"https:\/\/www.riverpharma.it\/es\/wp-json\/wp\/v2\/comments?post=1584"}],"version-history":[{"count":1,"href":"https:\/\/www.riverpharma.it\/es\/wp-json\/wp\/v2\/pages\/1584\/revisions"}],"predecessor-version":[{"id":1586,"href":"https:\/\/www.riverpharma.it\/es\/wp-json\/wp\/v2\/pages\/1584\/revisions\/1586"}],"up":[{"embeddable":true,"href":"https:\/\/www.riverpharma.it\/es\/wp-json\/wp\/v2\/pages\/1562"}],"wp:attachment":[{"href":"https:\/\/www.riverpharma.it\/es\/wp-json\/wp\/v2\/media?parent=1584"}],"curies":[{"name":"wp","href":"https:\/\/api.w.org\/{rel}","templated":true}]}}