{"id":1564,"date":"2022-01-25T11:28:25","date_gmt":"2022-01-25T11:28:25","guid":{"rendered":"https:\/\/www.riverpharma.it\/empresa\/storia\/"},"modified":"2022-07-05T09:18:37","modified_gmt":"2022-07-05T09:18:37","slug":"historia","status":"publish","type":"page","link":"https:\/\/www.riverpharma.it\/es\/empresa\/historia\/","title":{"rendered":"Historia"},"content":{"rendered":"<!-- Block Hero -->\n<section id=\"block_hero\" class=\"hero is-primary is-large has-background\" style=\"background-image: url('https:\/\/www.riverpharma.it\/wp-content\/uploads\/2022\/01\/Group-78.png');\">\n    <!-- <img decoding=\"async\" class=\"hero-background\" src=\"https:\/\/www.riverpharma.it\/wp-content\/uploads\/2022\/01\/Group-78.png\" alt=\"Historia de RiverPharma\"> -->\n    <div class=\"hero-body\">\n      <div class=\"container\">\n        <nav class=\"breadcrumb is-small\" aria-label=\"breadcrumbs\"><ul><li><a href=\"https:\/\/www.riverpharma.it\/es\/\">Home<\/a><\/li><li class=\"is-active\"><a href=\"https:\/\/www.riverpharma.it\/es\/wp-json\/wp\/v2\/pages\/1564\/\" aria-current=\"page\">Home<\/a><\/li><\/ul><\/nav>        <div class=\"columns is-align-items-end\">\n          <div class=\"column is-7\">\n            <div class=\"content\" id=\"hero-description\">\n              <h1 class=\"title is-1 has-text-ocean is-spaced\">Historia de RiverPharma<\/h1>\n              <p><p>River Pharma fue fundada en 2007 en la provincia de Mil\u00e1n con el objetivo de desarrollar Formulaciones Nutrac\u00e9uticas y Dispositivos M\u00e9dicos consistentes con los principios b\u00e1sicos del Producto Farmac\u00e9utico: Seguridad, Calidad y Eficacia.<\/p>\n<p>El equipo de Investigaci\u00f3n e Innovaci\u00f3n de River Pharma, formado por m\u00e9dicos, bi\u00f3logos y qu\u00edmicos, ha permitido a River Pharma posicionarse firmemente en el mercado italiano e internacional con formulaciones l\u00edderes a base de \u00e1cido hialur\u00f3nico de alto peso molecular para mejorar el bienestar articular e individual.<\/p>\n<\/p>\n            <\/div>\n            <a href=\"javascript:void(0);\" id=\"chev-down-wrapper\" class=\"read-more\">\n              <div class=\"read-more-text-wrapper\">\n                <small id=\"read-more-text\">lee mas<\/small>\n              <\/div>\n              <svg id=\"chev-img\" width=\"72\" height=\"19\" viewBox=\"0 0 72 19\" fill=\"none\" xmlns=\"http:\/\/www.w3.org\/2000\/svg\">\n                <path d=\"M0 1H19.5L36 17.5L52.5 1H72\" stroke=\"#fff\" stroke-width=\"1\"\/>\n              <\/svg> \n            <\/a>\n          <\/div>\n        <\/div>\n      <\/div>\n    <\/div>\n<\/section>\n\n\n<div class=\"wp-block-columns is-layout-flex wp-container-core-columns-is-layout-9d6595d7 wp-block-columns-is-layout-flex\">\n<div class=\"wp-block-column is-vertically-aligned-top mb-5 is-layout-flow wp-block-column-is-layout-flow\">\n<p>Es gracias a la visi\u00f3n empresarial que la empresa crece, posicion\u00e1ndose con firmeza en el mercado internacional.<\/p>\n\n\n\n<p><\/p>\n\n\n\n<p><br>Hoy somos l\u00edderes europeos en el sector farmac\u00e9utico, hemos transformado los productos a base de \u00c1cido Hialur\u00f3nico en soluciones al servicio de m\u00e9dicos y pacientes de todo el mundo. Desde soluciones para el bienestar osteoarticular, pasando por las del bienestar de la mujer, hasta los cosmec\u00e9uticos, un esp\u00edritu pionero gu\u00eda nuestra excelencia cient\u00edfica y nuestra incansable b\u00fasqueda de la innovaci\u00f3n.<\/p>\n\n\n\n<p><br>Llevamos m\u00e1s de 15 a\u00f1os comprometidos con la seguridad, la eficacia y la calidad. Como marca que siempre ha valorado y celebrado la mejora de la calidad de vida de las personas, hoy estamos a la vanguardia de los retos que plantea el progresivo envejecimiento de la poblaci\u00f3n. Nuestro compromiso es desarrollar f\u00f3rmulas de vanguardia que generen valor para la comunidad en todo su conjunto.<\/p>\n<\/div>\n\n\n\n<div class=\"wp-block-column is-layout-flow wp-block-column-is-layout-flow\">\n<figure class=\"wp-block-image size-full\"><img loading=\"lazy\" decoding=\"async\" width=\"700\" height=\"510\" src=\"https:\/\/www.riverpharma.it\/wp-content\/uploads\/2022\/01\/shutterstock_1990468118-1.jpg\" alt=\"\" class=\"wp-image-311\" srcset=\"https:\/\/www.riverpharma.it\/wp-content\/uploads\/2022\/01\/shutterstock_1990468118-1.jpg 700w, https:\/\/www.riverpharma.it\/wp-content\/uploads\/2022\/01\/shutterstock_1990468118-1-600x437.jpg 600w, https:\/\/www.riverpharma.it\/wp-content\/uploads\/2022\/01\/shutterstock_1990468118-1-300x219.jpg 300w\" sizes=\"auto, (max-width: 700px) 100vw, 700px\" \/><\/figure>\n<\/div>\n<\/div>\n\n\n\n<div class=\"wp-block-columns btn-azienda-wrapper is-layout-flex wp-container-core-columns-is-layout-9d6595d7 wp-block-columns-is-layout-flex\">\n<div class=\"wp-block-column is-layout-flow wp-block-column-is-layout-flow\">\n<div class=\"wp-block-buttons is-content-justification-center is-layout-flex wp-container-core-buttons-is-layout-16018d1d wp-block-buttons-is-layout-flex\">\n<div class=\"wp-block-button is-style-outline btn-azienda is-style-outline--1\"><a class=\"wp-block-button__link has-text-color\" href=\"https:\/\/www.riverpharma.it\/es\/empresa\/\" style=\"color:#0f78a9\"><strong>Volver a Empresa<\/strong><\/a><\/div>\n<\/div>\n<\/div>\n<\/div>\n\n\n<section id=\"block_latestnews\" class=\"section is-medium has-background-primary\">\n<div class=\"container is-smaller has-text-centered\">\n            <h2 class=\"title is-2 has-text-primary-dark is-spaced\">\n            &lt;strong&gt;La ciencia informa: &lt;\/strong&gt;El blog de River Pharma        <\/h2>\n    \n    <\/div>\n<div class=\"container is-fluid my-6 px-0\"><div class=\"swiper\"><div class=\"swiper-wrapper\"><div class=\"swiper-slide py-6\">\n    <article class=\"columns is-vcentered column-responsive\">\n    <a href=\"https:\/\/www.riverpharma.it\/es\/bienestar-de-las-articulaciones-los-beneficios-del-acido-hialuronico\/\" alt=\"Bienestar de las articulaciones: los beneficios del \u00e1cido hialur\u00f3nico\">\n        <figure class=\"column\">\n            <img decoding=\"async\" src=\"https:\/\/www.riverpharma.it\/wp-content\/uploads\/2022\/07\/850x485-benessere-articolazioni.jpg\" alt=\"Bienestar de las articulaciones: los beneficios del \u00e1cido hialur\u00f3nico\">\n        <\/figure>\n    <\/a>\n    <div class=\"column content\">\n        <a href=\"https:\/\/www.riverpharma.it\/es\/bienestar-de-las-articulaciones-los-beneficios-del-acido-hialuronico\/\" alt=\"Bienestar de las articulaciones: los beneficios del \u00e1cido hialur\u00f3nico\">\n            <h3 class=\"is-uppercase has-text-white\">Bienestar de las articulaciones: los beneficios del \u00e1cido hialur\u00f3nico<\/h3>\n        <\/a>\n        <div class=\"post-meta mb-5\">\n        <span class=\"post-meta-data has-text-white\">18 de julio de 2022<\/span>\n        <!-- <span class=\"post-meta-author has-text-ocean\">Filippo Colca<\/span> -->\n        <div class=\"post-meta-time icon-text has-text-white\">\n            <span class=\"icon mr-0 is-justify-content-flex-start\"><img decoding=\"async\" src=\"https:\/\/www.riverpharma.it\/wp-content\/themes\/riverpharma\/assets\/img\/icons\/ico-time.svg\" alt=\"\"><\/span>\n            <span>5 min.<\/span>\n        <\/div>\n        <\/div>\n        <div class=\"post-content has-text-white\">\n            <p class=\"post-paragraph-mobile\">El \u00e1cido hialur\u00f3nico tambi\u00e9n es muy eficaz para las articulaciones. Act\u00faa como amortiguador de choque mec\u00e1nico y como lubricante, ayudando as\u00ed a prevenir da\u00f1os en los tejidos, a menudo debido al estr\u00e9s f\u00edsico.<\/p>\n            <a class=\"link has-text-link-light\" href=\"https:\/\/www.riverpharma.it\/es\/bienestar-de-las-articulaciones-los-beneficios-del-acido-hialuronico\/\">Sigue leyendo<\/a>\n        <\/div>\n    <\/div>\n    <\/article>\n<\/div><div class=\"swiper-slide py-6\">\n    <article class=\"columns is-vcentered column-responsive\">\n    <a href=\"https:\/\/www.riverpharma.it\/es\/bienestar-de-los-huesos-propiedades-y-beneficios-del-silicio\/\" alt=\"Bienestar de los huesos: propiedades y beneficios del silicio\">\n        <figure class=\"column\">\n            <img decoding=\"async\" src=\"https:\/\/www.riverpharma.it\/wp-content\/uploads\/2022\/07\/850x485-benessere-ossa.jpg\" alt=\"Bienestar de los huesos: propiedades y beneficios del silicio\">\n        <\/figure>\n    <\/a>\n    <div class=\"column content\">\n        <a href=\"https:\/\/www.riverpharma.it\/es\/bienestar-de-los-huesos-propiedades-y-beneficios-del-silicio\/\" alt=\"Bienestar de los huesos: propiedades y beneficios del silicio\">\n            <h3 class=\"is-uppercase has-text-white\">Bienestar de los huesos: propiedades y beneficios del silicio<\/h3>\n        <\/a>\n        <div class=\"post-meta mb-5\">\n        <span class=\"post-meta-data has-text-white\">18 de julio de 2022<\/span>\n        <!-- <span class=\"post-meta-author has-text-ocean\">Filippo Colca<\/span> -->\n        <div class=\"post-meta-time icon-text has-text-white\">\n            <span class=\"icon mr-0 is-justify-content-flex-start\"><img decoding=\"async\" src=\"https:\/\/www.riverpharma.it\/wp-content\/themes\/riverpharma\/assets\/img\/icons\/ico-time.svg\" alt=\"\"><\/span>\n            <span>4 min.<\/span>\n        <\/div>\n        <\/div>\n        <div class=\"post-content has-text-white\">\n            <p class=\"post-paragraph-mobile\">El silicio es fundamental para nuestro organismo porque es parte integrante de los tejidos y contribuye a la constituci\u00f3n de huesos y cart\u00edlagos articulares, as\u00ed como a la formaci\u00f3n de los tejidos conectivos.<\/p>\n            <a class=\"link has-text-link-light\" href=\"https:\/\/www.riverpharma.it\/es\/bienestar-de-los-huesos-propiedades-y-beneficios-del-silicio\/\">Sigue leyendo<\/a>\n        <\/div>\n    <\/div>\n    <\/article>\n<\/div><div class=\"swiper-slide py-6\">\n    <article class=\"columns is-vcentered column-responsive\">\n    <a href=\"https:\/\/www.riverpharma.it\/es\/menopausia-y-osteoporosis-que-causa-la-perdida-de-tejido-oseo\/\" alt=\"Menopausia y osteoporosis: \u00bfqu\u00e9 causa la p\u00e9rdida de tejido \u00f3seo?\">\n        <figure class=\"column\">\n            <img decoding=\"async\" src=\"https:\/\/www.riverpharma.it\/wp-content\/uploads\/2022\/07\/850x485-menopausa-e-osteoporosi.jpg\" alt=\"Menopausia y osteoporosis: \u00bfqu\u00e9 causa la p\u00e9rdida de tejido \u00f3seo?\">\n        <\/figure>\n    <\/a>\n    <div class=\"column content\">\n        <a href=\"https:\/\/www.riverpharma.it\/es\/menopausia-y-osteoporosis-que-causa-la-perdida-de-tejido-oseo\/\" alt=\"Menopausia y osteoporosis: \u00bfqu\u00e9 causa la p\u00e9rdida de tejido \u00f3seo?\">\n            <h3 class=\"is-uppercase has-text-white\">Menopausia y osteoporosis: \u00bfqu\u00e9 causa la p\u00e9rdida de tejido \u00f3seo?<\/h3>\n        <\/a>\n        <div class=\"post-meta mb-5\">\n        <span class=\"post-meta-data has-text-white\">18 de julio de 2022<\/span>\n        <!-- <span class=\"post-meta-author has-text-ocean\">Filippo Colca<\/span> -->\n        <div class=\"post-meta-time icon-text has-text-white\">\n            <span class=\"icon mr-0 is-justify-content-flex-start\"><img decoding=\"async\" src=\"https:\/\/www.riverpharma.it\/wp-content\/themes\/riverpharma\/assets\/img\/icons\/ico-time.svg\" alt=\"\"><\/span>\n            <span>7 min.<\/span>\n        <\/div>\n        <\/div>\n        <div class=\"post-content has-text-white\">\n            <p class=\"post-paragraph-mobile\">Desafortunadamente para todas las mujeres que est\u00e1n en menopausia la osteoporosis es una triste realidad que tarde o temprano se har\u00e1 cada vez m\u00e1s presente en sus vidas, esto es a\u00fan m\u00e1s cierto en todos aquellos que ya tienen una predisposici\u00f3n gen\u00e9tica hacia esta enfermedad degenerativa de los huesos.<\/p>\n            <a class=\"link has-text-link-light\" href=\"https:\/\/www.riverpharma.it\/es\/menopausia-y-osteoporosis-que-causa-la-perdida-de-tejido-oseo\/\">Sigue leyendo<\/a>\n        <\/div>\n    <\/div>\n    <\/article>\n<\/div><\/div><div class=\"swiper-pagination\"><\/div><\/div><\/div><\/section>","protected":false},"excerpt":{"rendered":"<p>Es gracias a la visi\u00f3n empresarial que la empresa crece, posicion\u00e1ndose con firmeza en el mercado internacional. Hoy somos l\u00edderes europeos en el sector farmac\u00e9utico, hemos transformado los productos a base de \u00c1cido Hialur\u00f3nico en soluciones al servicio de m\u00e9dicos y pacientes de todo el mundo. Desde soluciones para el bienestar osteoarticular, pasando por las [&hellip;]<\/p>\n","protected":false},"author":10,"featured_media":0,"parent":1562,"menu_order":0,"comment_status":"closed","ping_status":"closed","template":"page-theme.php","meta":{"_acf_changed":false,"footnotes":""},"class_list":["post-1564","page","type-page","status-publish","hentry"],"acf":[],"yoast_head":"<!-- This site is optimized with the Yoast SEO plugin v27.4 - https:\/\/yoast.com\/product\/yoast-seo-wordpress\/ -->\n<title>Historia - River Pharma<\/title>\n<meta name=\"robots\" content=\"index, follow, max-snippet:-1, max-image-preview:large, max-video-preview:-1\" \/>\n<link rel=\"canonical\" href=\"https:\/\/www.riverpharma.it\/es\/empresa\/historia\/\" \/>\n<meta property=\"og:locale\" content=\"es_ES\" \/>\n<meta property=\"og:type\" content=\"article\" \/>\n<meta property=\"og:title\" content=\"Historia - River Pharma\" \/>\n<meta property=\"og:description\" content=\"Es gracias a la visi\u00f3n empresarial que la empresa crece, posicion\u00e1ndose con firmeza en el mercado internacional. Hoy somos l\u00edderes europeos en el sector farmac\u00e9utico, hemos transformado los productos a base de \u00c1cido Hialur\u00f3nico en soluciones al servicio de m\u00e9dicos y pacientes de todo el mundo. Desde soluciones para el bienestar osteoarticular, pasando por las [&hellip;]\" \/>\n<meta property=\"og:url\" content=\"https:\/\/www.riverpharma.it\/es\/empresa\/historia\/\" \/>\n<meta property=\"og:site_name\" content=\"River Pharma\" \/>\n<meta property=\"article:modified_time\" content=\"2022-07-05T09:18:37+00:00\" \/>\n<meta property=\"og:image\" content=\"https:\/\/www.riverpharma.it\/wp-content\/uploads\/2022\/01\/shutterstock_1990468118-1.jpg\" \/>\n<meta name=\"twitter:card\" content=\"summary_large_image\" \/>\n<meta name=\"twitter:label1\" content=\"Tiempo de lectura\" \/>\n\t<meta name=\"twitter:data1\" content=\"1 minuto\" \/>\n<script type=\"application\/ld+json\" class=\"yoast-schema-graph\">{\"@context\":\"https:\\\/\\\/schema.org\",\"@graph\":[{\"@type\":\"WebPage\",\"@id\":\"https:\\\/\\\/www.riverpharma.it\\\/es\\\/empresa\\\/historia\\\/\",\"url\":\"https:\\\/\\\/www.riverpharma.it\\\/es\\\/empresa\\\/historia\\\/\",\"name\":\"Historia - River Pharma\",\"isPartOf\":{\"@id\":\"https:\\\/\\\/www.riverpharma.it\\\/#website\"},\"primaryImageOfPage\":{\"@id\":\"https:\\\/\\\/www.riverpharma.it\\\/es\\\/empresa\\\/historia\\\/#primaryimage\"},\"image\":{\"@id\":\"https:\\\/\\\/www.riverpharma.it\\\/es\\\/empresa\\\/historia\\\/#primaryimage\"},\"thumbnailUrl\":\"https:\\\/\\\/www.riverpharma.it\\\/wp-content\\\/uploads\\\/2022\\\/01\\\/shutterstock_1990468118-1.jpg\",\"datePublished\":\"2022-01-25T11:28:25+00:00\",\"dateModified\":\"2022-07-05T09:18:37+00:00\",\"breadcrumb\":{\"@id\":\"https:\\\/\\\/www.riverpharma.it\\\/es\\\/empresa\\\/historia\\\/#breadcrumb\"},\"inLanguage\":\"es\",\"potentialAction\":[{\"@type\":\"ReadAction\",\"target\":[\"https:\\\/\\\/www.riverpharma.it\\\/es\\\/empresa\\\/historia\\\/\"]}]},{\"@type\":\"ImageObject\",\"inLanguage\":\"es\",\"@id\":\"https:\\\/\\\/www.riverpharma.it\\\/es\\\/empresa\\\/historia\\\/#primaryimage\",\"url\":\"https:\\\/\\\/www.riverpharma.it\\\/wp-content\\\/uploads\\\/2022\\\/01\\\/shutterstock_1990468118-1.jpg\",\"contentUrl\":\"https:\\\/\\\/www.riverpharma.it\\\/wp-content\\\/uploads\\\/2022\\\/01\\\/shutterstock_1990468118-1.jpg\"},{\"@type\":\"BreadcrumbList\",\"@id\":\"https:\\\/\\\/www.riverpharma.it\\\/es\\\/empresa\\\/historia\\\/#breadcrumb\",\"itemListElement\":[{\"@type\":\"ListItem\",\"position\":1,\"name\":\"Home\",\"item\":\"https:\\\/\\\/www.riverpharma.it\\\/es\\\/\"},{\"@type\":\"ListItem\",\"position\":2,\"name\":\"Empresa\",\"item\":\"https:\\\/\\\/www.riverpharma.it\\\/es\\\/empresa\\\/\"},{\"@type\":\"ListItem\",\"position\":3,\"name\":\"Historia\"}]},{\"@type\":\"WebSite\",\"@id\":\"https:\\\/\\\/www.riverpharma.it\\\/#website\",\"url\":\"https:\\\/\\\/www.riverpharma.it\\\/\",\"name\":\"River Pharma\",\"description\":\"\",\"potentialAction\":[{\"@type\":\"SearchAction\",\"target\":{\"@type\":\"EntryPoint\",\"urlTemplate\":\"https:\\\/\\\/www.riverpharma.it\\\/?s={search_term_string}\"},\"query-input\":{\"@type\":\"PropertyValueSpecification\",\"valueRequired\":true,\"valueName\":\"search_term_string\"}}],\"inLanguage\":\"es\"}]}<\/script>\n<!-- \/ Yoast SEO plugin. -->","yoast_head_json":{"title":"Historia - River Pharma","robots":{"index":"index","follow":"follow","max-snippet":"max-snippet:-1","max-image-preview":"max-image-preview:large","max-video-preview":"max-video-preview:-1"},"canonical":"https:\/\/www.riverpharma.it\/es\/empresa\/historia\/","og_locale":"es_ES","og_type":"article","og_title":"Historia - River Pharma","og_description":"Es gracias a la visi\u00f3n empresarial que la empresa crece, posicion\u00e1ndose con firmeza en el mercado internacional. Hoy somos l\u00edderes europeos en el sector farmac\u00e9utico, hemos transformado los productos a base de \u00c1cido Hialur\u00f3nico en soluciones al servicio de m\u00e9dicos y pacientes de todo el mundo. Desde soluciones para el bienestar osteoarticular, pasando por las [&hellip;]","og_url":"https:\/\/www.riverpharma.it\/es\/empresa\/historia\/","og_site_name":"River Pharma","article_modified_time":"2022-07-05T09:18:37+00:00","og_image":[{"url":"https:\/\/www.riverpharma.it\/wp-content\/uploads\/2022\/01\/shutterstock_1990468118-1.jpg","type":"","width":"","height":""}],"twitter_card":"summary_large_image","twitter_misc":{"Tiempo de lectura":"1 minuto"},"schema":{"@context":"https:\/\/schema.org","@graph":[{"@type":"WebPage","@id":"https:\/\/www.riverpharma.it\/es\/empresa\/historia\/","url":"https:\/\/www.riverpharma.it\/es\/empresa\/historia\/","name":"Historia - River Pharma","isPartOf":{"@id":"https:\/\/www.riverpharma.it\/#website"},"primaryImageOfPage":{"@id":"https:\/\/www.riverpharma.it\/es\/empresa\/historia\/#primaryimage"},"image":{"@id":"https:\/\/www.riverpharma.it\/es\/empresa\/historia\/#primaryimage"},"thumbnailUrl":"https:\/\/www.riverpharma.it\/wp-content\/uploads\/2022\/01\/shutterstock_1990468118-1.jpg","datePublished":"2022-01-25T11:28:25+00:00","dateModified":"2022-07-05T09:18:37+00:00","breadcrumb":{"@id":"https:\/\/www.riverpharma.it\/es\/empresa\/historia\/#breadcrumb"},"inLanguage":"es","potentialAction":[{"@type":"ReadAction","target":["https:\/\/www.riverpharma.it\/es\/empresa\/historia\/"]}]},{"@type":"ImageObject","inLanguage":"es","@id":"https:\/\/www.riverpharma.it\/es\/empresa\/historia\/#primaryimage","url":"https:\/\/www.riverpharma.it\/wp-content\/uploads\/2022\/01\/shutterstock_1990468118-1.jpg","contentUrl":"https:\/\/www.riverpharma.it\/wp-content\/uploads\/2022\/01\/shutterstock_1990468118-1.jpg"},{"@type":"BreadcrumbList","@id":"https:\/\/www.riverpharma.it\/es\/empresa\/historia\/#breadcrumb","itemListElement":[{"@type":"ListItem","position":1,"name":"Home","item":"https:\/\/www.riverpharma.it\/es\/"},{"@type":"ListItem","position":2,"name":"Empresa","item":"https:\/\/www.riverpharma.it\/es\/empresa\/"},{"@type":"ListItem","position":3,"name":"Historia"}]},{"@type":"WebSite","@id":"https:\/\/www.riverpharma.it\/#website","url":"https:\/\/www.riverpharma.it\/","name":"River Pharma","description":"","potentialAction":[{"@type":"SearchAction","target":{"@type":"EntryPoint","urlTemplate":"https:\/\/www.riverpharma.it\/?s={search_term_string}"},"query-input":{"@type":"PropertyValueSpecification","valueRequired":true,"valueName":"search_term_string"}}],"inLanguage":"es"}]}},"_links":{"self":[{"href":"https:\/\/www.riverpharma.it\/es\/wp-json\/wp\/v2\/pages\/1564","targetHints":{"allow":["GET"]}}],"collection":[{"href":"https:\/\/www.riverpharma.it\/es\/wp-json\/wp\/v2\/pages"}],"about":[{"href":"https:\/\/www.riverpharma.it\/es\/wp-json\/wp\/v2\/types\/page"}],"author":[{"embeddable":true,"href":"https:\/\/www.riverpharma.it\/es\/wp-json\/wp\/v2\/users\/10"}],"replies":[{"embeddable":true,"href":"https:\/\/www.riverpharma.it\/es\/wp-json\/wp\/v2\/comments?post=1564"}],"version-history":[{"count":1,"href":"https:\/\/www.riverpharma.it\/es\/wp-json\/wp\/v2\/pages\/1564\/revisions"}],"predecessor-version":[{"id":1566,"href":"https:\/\/www.riverpharma.it\/es\/wp-json\/wp\/v2\/pages\/1564\/revisions\/1566"}],"up":[{"embeddable":true,"href":"https:\/\/www.riverpharma.it\/es\/wp-json\/wp\/v2\/pages\/1562"}],"wp:attachment":[{"href":"https:\/\/www.riverpharma.it\/es\/wp-json\/wp\/v2\/media?parent=1564"}],"curies":[{"name":"wp","href":"https:\/\/api.w.org\/{rel}","templated":true}]}}