{"id":1562,"date":"2022-01-18T11:28:13","date_gmt":"2022-01-18T11:28:13","guid":{"rendered":"https:\/\/www.riverpharma.it\/azienda\/"},"modified":"2022-07-06T16:56:33","modified_gmt":"2022-07-06T16:56:33","slug":"empresa","status":"publish","type":"page","link":"https:\/\/www.riverpharma.it\/es\/empresa\/","title":{"rendered":"Empresa"},"content":{"rendered":"<!-- Block Hero -->\n<section id=\"block_hero\" class=\"hero is-primary is-large has-background\" style=\"background-image: url('https:\/\/www.riverpharma.it\/wp-content\/uploads\/2022\/01\/hero-azienda.png');\">\n    <!-- <img decoding=\"async\" class=\"hero-background\" src=\"https:\/\/www.riverpharma.it\/wp-content\/uploads\/2022\/01\/hero-azienda.png\" alt=\"Empresa\"> -->\n    <div class=\"hero-body\">\n      <div class=\"container\">\n        <nav class=\"breadcrumb is-small\" aria-label=\"breadcrumbs\"><ul><li><a href=\"https:\/\/www.riverpharma.it\/es\/\">Home<\/a><\/li><li class=\"is-active\"><a href=\"https:\/\/www.riverpharma.it\/es\/wp-json\/wp\/v2\/pages\/1562\/\" aria-current=\"page\">Home<\/a><\/li><\/ul><\/nav>        <div class=\"columns is-align-items-end\">\n          <div class=\"column is-7\">\n            <div class=\"content\" id=\"hero-description\">\n              <h1 class=\"title is-1 has-text-ocean is-spaced\">Empresa<\/h1>\n              <p><p>River Pharma es una empresa farmac\u00e9utica italiana presente en el mercado de suplementos y dispositivos m\u00e9dicos, especializada en atenci\u00f3n a la integridad de la formulaci\u00f3n, la biodisponibilidad y la eficacia de los ingredientes activos presentes en sus productos.<\/p>\n<p>El alma de la empresa se basa en la b\u00fasqueda constante de innovaci\u00f3n para desarrollar un proyecto farmac\u00e9utico englobado en el Sector de los Complementos. Este proyecto se articula a trav\u00e9s de Protocolos que imponen rigor cient\u00edfico y metodol\u00f3gico. <\/p>\n<p>El objetivo de River Pharma es poner a disposici\u00f3n de sus interlocutores la calidad de los Productos para ayudarles a mantener ese estado de bienestar buscado por cada uno de nosotros.<\/p>\n<\/p>\n            <\/div>\n            <a href=\"javascript:void(0);\" id=\"chev-down-wrapper\" class=\"read-more\">\n              <div class=\"read-more-text-wrapper\">\n                <small id=\"read-more-text\">lee mas<\/small>\n              <\/div>\n              <svg id=\"chev-img\" width=\"72\" height=\"19\" viewBox=\"0 0 72 19\" fill=\"none\" xmlns=\"http:\/\/www.w3.org\/2000\/svg\">\n                <path d=\"M0 1H19.5L36 17.5L52.5 1H72\" stroke=\"#fff\" stroke-width=\"1\"\/>\n              <\/svg> \n            <\/a>\n          <\/div>\n        <\/div>\n      <\/div>\n    <\/div>\n<\/section>\n\n<!-- Block Content -->\n<section id=\"block_content\" class=\"section is-medium\">\n    <div class=\"container\">\n        <div class=\"columns is-flex-wrap-wrap\">\n            \n<div class=\"column is-half header-page\">\n    <div class=\"boximg\">\n        <a href=\"\/es\/empresa\/historia\/\">\n            <article>\n                <img decoding=\"async\" src=\"https:\/\/www.riverpharma.it\/wp-content\/uploads\/2022\/01\/storia-1.png\" alt=\"Historia\">\n                <div class=\"content\">\n                    <h2 class=\"title is-2 has-text-white\">Historia<\/h2>\n                <\/div>\n            <\/article>\n        <\/a>\n    <\/div>\n<\/div>\n\n<div class=\"column is-half header-page\">\n    <div class=\"boximg\">\n        <a href=\"\/es\/empresa\/personas\/\">\n            <article>\n                <img decoding=\"async\" src=\"https:\/\/www.riverpharma.it\/wp-content\/uploads\/2022\/01\/people.png\" alt=\"Personas\">\n                <div class=\"content\">\n                    <h2 class=\"title is-2 has-text-white\">Personas<\/h2>\n                <\/div>\n            <\/article>\n        <\/a>\n    <\/div>\n<\/div>\n\n<div class=\"column is-half header-page\">\n    <div class=\"boximg\">\n        <a href=\"\/es\/empresa\/mision-y-valores\/\">\n            <article>\n                <img decoding=\"async\" src=\"https:\/\/www.riverpharma.it\/wp-content\/uploads\/2022\/01\/mission.png\" alt=\"Misi\u00f3n y valores\">\n                <div class=\"content\">\n                    <h2 class=\"title is-2 has-text-white\">Misi\u00f3n y valores<\/h2>\n                <\/div>\n            <\/article>\n        <\/a>\n    <\/div>\n<\/div>\n\n<div class=\"column is-half header-page\">\n    <div class=\"boximg\">\n        <a href=\"\/es\/empresa\/innovacion-y-calidad\/\">\n            <article>\n                <img decoding=\"async\" src=\"https:\/\/www.riverpharma.it\/wp-content\/uploads\/2022\/02\/Group-166.png\" alt=\"Innovaci\u00f3n y calidad\">\n                <div class=\"content\">\n                    <h2 class=\"title is-2 has-text-white\">Innovaci\u00f3n y calidad<\/h2>\n                <\/div>\n            <\/article>\n        <\/a>\n    <\/div>\n<\/div>\n\n<div class=\"column is-half header-page\">\n    <div class=\"boximg\">\n        <a href=\"\/es\/empresa\/investigacion-y-desarrollo\/\">\n            <article>\n                <img decoding=\"async\" src=\"https:\/\/www.riverpharma.it\/wp-content\/uploads\/2022\/02\/Group-165.png\" alt=\"Investigaci\u00f3n y Desarrollo\">\n                <div class=\"content\">\n                    <h2 class=\"title is-2 has-text-white\">Investigaci\u00f3n y Desarrollo<\/h2>\n                <\/div>\n            <\/article>\n        <\/a>\n    <\/div>\n<\/div>\n\n<div class=\"column is-half header-page\">\n    <div class=\"boximg\">\n        <a href=\"\/es\/empresa\/publicaciones\/\">\n            <article>\n                <img decoding=\"async\" src=\"https:\/\/www.riverpharma.it\/wp-content\/uploads\/2022\/02\/Group-167.png\" alt=\"Publicaciones\">\n                <div class=\"content\">\n                    <h2 class=\"title is-2 has-text-white\">Publicaciones<\/h2>\n                <\/div>\n            <\/article>\n        <\/a>\n    <\/div>\n<\/div>\n\n<div class=\"column is-half header-page\">\n    <div class=\"boximg\">\n        <a href=\"\/es\/empresa\/responsabilidad-social\/\">\n            <article>\n                <img decoding=\"async\" src=\"https:\/\/www.riverpharma.it\/wp-content\/uploads\/2022\/02\/Group-168.png\" alt=\"Responsabilidad Social\">\n                <div class=\"content\">\n                    <h2 class=\"title is-2 has-text-white\">Responsabilidad Social<\/h2>\n                <\/div>\n            <\/article>\n        <\/a>\n    <\/div>\n<\/div>\n\n<div class=\"column is-half header-page\">\n    <div class=\"boximg\">\n        <a href=\"\/es\/empresa\/laboratorios\/\">\n            <article>\n                <img decoding=\"async\" src=\"https:\/\/www.riverpharma.it\/wp-content\/uploads\/2022\/02\/Group-169.png\" alt=\"Laboratorios River Pharma\">\n                <div class=\"content\">\n                    <h2 class=\"title is-2 has-text-white\">Laboratorios River Pharma<\/h2>\n                <\/div>\n            <\/article>\n        <\/a>\n    <\/div>\n<\/div>\n        <\/div>\n    <\/div>\n<\/section>\n<!-- \/ Block Content -->","protected":false},"excerpt":{"rendered":"","protected":false},"author":10,"featured_media":0,"parent":0,"menu_order":0,"comment_status":"closed","ping_status":"closed","template":"fullwidth-theme.php","meta":{"_acf_changed":false,"footnotes":""},"class_list":["post-1562","page","type-page","status-publish","hentry"],"acf":[],"yoast_head":"<!-- This site is optimized with the Yoast SEO plugin v27.4 - https:\/\/yoast.com\/product\/yoast-seo-wordpress\/ -->\n<title>Empresa - River Pharma<\/title>\n<meta name=\"robots\" content=\"index, follow, max-snippet:-1, max-image-preview:large, max-video-preview:-1\" \/>\n<link rel=\"canonical\" href=\"https:\/\/www.riverpharma.it\/es\/empresa\/\" \/>\n<meta property=\"og:locale\" content=\"es_ES\" \/>\n<meta property=\"og:type\" content=\"article\" \/>\n<meta property=\"og:title\" content=\"Empresa - River Pharma\" \/>\n<meta property=\"og:url\" content=\"https:\/\/www.riverpharma.it\/es\/empresa\/\" \/>\n<meta property=\"og:site_name\" content=\"River Pharma\" \/>\n<meta property=\"article:modified_time\" content=\"2022-07-06T16:56:33+00:00\" \/>\n<meta name=\"twitter:card\" content=\"summary_large_image\" \/>\n<script type=\"application\/ld+json\" class=\"yoast-schema-graph\">{\"@context\":\"https:\\\/\\\/schema.org\",\"@graph\":[{\"@type\":\"WebPage\",\"@id\":\"https:\\\/\\\/www.riverpharma.it\\\/es\\\/empresa\\\/\",\"url\":\"https:\\\/\\\/www.riverpharma.it\\\/es\\\/empresa\\\/\",\"name\":\"Empresa - River Pharma\",\"isPartOf\":{\"@id\":\"https:\\\/\\\/www.riverpharma.it\\\/#website\"},\"datePublished\":\"2022-01-18T11:28:13+00:00\",\"dateModified\":\"2022-07-06T16:56:33+00:00\",\"breadcrumb\":{\"@id\":\"https:\\\/\\\/www.riverpharma.it\\\/es\\\/empresa\\\/#breadcrumb\"},\"inLanguage\":\"es\",\"potentialAction\":[{\"@type\":\"ReadAction\",\"target\":[\"https:\\\/\\\/www.riverpharma.it\\\/es\\\/empresa\\\/\"]}]},{\"@type\":\"BreadcrumbList\",\"@id\":\"https:\\\/\\\/www.riverpharma.it\\\/es\\\/empresa\\\/#breadcrumb\",\"itemListElement\":[{\"@type\":\"ListItem\",\"position\":1,\"name\":\"Home\",\"item\":\"https:\\\/\\\/www.riverpharma.it\\\/es\\\/\"},{\"@type\":\"ListItem\",\"position\":2,\"name\":\"Empresa\"}]},{\"@type\":\"WebSite\",\"@id\":\"https:\\\/\\\/www.riverpharma.it\\\/#website\",\"url\":\"https:\\\/\\\/www.riverpharma.it\\\/\",\"name\":\"River Pharma\",\"description\":\"\",\"potentialAction\":[{\"@type\":\"SearchAction\",\"target\":{\"@type\":\"EntryPoint\",\"urlTemplate\":\"https:\\\/\\\/www.riverpharma.it\\\/?s={search_term_string}\"},\"query-input\":{\"@type\":\"PropertyValueSpecification\",\"valueRequired\":true,\"valueName\":\"search_term_string\"}}],\"inLanguage\":\"es\"}]}<\/script>\n<!-- \/ Yoast SEO plugin. -->","yoast_head_json":{"title":"Empresa - River Pharma","robots":{"index":"index","follow":"follow","max-snippet":"max-snippet:-1","max-image-preview":"max-image-preview:large","max-video-preview":"max-video-preview:-1"},"canonical":"https:\/\/www.riverpharma.it\/es\/empresa\/","og_locale":"es_ES","og_type":"article","og_title":"Empresa - River Pharma","og_url":"https:\/\/www.riverpharma.it\/es\/empresa\/","og_site_name":"River Pharma","article_modified_time":"2022-07-06T16:56:33+00:00","twitter_card":"summary_large_image","schema":{"@context":"https:\/\/schema.org","@graph":[{"@type":"WebPage","@id":"https:\/\/www.riverpharma.it\/es\/empresa\/","url":"https:\/\/www.riverpharma.it\/es\/empresa\/","name":"Empresa - River Pharma","isPartOf":{"@id":"https:\/\/www.riverpharma.it\/#website"},"datePublished":"2022-01-18T11:28:13+00:00","dateModified":"2022-07-06T16:56:33+00:00","breadcrumb":{"@id":"https:\/\/www.riverpharma.it\/es\/empresa\/#breadcrumb"},"inLanguage":"es","potentialAction":[{"@type":"ReadAction","target":["https:\/\/www.riverpharma.it\/es\/empresa\/"]}]},{"@type":"BreadcrumbList","@id":"https:\/\/www.riverpharma.it\/es\/empresa\/#breadcrumb","itemListElement":[{"@type":"ListItem","position":1,"name":"Home","item":"https:\/\/www.riverpharma.it\/es\/"},{"@type":"ListItem","position":2,"name":"Empresa"}]},{"@type":"WebSite","@id":"https:\/\/www.riverpharma.it\/#website","url":"https:\/\/www.riverpharma.it\/","name":"River Pharma","description":"","potentialAction":[{"@type":"SearchAction","target":{"@type":"EntryPoint","urlTemplate":"https:\/\/www.riverpharma.it\/?s={search_term_string}"},"query-input":{"@type":"PropertyValueSpecification","valueRequired":true,"valueName":"search_term_string"}}],"inLanguage":"es"}]}},"_links":{"self":[{"href":"https:\/\/www.riverpharma.it\/es\/wp-json\/wp\/v2\/pages\/1562","targetHints":{"allow":["GET"]}}],"collection":[{"href":"https:\/\/www.riverpharma.it\/es\/wp-json\/wp\/v2\/pages"}],"about":[{"href":"https:\/\/www.riverpharma.it\/es\/wp-json\/wp\/v2\/types\/page"}],"author":[{"embeddable":true,"href":"https:\/\/www.riverpharma.it\/es\/wp-json\/wp\/v2\/users\/10"}],"replies":[{"embeddable":true,"href":"https:\/\/www.riverpharma.it\/es\/wp-json\/wp\/v2\/comments?post=1562"}],"version-history":[{"count":5,"href":"https:\/\/www.riverpharma.it\/es\/wp-json\/wp\/v2\/pages\/1562\/revisions"}],"predecessor-version":[{"id":1762,"href":"https:\/\/www.riverpharma.it\/es\/wp-json\/wp\/v2\/pages\/1562\/revisions\/1762"}],"wp:attachment":[{"href":"https:\/\/www.riverpharma.it\/es\/wp-json\/wp\/v2\/media?parent=1562"}],"curies":[{"name":"wp","href":"https:\/\/api.w.org\/{rel}","templated":true}]}}