{"id":1549,"date":"2021-12-21T10:39:11","date_gmt":"2021-12-21T10:39:11","guid":{"rendered":"https:\/\/www.riverpharma.it\/privacy-policy\/"},"modified":"2022-07-07T09:03:40","modified_gmt":"2022-07-07T09:03:40","slug":"privacy-policy","status":"publish","type":"page","link":"https:\/\/www.riverpharma.it\/es\/privacy-policy\/","title":{"rendered":"Privacy Policy"},"content":{"rendered":"<!-- Block Focus On -->\n<section id=\"block_focuson\" class=\"hero is-primary is-fullheight has-background \">\n  <img decoding=\"async\" class=\"hero-background\" src=\"https:\/\/www.riverpharma.it\/wp-content\/uploads\/2022\/02\/Group-78-2.jpg\" alt=\"Privacy Policy\">\n  <div class=\"hero-body\">\n    <div class=\"container is-max-widescreen\">\n      <div class=\"columns\">\n        <div class=\"column is-4 content\">\n          <h2 class=\"title is-2 has-text-white\">Privacy Policy<\/h2>\n          <p><\/p>\n          <a class=\"link has-text-link-light\" href=\"\"><\/a>\n        <\/div>\n      <\/div>\n    <\/div>\n  <\/div>\n<\/section>\n\n\n<div class=\"wp-block-columns is-layout-flex wp-container-core-columns-is-layout-9d6595d7 wp-block-columns-is-layout-flex\">\n<div class=\"wp-block-column is-layout-flow wp-block-column-is-layout-flow\">\n<h2 class=\"wp-block-heading\" style=\"font-size:25px\">Informaci\u00f3n facilitada de conformidad con el art\u00edculo 13 del Reglamento UE 2016\/679 (en adelante RGPD)<\/h2>\n\n\n\n<p><br><strong>Informaci\u00f3n general<\/strong><br>Se informa a los interesados \u200b\u200b(de conformidad con el art\u00edculo 4, apartado 1 del RGPD) de los siguientes perfiles generales, v\u00e1lidos para todas las \u00e1reas de tratamiento:<\/p>\n\n\n\n<ul class=\"wp-block-list\"><li>todos los datos se procesan de manera l\u00edcita, correcta y transparente hacia el interesado, de conformidad con los principios generales establecidos en el art\u00edculo 5 del RGPD;<\/li><li>se observan medidas de seguridad espec\u00edficas para evitar la p\u00e9rdida de datos, usos il\u00edcitos o incorrectos y accesos no autorizados.<\/li><\/ul>\n\n\n\n<p><br><strong>Referencias y derechos de los interesados<\/strong><br>El Controlador de datos es la Empresa abajo firmante, en la persona del representante legal pro-tempore, a quien es posible contactar para ejercer todos los derechos previstos por los art\u00edculos 15-21 del RGPD (derecho de acceso, rectificaci\u00f3n, cancelaci\u00f3n, limitaci\u00f3n, portabilidad, oposici\u00f3n), as\u00ed como revocar el consentimiento previamente otorgado; en caso de no respuesta a sus solicitudes, los interesados \u200b\u200bpueden presentar una reclamaci\u00f3n ante la autoridad de control para la protecci\u00f3n de datos personales (RGPD &#8211; Art\u00edculo 13, p\u00e1rrafo 2, letra d).<\/p>\n\n\n\n<p><br><strong>Detalles de contacto<\/strong><br>Direcci\u00f3n: V\u00eda Roma 32<br>Tel\u00e9fono: 0377-805107 &#8211; Correo electr\u00f3nico: info@riverpharma.it<\/p>\n\n\n\n<p>A continuaci\u00f3n se proporciona la siguiente informaci\u00f3n espec\u00edfica:<br>1) procesamiento de datos relacionados con el funcionamiento del sitio<br>2) procesamiento de datos de los clientes \/ proveedores del Controlador<\/p>\n\n\n\n<div style=\"height:50px\" aria-hidden=\"true\" class=\"wp-block-spacer\"><\/div>\n\n\n\n<h2 class=\"wp-block-heading\" style=\"font-size:25px\">1) Procesamiento de datos relacionados con el funcionamiento de este sitio<\/h2>\n\n\n\n<p><br><strong>1.1 Datos de navegaci\u00f3n<\/strong><br>Los sistemas inform\u00e1ticos y los procedimientos de software utilizados para operar este sitio web adquieren, durante su funcionamiento normal, algunos datos personales cuya transmisi\u00f3n est\u00e1 impl\u00edcita en el uso de los protocolos de comunicaci\u00f3n de Internet. Se trata de informaci\u00f3n que no se recoge para asociarla a interesados \u200b\u200bidentificados, pero que por su propia naturaleza podr\u00eda, mediante el tratamiento y asociaci\u00f3n con datos en poder de terceros, permitir la identificaci\u00f3n de los usuarios. Esta categor\u00eda de datos incluye las direcciones IP o nombres de dominio de las computadoras utilizadas por los usuarios que se conectan al sitio, las direcciones URI (Uniform Resource Identifier) \u200b\u200bde los recursos solicitados, la hora de la solicitud, el m\u00e9todo utilizado para enviar el solicitud al servidor, el tama\u00f1o del archivo obtenido como respuesta, el c\u00f3digo num\u00e9rico que indica el estado de la respuesta dada por el servidor (\u00e9xito, error, etc.) y otros par\u00e1metros relacionados con el sistema operativo y el entorno inform\u00e1tico del usuario.<\/p>\n\n\n\n<p><\/p>\n\n\n\n<p><br><strong>Prop\u00f3sito y base legal del procesamiento <\/strong>(GDPR-Art\u00edculo 13, p\u00e1rrafo 1, letra c)<br>Estos datos se utilizan con el \u00fanico fin de obtener informaci\u00f3n estad\u00edstica an\u00f3nima sobre el uso del sitio y comprobar su correcto funcionamiento. Los datos tambi\u00e9n podr\u00edan utilizarse para determinar responsabilidades en caso de hipot\u00e9ticos delitos inform\u00e1ticos contra el sitio (intereses leg\u00edtimos del titular).<\/p>\n\n\n\n<p><\/p>\n\n\n\n<p><br><strong>Alcance de la comunicaci\u00f3n<\/strong> (GDPR-Art\u00edculo 13, p\u00e1rrafo 1, letra e, f)<br>Los datos pueden ser tratados exclusivamente por personal interno, debidamente autorizado y formado en el tratamiento (GDPR-Art.29) o por cualquier responsable del mantenimiento de la plataforma web (designados en este caso gestores externos) y no ser\u00e1n cedidos a otras materias, difundidas o transferidas a pa\u00edses no comunitarios. S\u00f3lo en caso de investigaci\u00f3n podr\u00e1n ponerse a disposici\u00f3n de las autoridades competentes.<\/p>\n\n\n\n<p><\/p>\n\n\n\n<p><br><strong>Plazo de conservaci\u00f3n de los datos<\/strong> (RGPD-Art\u00edculo 13, apartado 2, letra a)<br>Los datos generalmente se conservan por per\u00edodos cortos de tiempo, con la excepci\u00f3n de cualquier extensi\u00f3n relacionada con actividades de investigaci\u00f3n. Contribuci\u00f3n (RGPD-Art\u00edculo 13, p\u00e1rrafo 2, letra f)<\/p>\n\n\n\n<p>Los datos no son proporcionados por el interesado sino adquiridos autom\u00e1ticamente por los sistemas tecnol\u00f3gicos del sitio.<\/p>\n\n\n\n<p><br><strong>1.2 Galletas<\/strong><br>Para informaci\u00f3n espec\u00edfica, puede consultar la pol\u00edtica de cookies:<\/p>\n\n\n\n<p><br><strong>1.3 Funciones espec\u00edficas del sitio<\/strong><br>Algunas p\u00e1ginas del sitio pueden implicar la solicitud de informaci\u00f3n del navegante en relaci\u00f3n con servicios espec\u00edficos (por ejemplo: solicitar informaci\u00f3n, registro de usuario, trabajar con nosotros, etc.).<\/p>\n\n\n\n<p><br><strong>Prop\u00f3sito y base legal del procesamiento<\/strong> (GDPR-Art\u00edculo 13, p\u00e1rrafo 1, letra c)<br>\u00danicamente se solicitar\u00e1n los datos necesarios para la correcta prestaci\u00f3n del servicio y necesarios para dar una respuesta correcta y exhaustiva a los interesados. El procesamiento est\u00e1 sujeto a la aceptaci\u00f3n del consentimiento espec\u00edfico, libre e informado (GDPR-Art\u00edculo 6, p\u00e1rrafo 1, letra a)<\/p>\n\n\n\n<p><br><strong>Alcance de la comunicaci\u00f3n<\/strong> (GDPR-Art\u00edculo 13, p\u00e1rrafo 1, letra e, f)<br>Los datos son tratados exclusivamente por personal debidamente autorizado y formado (GDPR-Art.29) o por cualquier responsable de mantenimiento de la plataforma web (designados en este caso gestores externos). Los datos no ser\u00e1n difundidos ni transferidos a pa\u00edses no comunitarios.<\/p>\n\n\n\n<p><br><strong>Plazo de conservaci\u00f3n de los datos<\/strong> (RGPD-Art\u00edculo 13, apartado 2, letra a)<br>Los datos se conservan durante tiempos compatibles con la finalidad de la recogida<\/p>\n\n\n\n<p><br><strong>Contribuci\u00f3n <\/strong>(RGPD-Art\u00edculo 13, p\u00e1rrafo 2, letra f)<br>La aportaci\u00f3n de los datos relativos a los campos obligatorios es necesaria para obtener una respuesta, mientras que los campos opcionales tienen como finalidad proporcionar al personal otros elementos \u00fatiles para facilitar el contacto.<\/p>\n\n\n\n<p><br><strong>1.4 Datos facilitados voluntariamente por el usuario<\/strong><br>El env\u00edo facultativo, expl\u00edcito y voluntario de correo electr\u00f3nico y\/o ordinario a las direcciones indicadas en este sitio conlleva la adquisici\u00f3n posterior de la direcci\u00f3n del remitente, necesaria para responder a las solicitudes, as\u00ed como de cualquier otro dato personal incluido en el mensaje. Si el remitente env\u00eda su CV para presentar su candidatura profesional, sigue siendo el \u00fanico responsable de la pertinencia y exactitud de los datos enviados. Cabe se\u00f1alar que cualquier plan de estudios sin autorizaci\u00f3n para procesar datos ser\u00e1 eliminado de inmediato.<\/p>\n<\/div>\n<\/div>\n","protected":false},"excerpt":{"rendered":"<p>Informaci\u00f3n facilitada de conformidad con el art\u00edculo 13 del Reglamento UE 2016\/679 (en adelante RGPD) Informaci\u00f3n generalSe informa a los interesados \u200b\u200b(de conformidad con el art\u00edculo 4, apartado 1 del RGPD) de los siguientes perfiles generales, v\u00e1lidos para todas las \u00e1reas de tratamiento: todos los datos se procesan de manera l\u00edcita, correcta y transparente hacia [&hellip;]<\/p>\n","protected":false},"author":10,"featured_media":0,"parent":0,"menu_order":0,"comment_status":"closed","ping_status":"open","template":"page-theme.php","meta":{"_acf_changed":false,"footnotes":""},"class_list":["post-1549","page","type-page","status-publish","hentry"],"acf":[],"yoast_head":"<!-- This site is optimized with the Yoast SEO plugin v27.4 - https:\/\/yoast.com\/product\/yoast-seo-wordpress\/ -->\n<title>Privacy Policy - River Pharma<\/title>\n<meta name=\"robots\" content=\"index, follow, max-snippet:-1, max-image-preview:large, max-video-preview:-1\" \/>\n<link rel=\"canonical\" href=\"https:\/\/www.riverpharma.it\/es\/privacy-policy\/\" \/>\n<meta property=\"og:locale\" content=\"es_ES\" \/>\n<meta property=\"og:type\" content=\"article\" \/>\n<meta property=\"og:title\" content=\"Privacy Policy - River Pharma\" \/>\n<meta property=\"og:description\" content=\"Informaci\u00f3n facilitada de conformidad con el art\u00edculo 13 del Reglamento UE 2016\/679 (en adelante RGPD) Informaci\u00f3n generalSe informa a los interesados \u200b\u200b(de conformidad con el art\u00edculo 4, apartado 1 del RGPD) de los siguientes perfiles generales, v\u00e1lidos para todas las \u00e1reas de tratamiento: todos los datos se procesan de manera l\u00edcita, correcta y transparente hacia [&hellip;]\" \/>\n<meta property=\"og:url\" content=\"https:\/\/www.riverpharma.it\/es\/privacy-policy\/\" \/>\n<meta property=\"og:site_name\" content=\"River Pharma\" \/>\n<meta property=\"article:modified_time\" content=\"2022-07-07T09:03:40+00:00\" \/>\n<meta name=\"twitter:card\" content=\"summary_large_image\" \/>\n<meta name=\"twitter:label1\" content=\"Tiempo de lectura\" \/>\n\t<meta name=\"twitter:data1\" content=\"5 minutos\" \/>\n<script type=\"application\/ld+json\" class=\"yoast-schema-graph\">{\"@context\":\"https:\\\/\\\/schema.org\",\"@graph\":[{\"@type\":\"WebPage\",\"@id\":\"https:\\\/\\\/www.riverpharma.it\\\/es\\\/privacy-policy\\\/\",\"url\":\"https:\\\/\\\/www.riverpharma.it\\\/es\\\/privacy-policy\\\/\",\"name\":\"Privacy Policy - River Pharma\",\"isPartOf\":{\"@id\":\"https:\\\/\\\/www.riverpharma.it\\\/#website\"},\"datePublished\":\"2021-12-21T10:39:11+00:00\",\"dateModified\":\"2022-07-07T09:03:40+00:00\",\"breadcrumb\":{\"@id\":\"https:\\\/\\\/www.riverpharma.it\\\/es\\\/privacy-policy\\\/#breadcrumb\"},\"inLanguage\":\"es\",\"potentialAction\":[{\"@type\":\"ReadAction\",\"target\":[\"https:\\\/\\\/www.riverpharma.it\\\/es\\\/privacy-policy\\\/\"]}]},{\"@type\":\"BreadcrumbList\",\"@id\":\"https:\\\/\\\/www.riverpharma.it\\\/es\\\/privacy-policy\\\/#breadcrumb\",\"itemListElement\":[{\"@type\":\"ListItem\",\"position\":1,\"name\":\"Home\",\"item\":\"https:\\\/\\\/www.riverpharma.it\\\/es\\\/\"},{\"@type\":\"ListItem\",\"position\":2,\"name\":\"Privacy Policy\"}]},{\"@type\":\"WebSite\",\"@id\":\"https:\\\/\\\/www.riverpharma.it\\\/#website\",\"url\":\"https:\\\/\\\/www.riverpharma.it\\\/\",\"name\":\"River Pharma\",\"description\":\"\",\"potentialAction\":[{\"@type\":\"SearchAction\",\"target\":{\"@type\":\"EntryPoint\",\"urlTemplate\":\"https:\\\/\\\/www.riverpharma.it\\\/?s={search_term_string}\"},\"query-input\":{\"@type\":\"PropertyValueSpecification\",\"valueRequired\":true,\"valueName\":\"search_term_string\"}}],\"inLanguage\":\"es\"}]}<\/script>\n<!-- \/ Yoast SEO plugin. -->","yoast_head_json":{"title":"Privacy Policy - River Pharma","robots":{"index":"index","follow":"follow","max-snippet":"max-snippet:-1","max-image-preview":"max-image-preview:large","max-video-preview":"max-video-preview:-1"},"canonical":"https:\/\/www.riverpharma.it\/es\/privacy-policy\/","og_locale":"es_ES","og_type":"article","og_title":"Privacy Policy - River Pharma","og_description":"Informaci\u00f3n facilitada de conformidad con el art\u00edculo 13 del Reglamento UE 2016\/679 (en adelante RGPD) Informaci\u00f3n generalSe informa a los interesados \u200b\u200b(de conformidad con el art\u00edculo 4, apartado 1 del RGPD) de los siguientes perfiles generales, v\u00e1lidos para todas las \u00e1reas de tratamiento: todos los datos se procesan de manera l\u00edcita, correcta y transparente hacia [&hellip;]","og_url":"https:\/\/www.riverpharma.it\/es\/privacy-policy\/","og_site_name":"River Pharma","article_modified_time":"2022-07-07T09:03:40+00:00","twitter_card":"summary_large_image","twitter_misc":{"Tiempo de lectura":"5 minutos"},"schema":{"@context":"https:\/\/schema.org","@graph":[{"@type":"WebPage","@id":"https:\/\/www.riverpharma.it\/es\/privacy-policy\/","url":"https:\/\/www.riverpharma.it\/es\/privacy-policy\/","name":"Privacy Policy - River Pharma","isPartOf":{"@id":"https:\/\/www.riverpharma.it\/#website"},"datePublished":"2021-12-21T10:39:11+00:00","dateModified":"2022-07-07T09:03:40+00:00","breadcrumb":{"@id":"https:\/\/www.riverpharma.it\/es\/privacy-policy\/#breadcrumb"},"inLanguage":"es","potentialAction":[{"@type":"ReadAction","target":["https:\/\/www.riverpharma.it\/es\/privacy-policy\/"]}]},{"@type":"BreadcrumbList","@id":"https:\/\/www.riverpharma.it\/es\/privacy-policy\/#breadcrumb","itemListElement":[{"@type":"ListItem","position":1,"name":"Home","item":"https:\/\/www.riverpharma.it\/es\/"},{"@type":"ListItem","position":2,"name":"Privacy Policy"}]},{"@type":"WebSite","@id":"https:\/\/www.riverpharma.it\/#website","url":"https:\/\/www.riverpharma.it\/","name":"River Pharma","description":"","potentialAction":[{"@type":"SearchAction","target":{"@type":"EntryPoint","urlTemplate":"https:\/\/www.riverpharma.it\/?s={search_term_string}"},"query-input":{"@type":"PropertyValueSpecification","valueRequired":true,"valueName":"search_term_string"}}],"inLanguage":"es"}]}},"_links":{"self":[{"href":"https:\/\/www.riverpharma.it\/es\/wp-json\/wp\/v2\/pages\/1549","targetHints":{"allow":["GET"]}}],"collection":[{"href":"https:\/\/www.riverpharma.it\/es\/wp-json\/wp\/v2\/pages"}],"about":[{"href":"https:\/\/www.riverpharma.it\/es\/wp-json\/wp\/v2\/types\/page"}],"author":[{"embeddable":true,"href":"https:\/\/www.riverpharma.it\/es\/wp-json\/wp\/v2\/users\/10"}],"replies":[{"embeddable":true,"href":"https:\/\/www.riverpharma.it\/es\/wp-json\/wp\/v2\/comments?post=1549"}],"version-history":[{"count":5,"href":"https:\/\/www.riverpharma.it\/es\/wp-json\/wp\/v2\/pages\/1549\/revisions"}],"predecessor-version":[{"id":1789,"href":"https:\/\/www.riverpharma.it\/es\/wp-json\/wp\/v2\/pages\/1549\/revisions\/1789"}],"wp:attachment":[{"href":"https:\/\/www.riverpharma.it\/es\/wp-json\/wp\/v2\/media?parent=1549"}],"curies":[{"name":"wp","href":"https:\/\/api.w.org\/{rel}","templated":true}]}}